{"id":814,"date":"2018-09-03T18:06:49","date_gmt":"2018-09-03T16:06:49","guid":{"rendered":"http:\/\/jkmgryf.stronazen.pl\/gryf\/?page_id=814"},"modified":"2018-10-10T21:04:27","modified_gmt":"2018-10-10T19:04:27","slug":"regaty-90-lecia-jkm-gryf","status":"publish","type":"page","link":"http:\/\/jkmgryf.stronazen.pl\/gryf\/aktualnosci\/wydarzenia\/regaty-90-lecia-jkm-gryf\/","title":{"rendered":"Regaty 90-lecia JKM Gryf"},"content":{"rendered":"<p>Do regat, przez formularz zg\u0142oszeniowy, zg\u0142osi\u0142y si\u0119 a\u017c 22 jachty. Jak to jednak bywa z d\u0142ugimi regatami, nie wszyscy wystartowali. Pewnie dlatego, \u017ce jak regat w sezonie jest tak du\u017co, to z cz\u0119\u015bci czasami trzeba zrezygnowa\u0107. Czemu z tych akurat? Bo nie s\u0105 tak popularne medialnie, bo nie s\u0105 klasyfikowane w r\u00f3\u017cnych pucharach, bo&#8230; to i owo.<\/p>\n<p>Trasa by\u0142a powt\u00f3rzeniem trasy regat sprzed 10 ju\u017c lat (wtedy to by\u0142a cz\u0119\u015b\u0107 dla jacht\u00f3w du\u017cych), czyli tradycja ju\u017c d\u0142uga a i pomys\u0142 &#8220;gryfowy&#8221;. Patrz\u0105c od strony za\u0142\u00f3g, by\u0142y to pierwsze od dawna regaty ze spokojn\u0105 pogod\u0105, wr\u0119cz momentami za spokojn\u0105.<\/p>\n<p>&nbsp;<\/p>\n<p><img loading=\"lazy\" class=\" wp-image-985 aligncenter\" src=\"http:\/\/jkmgryf.stronazen.pl\/gryf\/wp-content\/uploads\/2018\/09\/90lecie-1024x669.jpg\" alt=\"\" width=\"762\" height=\"498\" srcset=\"http:\/\/jkmgryf.stronazen.pl\/gryf\/wp-content\/uploads\/2018\/09\/90lecie-1024x669.jpg 1024w, http:\/\/jkmgryf.stronazen.pl\/gryf\/wp-content\/uploads\/2018\/09\/90lecie-300x196.jpg 300w, http:\/\/jkmgryf.stronazen.pl\/gryf\/wp-content\/uploads\/2018\/09\/90lecie-768x501.jpg 768w, http:\/\/jkmgryf.stronazen.pl\/gryf\/wp-content\/uploads\/2018\/09\/90lecie.jpg 1233w\" sizes=\"(max-width: 762px) 100vw, 762px\" \/><\/p>\n<p>&nbsp;<\/p>\n<p>Ale zacznijmy od pocz\u0105tku. Start komisja ustawi\u0142a do\u015b\u0107 dziwnie, bo bardzo blisko falochronu z Akwarium Gdy\u0144skim. Start by\u0142 korzystny przy pinie, ale trudno to by\u0142o maksymalnie wykorzysta\u0107. S\u0142aby wiatr i hals\u00f3wka przez Zatok\u0119 do Helu. Dopiero za Helem da\u0142o si\u0119 postawi\u0107 spinakera, ale na do\u015b\u0107 ostrym baksztagu. Takie warunki trwa\u0142y do\u015b\u0107 d\u0142ugo, dopiero po wielu godzinach wiatr zel\u017ca\u0142 i lekko si\u0119 wype\u0142ni\u0142. \u017begluga dalej by\u0142a bardzo spokojna. Pod wiecz\u00f3r nast\u0119pnego dnia wszystkie jachty by\u0142y ju\u017c za znakiem zwrotnym, czyli za Oland Sodra Grund pod Olandi\u0105. Wygl\u0105da\u0142o tak, \u017ce dla czo\u0142\u00f3wki wiatr os\u0142ab\u0142 i peleton zmniejszy\u0142 r\u00f3\u017cnic\u0119 do jacht\u00f3w szybszych. Po stawie bajdewind, kt\u00f3ry wcale nie wyprowadza\u0142 jachty pod Hel, ale pod Stilo. I chyba wszystkie jachty tak pop\u0142yn\u0119\u0142y, bez kombinacji ze zwrotem na wsch\u00f3d. A co za\u0142ogi czeka\u0142o pod polskim brzegiem? To zale\u017cy, o kt\u00f3rej godzinie. Albo cisza, albo chwilowo silniejszy wiatr. Tak czy owak, by\u0142o pod wiatr. Druga cisza spotka\u0142a cz\u0119\u015b\u0107 jacht\u00f3w pod Rozewiem (to grupa \u015brodkowa) i wtedy zn\u00f3w kilka jacht\u00f3w si\u0119 zjecha\u0142o ze sob\u0105. Powolna \u017cegluga do Helu m\u0119czy\u0142a chyba wszystkich, bo i te najwi\u0119ksze i te \u015brednie (w sensie pr\u0119dko\u015bci). Wtedy te\u017c wycofa\u0142y si\u0119 z regat dwa jachty. Potem Zatoka zatrzyma\u0142a przed met\u0105 Hadara, p\u00f3\u017aniej na \u015brodku S\u0142oniego i Oceann\u0119, a przy samym Helu Czarodziejk\u0119 i Four Winds. Za to jachty na ko\u0144cu stawki doczeka\u0142y si\u0119 w ko\u0144cu silnego, zachodniego wiatru i na jego skrzyd\u0142ach nadrobi\u0142y sporo czasu.<\/p>\n<p>Regaty wymaga\u0142y sporo wysi\u0142ku, pilnowania pr\u0119dko\u015bci na r\u00f3\u017cnych kursach. Uczestnik\u00f3w deszcz zmoczy\u0142 dopiero na Zatoce, a i to niezbyt mocno.<\/p>\n<p>&nbsp;<\/p>\n<p><a href=\"http:\/\/rembiewski-sloni.simplesite.com\/436366475\/6101769\/posting\/i-po-regatach\" target=\"_blank\" rel=\"noopener\">relacja z pok\u0142adu s\/y &#8220;Sloni&#8221;<\/a><\/p>\n<p><a href=\"http:\/\/zpokladu.pl\/glowna\/relacje\/relacja_2018_90lecia.html\" target=\"_blank\" rel=\"noopener\">relacja z pok\u0142adu s\/y &#8220;Czarodziejka&#8221;<\/a><\/p>\n<hr \/>\n<p>WYNIKI REGAT:<\/p>\n<p><a href=\"http:\/\/jkmgryf.stronazen.pl\/gryf\/aktualnosci\/wydarzenia\/regaty-90-lecia-jkm-gryf\/regaty-90lecia-lista-startowa\/\">lista startowa<\/a><\/p>\n<p><a href=\"http:\/\/jkmgryf.stronazen.pl\/gryf\/aktualnosci\/wydarzenia\/regaty-90-lecia-jkm-gryf\/regaty-90-lecia-grupa-orc\/\">Grupa ORC<\/a><\/p>\n<p><a href=\"http:\/\/jkmgryf.stronazen.pl\/gryf\/aktualnosci\/wydarzenia\/regaty-90-lecia-jkm-gryf\/regaty-90-lecia-grupa-kwr\/\">Grupa KWR<\/a><\/p>\n<p><a href=\"http:\/\/jkmgryf.stronazen.pl\/gryf\/aktualnosci\/wydarzenia\/regaty-90-lecia-jkm-gryf\/regaty-90-lecia-grupa-open\/\">Grupa OPEN<\/a><\/p>\n<p><a href=\"http:\/\/jkmgryf.stronazen.pl\/gryf\/aktualnosci\/wydarzenia\/regaty-90-lecia-jkm-gryf\/regaty-90-lecia-nieoficjalna-lista-orc\/\">Nieoficjalne wyniki generalne grupy ORC<\/a><\/p>\n<a href=\"http:\/\/www.jkmgryf.pl\/index.php?option=com_content&amp;view=category&amp;layout=blog&amp;id=22&amp;Itemid=46\" class=\"su-button su-button-style-flat\" style=\"color:#FFFFFF;background-color:#109fd3 ;border-color:#109fd3 ;border-radius:0px;-moz-border-radius:0px;-webkit-border-radius:0px\" target=\"__blank\"><span style=\"color:#FFFFFF;padding:0px 22px;font-size:17px;line-height:34px;border-color:#109fd3 ;border-radius:0px;-moz-border-radius:0px;-webkit-border-radius:0px;text-shadow:0px 0px 0px #ffffff;-moz-text-shadow:0px 0px 0px #ffffff;-webkit-text-shadow:0px 0px 0px #ffffff\">  zobacz archiwum <\/span><\/a>\n<div class=\"su-spacer\" style=\"height:40px\"><\/div>\n<div class=\"su-button-center\"><a href=\"http:\/\/jkmgryf.stronazen.pl\/gryf\/aktualnosci\/wydarzenia\/\" class=\"su-button su-button-style-flat\" style=\"color:#FFFFFF;background-color:#109fd3 ;border-color:#109fd3 ;border-radius:0px;-moz-border-radius:0px;-webkit-border-radius:0px\" target=\"_self\"><span style=\"color:#FFFFFF;padding:0px 22px;font-size:17px;line-height:34px;border-color:#109fd3 ;border-radius:0px;-moz-border-radius:0px;-webkit-border-radius:0px;text-shadow:0px 0px 0px #ffffff;-moz-text-shadow:0px 0px 0px #ffffff;-webkit-text-shadow:0px 0px 0px #ffffff\"> wr\u00f3\u0107 do wydarze\u0144<\/span><\/a><\/div>\n","protected":false},"excerpt":{"rendered":"<p>Do regat, przez formularz zg\u0142oszeniowy, zg\u0142osi\u0142y si\u0119 a\u017c 22 jachty. Jak to jednak bywa z d\u0142ugimi regatami, nie wszyscy wystartowali. Pewnie dlatego, \u017ce jak regat w sezonie jest tak du\u017co, to z cz\u0119\u015bci czasami trzeba zrezygnowa\u0107. Czemu z tych akurat? Bo nie s\u0105 tak popularne medialnie, bo nie s\u0105 klasyfikowane w r\u00f3\u017cnych pucharach, bo&#8230; to<br \/><a class=\"moretag\" href=\"http:\/\/jkmgryf.stronazen.pl\/gryf\/aktualnosci\/wydarzenia\/regaty-90-lecia-jkm-gryf\/\">+ Read More<\/a><\/p>\n","protected":false},"author":1,"featured_media":1662,"parent":224,"menu_order":0,"comment_status":"closed","ping_status":"closed","template":"templates\/page-fullwidth_template.php","meta":[],"yoast_head":"<!-- This site is optimized with the Yoast SEO plugin v15.9.2 - https:\/\/yoast.com\/wordpress\/plugins\/seo\/ -->\n<title>Regaty 90-lecia JKM Gryf - JKM GRYF<\/title>\n<link rel=\"canonical\" href=\"http:\/\/jkmgryf.stronazen.pl\/gryf\/aktualnosci\/wydarzenia\/regaty-90-lecia-jkm-gryf\/\" \/>\n<meta property=\"og:locale\" content=\"pl_PL\" \/>\n<meta property=\"og:type\" content=\"article\" \/>\n<meta property=\"og:title\" content=\"Regaty 90-lecia JKM Gryf - JKM GRYF\" \/>\n<meta property=\"og:description\" content=\"Do regat, przez formularz zg\u0142oszeniowy, zg\u0142osi\u0142y si\u0119 a\u017c 22 jachty. Jak to jednak bywa z d\u0142ugimi regatami, nie wszyscy wystartowali. Pewnie dlatego, \u017ce jak regat w sezonie jest tak du\u017co, to z cz\u0119\u015bci czasami trzeba zrezygnowa\u0107. Czemu z tych akurat? Bo nie s\u0105 tak popularne medialnie, bo nie s\u0105 klasyfikowane w r\u00f3\u017cnych pucharach, bo&#8230; to+ Read More\" \/>\n<meta property=\"og:url\" content=\"http:\/\/jkmgryf.stronazen.pl\/gryf\/aktualnosci\/wydarzenia\/regaty-90-lecia-jkm-gryf\/\" \/>\n<meta property=\"og:site_name\" content=\"JKM GRYF\" \/>\n<meta property=\"article:modified_time\" content=\"2018-10-10T19:04:27+00:00\" \/>\n<meta property=\"og:image\" content=\"http:\/\/jkmgryf.stronazen.pl\/gryf\/wp-content\/uploads\/2018\/10\/regaty_1903x309p2.jpg\" \/>\n\t<meta property=\"og:image:width\" content=\"1903\" \/>\n\t<meta property=\"og:image:height\" content=\"309\" \/>\n<meta name=\"twitter:card\" content=\"summary_large_image\" \/>\n<meta name=\"twitter:label1\" content=\"Est. reading time\">\n\t<meta name=\"twitter:data1\" content=\"3 minuty\">\n<script type=\"application\/ld+json\" class=\"yoast-schema-graph\">{\"@context\":\"https:\/\/schema.org\",\"@graph\":[{\"@type\":\"WebSite\",\"@id\":\"http:\/\/jkmgryf.stronazen.pl\/gryf\/#website\",\"url\":\"http:\/\/jkmgryf.stronazen.pl\/gryf\/\",\"name\":\"JKM GRYF\",\"description\":\"\",\"potentialAction\":[{\"@type\":\"SearchAction\",\"target\":\"http:\/\/jkmgryf.stronazen.pl\/gryf\/?s={search_term_string}\",\"query-input\":\"required name=search_term_string\"}],\"inLanguage\":\"pl-PL\"},{\"@type\":\"ImageObject\",\"@id\":\"http:\/\/jkmgryf.stronazen.pl\/gryf\/aktualnosci\/wydarzenia\/regaty-90-lecia-jkm-gryf\/#primaryimage\",\"inLanguage\":\"pl-PL\",\"url\":\"http:\/\/jkmgryf.stronazen.pl\/gryf\/wp-content\/uploads\/2018\/10\/regaty_1903x309p2.jpg\",\"width\":1903,\"height\":309},{\"@type\":\"WebPage\",\"@id\":\"http:\/\/jkmgryf.stronazen.pl\/gryf\/aktualnosci\/wydarzenia\/regaty-90-lecia-jkm-gryf\/#webpage\",\"url\":\"http:\/\/jkmgryf.stronazen.pl\/gryf\/aktualnosci\/wydarzenia\/regaty-90-lecia-jkm-gryf\/\",\"name\":\"Regaty 90-lecia JKM Gryf - JKM GRYF\",\"isPartOf\":{\"@id\":\"http:\/\/jkmgryf.stronazen.pl\/gryf\/#website\"},\"primaryImageOfPage\":{\"@id\":\"http:\/\/jkmgryf.stronazen.pl\/gryf\/aktualnosci\/wydarzenia\/regaty-90-lecia-jkm-gryf\/#primaryimage\"},\"datePublished\":\"2018-09-03T16:06:49+00:00\",\"dateModified\":\"2018-10-10T19:04:27+00:00\",\"breadcrumb\":{\"@id\":\"http:\/\/jkmgryf.stronazen.pl\/gryf\/aktualnosci\/wydarzenia\/regaty-90-lecia-jkm-gryf\/#breadcrumb\"},\"inLanguage\":\"pl-PL\",\"potentialAction\":[{\"@type\":\"ReadAction\",\"target\":[\"http:\/\/jkmgryf.stronazen.pl\/gryf\/aktualnosci\/wydarzenia\/regaty-90-lecia-jkm-gryf\/\"]}]},{\"@type\":\"BreadcrumbList\",\"@id\":\"http:\/\/jkmgryf.stronazen.pl\/gryf\/aktualnosci\/wydarzenia\/regaty-90-lecia-jkm-gryf\/#breadcrumb\",\"itemListElement\":[{\"@type\":\"ListItem\",\"position\":1,\"item\":{\"@type\":\"WebPage\",\"@id\":\"http:\/\/jkmgryf.stronazen.pl\/gryf\/\",\"url\":\"http:\/\/jkmgryf.stronazen.pl\/gryf\/\",\"name\":\"Strona g\\u0142\\u00f3wna\"}},{\"@type\":\"ListItem\",\"position\":2,\"item\":{\"@type\":\"WebPage\",\"@id\":\"http:\/\/jkmgryf.stronazen.pl\/gryf\/aktualnosci\/\",\"url\":\"http:\/\/jkmgryf.stronazen.pl\/gryf\/aktualnosci\/\",\"name\":\"Aktualno\\u015bci\"}},{\"@type\":\"ListItem\",\"position\":3,\"item\":{\"@type\":\"WebPage\",\"@id\":\"http:\/\/jkmgryf.stronazen.pl\/gryf\/aktualnosci\/wydarzenia\/\",\"url\":\"http:\/\/jkmgryf.stronazen.pl\/gryf\/aktualnosci\/wydarzenia\/\",\"name\":\"wydarzenia\"}},{\"@type\":\"ListItem\",\"position\":4,\"item\":{\"@type\":\"WebPage\",\"@id\":\"http:\/\/jkmgryf.stronazen.pl\/gryf\/aktualnosci\/wydarzenia\/regaty-90-lecia-jkm-gryf\/\",\"url\":\"http:\/\/jkmgryf.stronazen.pl\/gryf\/aktualnosci\/wydarzenia\/regaty-90-lecia-jkm-gryf\/\",\"name\":\"Regaty 90-lecia JKM Gryf\"}}]}]}<\/script>\n<!-- \/ Yoast SEO plugin. -->","_links":{"self":[{"href":"http:\/\/jkmgryf.stronazen.pl\/gryf\/wp-json\/wp\/v2\/pages\/814"}],"collection":[{"href":"http:\/\/jkmgryf.stronazen.pl\/gryf\/wp-json\/wp\/v2\/pages"}],"about":[{"href":"http:\/\/jkmgryf.stronazen.pl\/gryf\/wp-json\/wp\/v2\/types\/page"}],"author":[{"embeddable":true,"href":"http:\/\/jkmgryf.stronazen.pl\/gryf\/wp-json\/wp\/v2\/users\/1"}],"replies":[{"embeddable":true,"href":"http:\/\/jkmgryf.stronazen.pl\/gryf\/wp-json\/wp\/v2\/comments?post=814"}],"version-history":[{"count":18,"href":"http:\/\/jkmgryf.stronazen.pl\/gryf\/wp-json\/wp\/v2\/pages\/814\/revisions"}],"predecessor-version":[{"id":1670,"href":"http:\/\/jkmgryf.stronazen.pl\/gryf\/wp-json\/wp\/v2\/pages\/814\/revisions\/1670"}],"up":[{"embeddable":true,"href":"http:\/\/jkmgryf.stronazen.pl\/gryf\/wp-json\/wp\/v2\/pages\/224"}],"wp:featuredmedia":[{"embeddable":true,"href":"http:\/\/jkmgryf.stronazen.pl\/gryf\/wp-json\/wp\/v2\/media\/1662"}],"wp:attachment":[{"href":"http:\/\/jkmgryf.stronazen.pl\/gryf\/wp-json\/wp\/v2\/media?parent=814"}],"curies":[{"name":"wp","href":"https:\/\/api.w.org\/{rel}","templated":true}]}}