{"id":519,"date":"2018-06-01T18:35:11","date_gmt":"2018-06-01T16:35:11","guid":{"rendered":"http:\/\/jkmgryf.stronazen.pl\/gryf\/?page_id=519"},"modified":"2018-09-25T20:57:50","modified_gmt":"2018-09-25T18:57:50","slug":"historia_jkm_gryf","status":"publish","type":"page","link":"http:\/\/jkmgryf.stronazen.pl\/gryf\/historia_jkm_gryf\/","title":{"rendered":"Historia JKM Gryf"},"content":{"rendered":"<div class=\"su-divider su-divider-style-default\" style=\"margin:15px 0;border-width:3px;border-color:#d9a60b\"><\/div>\n<div class=\"su-spacer\" style=\"height:45px\"><\/div>\n<p><strong>W dniu 30 pa\u017adziernika 1928 roku w Gdyni za\u0142o\u017cony zosta\u0142 Klub Sportowy &#8220;GRYF&#8221;, kt\u00f3rego kontynuatorem jest dzisiejszy Jacht Klub Morski &#8220;GRYF&#8221;.<\/strong><\/p>\n<p>Pocz\u0105tkowo wydawa\u0142o si\u0119, \u017ce fakt ten trudno b\u0119dzie udokumentowa\u0107. We wspomnieniach przedwojennych Gryfiak\u00f3w wiele bowiem wydarze\u0144 straci\u0142o na ostro\u015bci. Spierano si\u0119 o daty, nazwiska, o wa\u017ckie momenty klubowego \u017cycia. W tej sytuacji znalezienie jakiego\u015b bezspornego dowodu narodzin &#8220;GRYFA&#8221; sta\u0142o si\u0119 nieodzowne. Uporczywe poszukiwania uwie\u0144czone zosta\u0142y, jeszcze w 1978 roku, pe\u0142nym sukcesem. Z po\u017cogi wojennej uratowano bowiem sporo gdy\u0144skich dokument\u00f3w z lat mi\u0119dzywojennych, a szcz\u0119\u015bliwym trafem &#8211; zachowa\u0142y si\u0119 te najwa\u017cniejsze: akty za\u0142o\u017cycielskie i to w do\u015b\u0107 kompletnym zestawie. Znajduj\u0105 si\u0119 one w <strong>Archiwum Pa\u0144stwowym w Gda\u0144sku, w roczniku a 1928 roku pod sygnatur\u0105 nr 124\/1367 <\/strong>. W oparciu o te dokumenty mo\u017cemy dzisiaj z ca\u0142a pewno\u015bci\u0105 powiedzie\u0107, \u017ce &#8220;GRYF&#8221; by\u0142 pierwszym klubem sportowym powsta\u0142ym w Gdyni. Powo\u0142ali go do \u017cycia budowniczowie gdy\u0144skiego portu i przedstawiciele spo\u0142eczno\u015bci, rozwijaj\u0105cego si\u0119 na zapleczu tego portu \u2013 nowego miasta \u2013 GDYNI.<\/p>\n<p>Lista cz\u0142onk\u00f3w za\u0142o\u017cycieli, zachowana w aktach pa\u0144stwowych na karcie nr 603 nie jest d\u0142uga i zawiera 41 nazwisk. S\u0105 na niej jednak nazwiska ludzi, kt\u00f3rzy byli nie tylko pionierami rozwoju gdy\u0144skiego o\u015brodka portowo &#8211; miejskiego, ale takie zapisali si\u0119 w historii rozwoju ca\u0142ej polskiej gospodarki morskiej. Chlubimy si\u0119 tym, \u017ce w\u015br\u00f3d za\u0142o\u017cycieli, figuruj\u0105 takie nazwiska, jak: <strong>in\u017c. Tadeusza WENDY <\/strong>&#8211; projektanta i Naczelnika Budowy Portu oraz <strong>in\u017c. Mariana Bukowskiego\u00a0<\/strong>&#8211; budowniczego portu gdy\u0144skiego. W\u015br\u00f3d pierwszych dzia\u0142aczy klubowych odnajdujemy tak\u017ce: <strong>dr Stanis\u0142awa Darskiego<\/strong> &#8211; profesora i b. ministra \u017ceglugi; <strong>kmdr J\u00f3zefa UNRUGA<\/strong> &#8211; dow\u00f3dc\u0119 floty, p\u00f3\u017aniejszego dow\u00f3dc\u0119 Marynarki Wojennej; dyrektor\u00f3w Banku Gospodarstwa Krajowego &#8211;<strong> Wac\u0142awa Wejersa i Maksymiliana Bergera<\/strong>;<strong> in\u017c. Antoniego Garnuszewskiego<\/strong>-dyrektora Pa\u0144stwowej Szko\u0142y Morskiej w Tczewie i Gdyni oraz legendarnego <strong>komendanta DARU POMORZA &#8211; Konstantego Maciejewicza.<\/strong> Dzia\u0142ali w &#8220;GRYFIE&#8221; w tych pierwszych latach tak\u017ce <strong>kpt. Miko\u0142aj Domaradzki<\/strong>, p\u00f3\u017aniejszy kapitan portu w Gda\u0144sku; <strong>Julian Rummel<\/strong> -dyrektor pierwszego polskiego przedsi\u0119biorstwa armatorskiego &#8220;\u017bEGLUGA POLSKA&#8221;; <strong>Hilary Ewert\u2013Krzemieniewski<\/strong> &#8211; \u00f3wczesny prezes gdy\u0144skiej palestry, bojownik o polsko\u015b\u0107 Pomorza. O znaczeniu i potrzebie utworzenia takiego klubu sportowego dla Gdyni \u015bwiadczy\u0107 mo\u017ce r\u00f3wnie\u017c fakt osobistego zaanga\u017cowania w powstanie &#8220;GRYFU&#8221; \u00f3wczesnego Starosty Grodzkiego \u2013 <strong>W\u0142adys\u0142awa Staniszewskiego\u00a0<\/strong>oraz dyrektora Urz\u0119du Morskiego &#8211; <strong>J\u00f3zefa Pozna\u0144skiego<\/strong>.<\/p>\n<p>Jak wynika z zachowanych w Wojew\u00f3dzkim Archiwum. Pa\u0144stwowym dokument\u00f3w, inauguracyjne zgromadzenie odby\u0142o si\u0119 <strong>w dniu 30 pa\u017adziernika 1928 roku w lokalu &#8220;Grand Cafe&#8221; w Gdyni, przy ul. \u015awi\u0119toja\u0144skiej o godzinie 19.00 (Karta nr 601, akt. nr 124\/1367)<\/strong>. Swoistym dowodem potwierdzaj\u0105cym powstanie tego dnia KLUBU SPORTOWEGO &#8220;GRYF&#8221; jest zachowany (karta nr 595) donos przodownika s\u0142u\u017cby \u015bledczej SADOWSKIEGO dla wydzia\u0142u bezpiecze\u0144stwa i porz\u0105dku publicznego w Gdyni, kt\u00f3ry informowa\u0142 nawet o sk\u0142adzie wybranego na tym zgromadzeniu &#8211; zarz\u0105du Klubu: prezes &#8211; <strong>dyrektor BGK Wac\u0142aw Wejers<\/strong>, a sekretarzem i skarbnikami zostali pracownicy \u00f3wczesnego Urz\u0119du Morskiego &#8211; <strong> Leopold Mistat i Karol Kraszewski.<\/strong><\/p>\n<p>Z zachowanego statutu dowiadujemy si\u0119, \u017ce pierwszy sportowy klub Gdyni jest&#8230; (kropki pochodz\u0105 z okresu tzw. \u201eW\u0142adzy Ludowej\u201d) organizacj\u0105 apolityczn\u0105 i og\u00f3lnodost\u0119pn\u0105. Skupia\u0142 w swych szeregach przede wszystkie Ludzi zatrudnionych przy budowie portu i miasta: pracownik\u00f3w Urz\u0119du Morskiego, Zarz\u0105du Budowy Portu, pracownik\u00f3w kolei i poczty oraz pierwszych przedsi\u0119biorstw shipchandlerskich. Nie brakowa\u0142o tak\u017ce w tamtym klubie oficer\u00f3w marynarki wojennej i handlowej. Znaczna tak\u017ce by\u0142a, jak na owe czasy, Liczba kobiet, przewa\u017cnie \u017con i c\u00f3rek za\u0142o\u017cycieli oraz cz\u0142onk\u00f3w &#8220;Gryfu&#8221;.<\/p>\n<div class=\"su-spacer\" style=\"height:60px\"><\/div>\n\r\n\t\t<div class=\"left-title\">\r\n\t\t\t\r\n\t\t\t<h2 >KALENDARIUM\r\n\t\t\t\r\n\t\t\t<\/h2>\r\n\t\t\t<span style=\"border-bottom-color:#f0c530\"><\/span>\r\n\t\t<\/div>\r\n\t\t\n\r\n\t\t\t\t<div class=\"thumb\">\r\n\t\t\t\t\t<div class=\"boxthumb\">\r\n\t\t\t\t\t\t<a href=\"http:\/\/jkmgryf.stronazen.pl\/gryf\/historia_jkm_gryf\/najwazniejsze-wydarzenia-2\/\" target=\"_blank\"><img src=\"http:\/\/jkmgryf.stronazen.pl\/gryf\/wp-content\/uploads\/2018\/08\/front.jpg\"\/><\/a>\r\n\t\t\t\t\t<\/div>\r\n\t\t\t\t\t<div class=\"thmbname\">NAJWA\u017bNIEJSZE WYDARZENIA<\/div>\r\n\t\t\t\t<\/div>\r\n\t\t\n\r\n\t\t\t\t<div class=\"thumb\">\r\n\t\t\t\t\t<div class=\"boxthumb\">\r\n\t\t\t\t\t\t<a href=\"http:\/\/jkmgryf.stronazen.pl\/gryf\/historia_jkm_gryf\/osiagniecia-sportowe-czlonkow-klubu\/\" target=\"_blank\"><img src=\"http:\/\/jkmgryf.stronazen.pl\/gryf\/wp-content\/uploads\/2018\/08\/miranda.jpg\"\/><\/a>\r\n\t\t\t\t\t<\/div>\r\n\t\t\t\t\t<div class=\"thmbname\">OSI\u0104GNI\u0118CIA SPORTOWE CZ\u0141ONK\u00d3W KLUBU<\/div>\r\n\t\t\t\t<\/div>\r\n\t\t\n","protected":false},"excerpt":{"rendered":"<p>W dniu 30 pa\u017adziernika 1928 roku w Gdyni za\u0142o\u017cony zosta\u0142 Klub Sportowy &#8220;GRYF&#8221;, kt\u00f3rego kontynuatorem jest dzisiejszy Jacht Klub Morski &#8220;GRYF&#8221;. Pocz\u0105tkowo wydawa\u0142o si\u0119, \u017ce fakt ten trudno b\u0119dzie udokumentowa\u0107. We wspomnieniach przedwojennych Gryfiak\u00f3w wiele bowiem wydarze\u0144 straci\u0142o na ostro\u015bci. Spierano si\u0119 o daty, nazwiska, o wa\u017ckie momenty klubowego \u017cycia. W tej sytuacji znalezienie jakiego\u015b<br \/><a class=\"moretag\" href=\"http:\/\/jkmgryf.stronazen.pl\/gryf\/historia_jkm_gryf\/\">+ Read More<\/a><\/p>\n","protected":false},"author":1,"featured_media":1594,"parent":0,"menu_order":0,"comment_status":"closed","ping_status":"closed","template":"templates\/page-fullwidth_template.php","meta":[],"yoast_head":"<!-- This site is optimized with the Yoast SEO plugin v15.9.2 - https:\/\/yoast.com\/wordpress\/plugins\/seo\/ -->\n<title>Historia JKM Gryf - JKM GRYF<\/title>\n<link rel=\"canonical\" href=\"http:\/\/jkmgryf.stronazen.pl\/gryf\/historia_jkm_gryf\/\" \/>\n<meta property=\"og:locale\" content=\"pl_PL\" \/>\n<meta property=\"og:type\" content=\"article\" \/>\n<meta property=\"og:title\" content=\"Historia JKM Gryf - JKM GRYF\" \/>\n<meta property=\"og:description\" content=\"W dniu 30 pa\u017adziernika 1928 roku w Gdyni za\u0142o\u017cony zosta\u0142 Klub Sportowy &#8220;GRYF&#8221;, kt\u00f3rego kontynuatorem jest dzisiejszy Jacht Klub Morski &#8220;GRYF&#8221;. Pocz\u0105tkowo wydawa\u0142o si\u0119, \u017ce fakt ten trudno b\u0119dzie udokumentowa\u0107. We wspomnieniach przedwojennych Gryfiak\u00f3w wiele bowiem wydarze\u0144 straci\u0142o na ostro\u015bci. Spierano si\u0119 o daty, nazwiska, o wa\u017ckie momenty klubowego \u017cycia. W tej sytuacji znalezienie jakiego\u015b+ Read More\" \/>\n<meta property=\"og:url\" content=\"http:\/\/jkmgryf.stronazen.pl\/gryf\/historia_jkm_gryf\/\" \/>\n<meta property=\"og:site_name\" content=\"JKM GRYF\" \/>\n<meta property=\"article:modified_time\" content=\"2018-09-25T18:57:50+00:00\" \/>\n<meta property=\"og:image\" content=\"http:\/\/jkmgryf.stronazen.pl\/gryf\/wp-content\/uploads\/2018\/09\/historia.jpg\" \/>\n\t<meta property=\"og:image:width\" content=\"1920\" \/>\n\t<meta property=\"og:image:height\" content=\"312\" \/>\n<meta name=\"twitter:card\" content=\"summary_large_image\" \/>\n<meta name=\"twitter:label1\" content=\"Est. reading time\">\n\t<meta name=\"twitter:data1\" content=\"4 minuty\">\n<script type=\"application\/ld+json\" class=\"yoast-schema-graph\">{\"@context\":\"https:\/\/schema.org\",\"@graph\":[{\"@type\":\"WebSite\",\"@id\":\"http:\/\/jkmgryf.stronazen.pl\/gryf\/#website\",\"url\":\"http:\/\/jkmgryf.stronazen.pl\/gryf\/\",\"name\":\"JKM GRYF\",\"description\":\"\",\"potentialAction\":[{\"@type\":\"SearchAction\",\"target\":\"http:\/\/jkmgryf.stronazen.pl\/gryf\/?s={search_term_string}\",\"query-input\":\"required name=search_term_string\"}],\"inLanguage\":\"pl-PL\"},{\"@type\":\"ImageObject\",\"@id\":\"http:\/\/jkmgryf.stronazen.pl\/gryf\/historia_jkm_gryf\/#primaryimage\",\"inLanguage\":\"pl-PL\",\"url\":\"http:\/\/jkmgryf.stronazen.pl\/gryf\/wp-content\/uploads\/2018\/09\/historia.jpg\",\"width\":1920,\"height\":312},{\"@type\":\"WebPage\",\"@id\":\"http:\/\/jkmgryf.stronazen.pl\/gryf\/historia_jkm_gryf\/#webpage\",\"url\":\"http:\/\/jkmgryf.stronazen.pl\/gryf\/historia_jkm_gryf\/\",\"name\":\"Historia JKM Gryf - JKM GRYF\",\"isPartOf\":{\"@id\":\"http:\/\/jkmgryf.stronazen.pl\/gryf\/#website\"},\"primaryImageOfPage\":{\"@id\":\"http:\/\/jkmgryf.stronazen.pl\/gryf\/historia_jkm_gryf\/#primaryimage\"},\"datePublished\":\"2018-06-01T16:35:11+00:00\",\"dateModified\":\"2018-09-25T18:57:50+00:00\",\"breadcrumb\":{\"@id\":\"http:\/\/jkmgryf.stronazen.pl\/gryf\/historia_jkm_gryf\/#breadcrumb\"},\"inLanguage\":\"pl-PL\",\"potentialAction\":[{\"@type\":\"ReadAction\",\"target\":[\"http:\/\/jkmgryf.stronazen.pl\/gryf\/historia_jkm_gryf\/\"]}]},{\"@type\":\"BreadcrumbList\",\"@id\":\"http:\/\/jkmgryf.stronazen.pl\/gryf\/historia_jkm_gryf\/#breadcrumb\",\"itemListElement\":[{\"@type\":\"ListItem\",\"position\":1,\"item\":{\"@type\":\"WebPage\",\"@id\":\"http:\/\/jkmgryf.stronazen.pl\/gryf\/\",\"url\":\"http:\/\/jkmgryf.stronazen.pl\/gryf\/\",\"name\":\"Strona g\\u0142\\u00f3wna\"}},{\"@type\":\"ListItem\",\"position\":2,\"item\":{\"@type\":\"WebPage\",\"@id\":\"http:\/\/jkmgryf.stronazen.pl\/gryf\/historia_jkm_gryf\/\",\"url\":\"http:\/\/jkmgryf.stronazen.pl\/gryf\/historia_jkm_gryf\/\",\"name\":\"Historia JKM Gryf\"}}]}]}<\/script>\n<!-- \/ Yoast SEO plugin. -->","_links":{"self":[{"href":"http:\/\/jkmgryf.stronazen.pl\/gryf\/wp-json\/wp\/v2\/pages\/519"}],"collection":[{"href":"http:\/\/jkmgryf.stronazen.pl\/gryf\/wp-json\/wp\/v2\/pages"}],"about":[{"href":"http:\/\/jkmgryf.stronazen.pl\/gryf\/wp-json\/wp\/v2\/types\/page"}],"author":[{"embeddable":true,"href":"http:\/\/jkmgryf.stronazen.pl\/gryf\/wp-json\/wp\/v2\/users\/1"}],"replies":[{"embeddable":true,"href":"http:\/\/jkmgryf.stronazen.pl\/gryf\/wp-json\/wp\/v2\/comments?post=519"}],"version-history":[{"count":25,"href":"http:\/\/jkmgryf.stronazen.pl\/gryf\/wp-json\/wp\/v2\/pages\/519\/revisions"}],"predecessor-version":[{"id":1599,"href":"http:\/\/jkmgryf.stronazen.pl\/gryf\/wp-json\/wp\/v2\/pages\/519\/revisions\/1599"}],"wp:featuredmedia":[{"embeddable":true,"href":"http:\/\/jkmgryf.stronazen.pl\/gryf\/wp-json\/wp\/v2\/media\/1594"}],"wp:attachment":[{"href":"http:\/\/jkmgryf.stronazen.pl\/gryf\/wp-json\/wp\/v2\/media?parent=519"}],"curies":[{"name":"wp","href":"https:\/\/api.w.org\/{rel}","templated":true}]}}