{"id":2446,"date":"2018-10-19T19:29:57","date_gmt":"2018-10-19T17:29:57","guid":{"rendered":"http:\/\/jkmgryf.stronazen.pl\/gryf\/?page_id=2446"},"modified":"2018-11-07T17:48:10","modified_gmt":"2018-11-07T15:48:10","slug":"polityka-prywatnosci","status":"publish","type":"page","link":"http:\/\/jkmgryf.stronazen.pl\/gryf\/polityka-prywatnosci\/","title":{"rendered":"Polityka prywatno\u015bci"},"content":{"rendered":"<p style=\"padding-left: 30px;\"><strong>ZARZ\u0104DZANIE DANYMI OSOBOWYMI:<\/strong><\/p>\n<p style=\"padding-left: 30px;\">1. Administratorem Danych osobowych gromadzonych na stronie jest Jacht Klub Morski Gryf z siedzib\u0105 w Gdyni (81-345), przy Al. Jana Paw\u0142a II 11a, wpisan\u0105 do Rejestru Przedsi\u0119biorc\u00f3w Krajowego Rejestru S\u0105dowego prowadzonego przez <strong>S\u0105d Rejonowy Gda\u0144sk P\u00f3\u0142noc, Wydzia\u0142 VIII Gospodarczy KRS pod numerem 0000230939<\/strong><\/p>\n<p style=\"padding-left: 30px;\">2. Aby realizowa\u0107 cele statutowe zgodnie z zakresem naszej dzia\u0142alno\u015bci, Stowarzyszenie przetwarza Twoje dane osobowe w celu informowania o dzia\u0142alno\u015bci Stowarzyszenia przetwarzamy takie dane osobowe, jak:<\/p>\n<p style=\"padding-left: 30px;\"><em>Imi\u0119,<\/em><br \/>\n<em>Nazwisko<\/em><br \/>\n<em>Adres<\/em><br \/>\n<em>Adres e-mail<\/em><\/p>\n<p style=\"padding-left: 30px;\">Podstaw\u0105 prawn\u0105 takiego przetwarzania danych jest<strong> art. 6 ust. 1 lit. a RODO<\/strong>, kt\u00f3ry pozwala przetwarza\u0107 dane osobowe na podstawie dobrowolnie udzielonej zgody.<\/p>\n<p style=\"padding-left: 30px;\">3. W celu zarejestrowania jako cz\u0142onek\/cz\u0142onkini przetwarzamy takie dane osobowe, jak:<\/p>\n<p style=\"padding-left: 30px;\"><em>Imi\u0119<\/em><br \/>\n<em>Nazwisko<\/em><br \/>\n<em>Adres email<\/em><br \/>\n<em>Data urodzenia<\/em><br \/>\n<em>Telefon<\/em><br \/>\n<em>Adres<\/em><br \/>\n<em>Warto\u015b\u0107 op\u0142aconych sk\u0142adek<\/em><\/p>\n<p style=\"padding-left: 30px;\">Podstaw\u0105 prawn\u0105 takiego przetwarzania danych jest <strong>art. 6 ust. 1 lit. a RODO<\/strong>, kt\u00f3ry pozwala przetwarza\u0107 dane osobowe na podstawie dobrowolnie udzielonej zgody.<\/p>\n<p>&nbsp;<\/p>\n<p style=\"padding-left: 30px;\"><strong>POLITYKA PLIK\u00d3W COOKIES:<\/strong><\/p>\n<p style=\"padding-left: 30px;\">1. Strona\u00a0<a href=\"http:\/\/www.ykp.gdynia.pl\/\" target=\"_blank\" rel=\"nofollow noopener\">www.jkmgryf.pl<\/a>\u00a0stosuje pliki\u00a0 cookies\u00a0 s\u0142u\u017c\u0105ce do zbierania informacji o sposobie korzystania ze strony, oraz funkcjonalne, pozwalaj\u0105ce \u201epami\u0119ta\u0107\u201d o ustawieniach u\u017cytkownika. Serwisy, w kt\u00f3rych zamieszczamy nasze materia\u0142y, mog\u0105 tak\u017ce u\u017cywa\u0107 plik\u00f3w cookies, kt\u00f3re umo\u017cliwiaj\u0105 logowanie si\u0119 oraz s\u0142u\u017c\u0105 dostarczaniu reklam odpowiadaj\u0105cych upodobaniom i zachowaniom u\u017cytkownika.<\/p>\n<p style=\"padding-left: 30px;\">2. U\u017cywaj\u0105c serwis\u00f3w nale\u017c\u0105cych do jkmgryf.pl\u00a0 wyra\u017casz zgod\u0119 na u\u017cywanie plik\u00f3w cookies. Je\u017celi nie wyra\u017casz zgody na u\u017cywanie przez nas cookies, powiniene\u015b je zablokowa\u0107 w ustawieniach swojej przegl\u0105darki.<\/p>\n<p style=\"padding-left: 30px;\">\n","protected":false},"excerpt":{"rendered":"<p>ZARZ\u0104DZANIE DANYMI OSOBOWYMI: 1. Administratorem Danych osobowych gromadzonych na stronie jest Jacht Klub Morski Gryf z siedzib\u0105 w Gdyni (81-345), przy Al. Jana Paw\u0142a II 11a, wpisan\u0105 do Rejestru Przedsi\u0119biorc\u00f3w Krajowego Rejestru S\u0105dowego prowadzonego przez S\u0105d Rejonowy Gda\u0144sk P\u00f3\u0142noc, Wydzia\u0142 VIII Gospodarczy KRS pod numerem 0000230939 2. Aby realizowa\u0107 cele statutowe zgodnie z zakresem naszej<br \/><a class=\"moretag\" href=\"http:\/\/jkmgryf.stronazen.pl\/gryf\/polityka-prywatnosci\/\">+ Read More<\/a><\/p>\n","protected":false},"author":1,"featured_media":0,"parent":0,"menu_order":0,"comment_status":"closed","ping_status":"closed","template":"templates\/page-fullwidth_template.php","meta":[],"yoast_head":"<!-- This site is optimized with the Yoast SEO plugin v15.9.2 - https:\/\/yoast.com\/wordpress\/plugins\/seo\/ -->\n<title>Polityka prywatno\u015bci - JKM GRYF<\/title>\n<link rel=\"canonical\" href=\"http:\/\/jkmgryf.stronazen.pl\/gryf\/polityka-prywatnosci\/\" \/>\n<meta property=\"og:locale\" content=\"pl_PL\" \/>\n<meta property=\"og:type\" content=\"article\" \/>\n<meta property=\"og:title\" content=\"Polityka prywatno\u015bci - JKM GRYF\" \/>\n<meta property=\"og:description\" content=\"ZARZ\u0104DZANIE DANYMI OSOBOWYMI: 1. Administratorem Danych osobowych gromadzonych na stronie jest Jacht Klub Morski Gryf z siedzib\u0105 w Gdyni (81-345), przy Al. Jana Paw\u0142a II 11a, wpisan\u0105 do Rejestru Przedsi\u0119biorc\u00f3w Krajowego Rejestru S\u0105dowego prowadzonego przez S\u0105d Rejonowy Gda\u0144sk P\u00f3\u0142noc, Wydzia\u0142 VIII Gospodarczy KRS pod numerem 0000230939 2. Aby realizowa\u0107 cele statutowe zgodnie z zakresem naszej+ Read More\" \/>\n<meta property=\"og:url\" content=\"http:\/\/jkmgryf.stronazen.pl\/gryf\/polityka-prywatnosci\/\" \/>\n<meta property=\"og:site_name\" content=\"JKM GRYF\" \/>\n<meta property=\"article:modified_time\" content=\"2018-11-07T15:48:10+00:00\" \/>\n<meta name=\"twitter:card\" content=\"summary_large_image\" \/>\n<meta name=\"twitter:label1\" content=\"Est. reading time\">\n\t<meta name=\"twitter:data1\" content=\"1 minuta\">\n<script type=\"application\/ld+json\" class=\"yoast-schema-graph\">{\"@context\":\"https:\/\/schema.org\",\"@graph\":[{\"@type\":\"WebSite\",\"@id\":\"http:\/\/jkmgryf.stronazen.pl\/gryf\/#website\",\"url\":\"http:\/\/jkmgryf.stronazen.pl\/gryf\/\",\"name\":\"JKM GRYF\",\"description\":\"\",\"potentialAction\":[{\"@type\":\"SearchAction\",\"target\":\"http:\/\/jkmgryf.stronazen.pl\/gryf\/?s={search_term_string}\",\"query-input\":\"required name=search_term_string\"}],\"inLanguage\":\"pl-PL\"},{\"@type\":\"WebPage\",\"@id\":\"http:\/\/jkmgryf.stronazen.pl\/gryf\/polityka-prywatnosci\/#webpage\",\"url\":\"http:\/\/jkmgryf.stronazen.pl\/gryf\/polityka-prywatnosci\/\",\"name\":\"Polityka prywatno\\u015bci - JKM GRYF\",\"isPartOf\":{\"@id\":\"http:\/\/jkmgryf.stronazen.pl\/gryf\/#website\"},\"datePublished\":\"2018-10-19T17:29:57+00:00\",\"dateModified\":\"2018-11-07T15:48:10+00:00\",\"breadcrumb\":{\"@id\":\"http:\/\/jkmgryf.stronazen.pl\/gryf\/polityka-prywatnosci\/#breadcrumb\"},\"inLanguage\":\"pl-PL\",\"potentialAction\":[{\"@type\":\"ReadAction\",\"target\":[\"http:\/\/jkmgryf.stronazen.pl\/gryf\/polityka-prywatnosci\/\"]}]},{\"@type\":\"BreadcrumbList\",\"@id\":\"http:\/\/jkmgryf.stronazen.pl\/gryf\/polityka-prywatnosci\/#breadcrumb\",\"itemListElement\":[{\"@type\":\"ListItem\",\"position\":1,\"item\":{\"@type\":\"WebPage\",\"@id\":\"http:\/\/jkmgryf.stronazen.pl\/gryf\/\",\"url\":\"http:\/\/jkmgryf.stronazen.pl\/gryf\/\",\"name\":\"Strona g\\u0142\\u00f3wna\"}},{\"@type\":\"ListItem\",\"position\":2,\"item\":{\"@type\":\"WebPage\",\"@id\":\"http:\/\/jkmgryf.stronazen.pl\/gryf\/polityka-prywatnosci\/\",\"url\":\"http:\/\/jkmgryf.stronazen.pl\/gryf\/polityka-prywatnosci\/\",\"name\":\"Polityka prywatno\\u015bci\"}}]}]}<\/script>\n<!-- \/ Yoast SEO plugin. -->","_links":{"self":[{"href":"http:\/\/jkmgryf.stronazen.pl\/gryf\/wp-json\/wp\/v2\/pages\/2446"}],"collection":[{"href":"http:\/\/jkmgryf.stronazen.pl\/gryf\/wp-json\/wp\/v2\/pages"}],"about":[{"href":"http:\/\/jkmgryf.stronazen.pl\/gryf\/wp-json\/wp\/v2\/types\/page"}],"author":[{"embeddable":true,"href":"http:\/\/jkmgryf.stronazen.pl\/gryf\/wp-json\/wp\/v2\/users\/1"}],"replies":[{"embeddable":true,"href":"http:\/\/jkmgryf.stronazen.pl\/gryf\/wp-json\/wp\/v2\/comments?post=2446"}],"version-history":[{"count":6,"href":"http:\/\/jkmgryf.stronazen.pl\/gryf\/wp-json\/wp\/v2\/pages\/2446\/revisions"}],"predecessor-version":[{"id":2640,"href":"http:\/\/jkmgryf.stronazen.pl\/gryf\/wp-json\/wp\/v2\/pages\/2446\/revisions\/2640"}],"wp:attachment":[{"href":"http:\/\/jkmgryf.stronazen.pl\/gryf\/wp-json\/wp\/v2\/media?parent=2446"}],"curies":[{"name":"wp","href":"https:\/\/api.w.org\/{rel}","templated":true}]}}