{"id":228,"date":"2018-05-15T14:54:50","date_gmt":"2018-05-15T12:54:50","guid":{"rendered":"http:\/\/jkmgryf.stronazen.pl\/gryf\/?page_id=228"},"modified":"2018-09-06T19:58:18","modified_gmt":"2018-09-06T17:58:18","slug":"wspomnienia","status":"publish","type":"page","link":"http:\/\/jkmgryf.stronazen.pl\/gryf\/historia_jkm_gryf\/wspomnienia\/","title":{"rendered":"wspomnienia"},"content":{"rendered":"<div class=\"post_style3_area\"><div class=\"post_block_style3 \"><div class=\"style3thumb\"><a href=\"http:\/\/jkmgryf.stronazen.pl\/gryf\/trzy-stolice-i-okolice-baltycki-rejs-oriona-2017-rok\/\" title=\"Trzy stolice i okolice &#8211; ba\u0142tycki rejs Oriona, 2017 rok\"><img width=\"401\" height=\"369\" src=\"http:\/\/jkmgryf.stronazen.pl\/gryf\/wp-content\/uploads\/2017\/10\/orion_trzy-stolice_401x369.jpg\" class=\"attachment-full size-full wp-post-image\" alt=\"\" loading=\"lazy\" srcset=\"http:\/\/jkmgryf.stronazen.pl\/gryf\/wp-content\/uploads\/2017\/10\/orion_trzy-stolice_401x369.jpg 401w, http:\/\/jkmgryf.stronazen.pl\/gryf\/wp-content\/uploads\/2017\/10\/orion_trzy-stolice_401x369-300x276.jpg 300w\" sizes=\"(max-width: 401px) 100vw, 401px\" \/><\/a><\/div><div class=\"style3info\"><h3>Trzy stolice i okolice &#8211; ba\u0142tycki rejs Oriona, 2017 rok<\/h3><div class=\"shortdesc\">Stawianie \u017cagli na jachcie podobne jest bardziej ni\u017c na innych statkach do rozwijania skrzyde\u0142 u&hellip;<\/div><div class=\"shortmore\"><a href=\"http:\/\/jkmgryf.stronazen.pl\/gryf\/trzy-stolice-i-okolice-baltycki-rejs-oriona-2017-rok\/\"><\/a><\/div><\/div><\/div><div class=\"post_block_style3 no_margin_right\"><div class=\"style3thumb\"><a href=\"http:\/\/jkmgryf.stronazen.pl\/gryf\/58-regaty-gwg-relacja-z-pokladu-jaricho\/\" title=\"58 regaty GWG &#8211; relacja z pok\u0142adu s\/y &#8220;Jaricho&#8221;\"><img width=\"401\" height=\"369\" src=\"http:\/\/jkmgryf.stronazen.pl\/gryf\/wp-content\/uploads\/2017\/10\/58-regaty-GWG.jpg\" class=\"attachment-full size-full wp-post-image\" alt=\"\" loading=\"lazy\" srcset=\"http:\/\/jkmgryf.stronazen.pl\/gryf\/wp-content\/uploads\/2017\/10\/58-regaty-GWG.jpg 401w, http:\/\/jkmgryf.stronazen.pl\/gryf\/wp-content\/uploads\/2017\/10\/58-regaty-GWG-300x276.jpg 300w\" sizes=\"(max-width: 401px) 100vw, 401px\" \/><\/a><\/div><div class=\"style3info\"><h3>58 regaty GWG &#8211; relacja z pok\u0142adu s\/y &#8220;Jaricho&#8221;<\/h3><div class=\"shortdesc\">\u017be b\u0119dzie ci\u0119\u017cko wiatrowo by\u0142o wiadomo od paru dni, nie \u017ceby\u015bmy si\u0119 bali tych 20-30&hellip;<\/div><div class=\"shortmore\"><a href=\"http:\/\/jkmgryf.stronazen.pl\/gryf\/58-regaty-gwg-relacja-z-pokladu-jaricho\/\"><\/a><\/div><\/div><\/div><div class=\"clear\"><\/div><div class=\"post_block_style3 \"><div class=\"style3thumb\"><a href=\"http:\/\/jkmgryf.stronazen.pl\/gryf\/57-regaty-gwg-relacja-z-pokladu-goplany\/\" title=\"57 Regaty GWG &#8211; relacja z pok\u0142adu &#8220;Goplany&#8221;\"><img width=\"401\" height=\"369\" src=\"http:\/\/jkmgryf.stronazen.pl\/gryf\/wp-content\/uploads\/2016\/09\/57-regaty-GWG.jpg\" class=\"attachment-full size-full wp-post-image\" alt=\"\" loading=\"lazy\" srcset=\"http:\/\/jkmgryf.stronazen.pl\/gryf\/wp-content\/uploads\/2016\/09\/57-regaty-GWG.jpg 401w, http:\/\/jkmgryf.stronazen.pl\/gryf\/wp-content\/uploads\/2016\/09\/57-regaty-GWG-300x276.jpg 300w\" sizes=\"(max-width: 401px) 100vw, 401px\" \/><\/a><\/div><div class=\"style3info\"><h3>57 Regaty GWG &#8211; relacja z pok\u0142adu &#8220;Goplany&#8221;<\/h3><div class=\"shortdesc\">Gdynia - W\u0142adys\u0142awowo - Gdynia 2016 czyli doublehanded Nefrytem, czyli mikstura fuksa i zaskakuj\u0105cych zwrot\u00f3w&hellip;<\/div><div class=\"shortmore\"><a href=\"http:\/\/jkmgryf.stronazen.pl\/gryf\/57-regaty-gwg-relacja-z-pokladu-goplany\/\"><\/a><\/div><\/div><\/div><div class=\"post_block_style3 no_margin_right\"><div class=\"style3thumb\"><a href=\"http:\/\/jkmgryf.stronazen.pl\/gryf\/s-y-orion-czyli-impreza-urodzinowa-80-latka\/\" title=\"s\/y Orion, czyli impreza urodzinowa 80-latka\"><img width=\"401\" height=\"369\" src=\"http:\/\/jkmgryf.stronazen.pl\/gryf\/wp-content\/uploads\/2016\/09\/orion_80lat.jpg\" class=\"attachment-full size-full wp-post-image\" alt=\"\" loading=\"lazy\" srcset=\"http:\/\/jkmgryf.stronazen.pl\/gryf\/wp-content\/uploads\/2016\/09\/orion_80lat.jpg 401w, http:\/\/jkmgryf.stronazen.pl\/gryf\/wp-content\/uploads\/2016\/09\/orion_80lat-300x276.jpg 300w\" sizes=\"(max-width: 401px) 100vw, 401px\" \/><\/a><\/div><div class=\"style3info\"><h3>s\/y Orion, czyli impreza urodzinowa 80-latka<\/h3><div class=\"shortdesc\">Prolog 11 grudnia 2015 Wyj\u0119li mnie z wody, wstawili do hangaru i debatuj\u0105 w socjalnym\u2026Dok\u0105d&hellip;<\/div><div class=\"shortmore\"><a href=\"http:\/\/jkmgryf.stronazen.pl\/gryf\/s-y-orion-czyli-impreza-urodzinowa-80-latka\/\"><\/a><\/div><\/div><\/div><div class=\"clear\"><\/div><div class=\"post_block_style3 \"><div class=\"style3thumb\"><a href=\"http:\/\/jkmgryf.stronazen.pl\/gryf\/56-regaty-gwg-relacja-z-pokladu-jaricho\/\" title=\"56 Regaty GWG &#8211; relacja z pok\u0142adu &#8220;Jaricho&#8221;\"><img width=\"401\" height=\"369\" src=\"http:\/\/jkmgryf.stronazen.pl\/gryf\/wp-content\/uploads\/2015\/09\/56-regaty-GWG.jpg\" class=\"attachment-full size-full wp-post-image\" alt=\"\" loading=\"lazy\" srcset=\"http:\/\/jkmgryf.stronazen.pl\/gryf\/wp-content\/uploads\/2015\/09\/56-regaty-GWG.jpg 401w, http:\/\/jkmgryf.stronazen.pl\/gryf\/wp-content\/uploads\/2015\/09\/56-regaty-GWG-300x276.jpg 300w\" sizes=\"(max-width: 401px) 100vw, 401px\" \/><\/a><\/div><div class=\"style3info\"><h3>56 Regaty GWG &#8211; relacja z pok\u0142adu &#8220;Jaricho&#8221;<\/h3><div class=\"shortdesc\">To by\u0142y bardzo... bardzo udane regaty. A wygl\u0105da\u0142o, \u017ce nie uda si\u0119 wystartowa\u0107. Od rana&hellip;<\/div><div class=\"shortmore\"><a href=\"http:\/\/jkmgryf.stronazen.pl\/gryf\/56-regaty-gwg-relacja-z-pokladu-jaricho\/\"><\/a><\/div><\/div><\/div><div class=\"post_block_style3 no_margin_right\"><div class=\"style3thumb\"><a href=\"http:\/\/jkmgryf.stronazen.pl\/gryf\/renata-loska-2015-rejs-oriona-do-antwerpii\/\" title=\"Renata Loska &#8211; 2015 Rejs Oriona do Antwerpii\"><img width=\"401\" height=\"369\" src=\"http:\/\/jkmgryf.stronazen.pl\/gryf\/wp-content\/uploads\/2015\/09\/orion_rejs2015.jpg\" class=\"attachment-full size-full wp-post-image\" alt=\"\" loading=\"lazy\" srcset=\"http:\/\/jkmgryf.stronazen.pl\/gryf\/wp-content\/uploads\/2015\/09\/orion_rejs2015.jpg 401w, http:\/\/jkmgryf.stronazen.pl\/gryf\/wp-content\/uploads\/2015\/09\/orion_rejs2015-300x276.jpg 300w\" sizes=\"(max-width: 401px) 100vw, 401px\" \/><\/a><\/div><div class=\"style3info\"><h3>Renata Loska &#8211; 2015 Rejs Oriona do Antwerpii<\/h3><div class=\"shortdesc\">ORIONEM do Antwerpii oraz na Zlot Oldtimer\u00f3w w Bremerhaven, czyli czego nie ma w jachtowym&hellip;<\/div><div class=\"shortmore\"><a href=\"http:\/\/jkmgryf.stronazen.pl\/gryf\/renata-loska-2015-rejs-oriona-do-antwerpii\/\"><\/a><\/div><\/div><\/div><div class=\"clear\"><\/div><div class=\"post_block_style3 \"><div class=\"style3thumb\"><a href=\"http:\/\/jkmgryf.stronazen.pl\/gryf\/renata-loska-2014-orion-w-zatoce-botnickiej\/\" title=\"Renata Loska &#8211; 2014 Orion w Zatoce Botnickiej\"><img width=\"401\" height=\"369\" src=\"http:\/\/jkmgryf.stronazen.pl\/gryf\/wp-content\/uploads\/2014\/09\/orion_rejs2014.jpg\" class=\"attachment-full size-full wp-post-image\" alt=\"\" loading=\"lazy\" srcset=\"http:\/\/jkmgryf.stronazen.pl\/gryf\/wp-content\/uploads\/2014\/09\/orion_rejs2014.jpg 401w, http:\/\/jkmgryf.stronazen.pl\/gryf\/wp-content\/uploads\/2014\/09\/orion_rejs2014-300x276.jpg 300w\" sizes=\"(max-width: 401px) 100vw, 401px\" \/><\/a><\/div><div class=\"style3info\"><h3>Renata Loska &#8211; 2014 Orion w Zatoce Botnickiej<\/h3><div class=\"shortdesc\">Wystarczy sklarowa\u0107 \u017cagle, zgromadzi\u0107 zapasy, sprawdzi\u0107 ilo\u015b\u0107 paliwa w zbiorniku i... Leszek my\u015bli intensywnie: co&hellip;<\/div><div class=\"shortmore\"><a href=\"http:\/\/jkmgryf.stronazen.pl\/gryf\/renata-loska-2014-orion-w-zatoce-botnickiej\/\"><\/a><\/div><\/div><\/div><div class=\"post_block_style3 no_margin_right\"><div class=\"style3thumb\"><a href=\"http:\/\/jkmgryf.stronazen.pl\/gryf\/54-regaty-gdynia-wladyslawowo-gdynia-2013-relacja-z-pokladu-jaricho\/\" title=\"54 Regaty GWG 2013 &#8211; relacja z pok\u0142adu &#8220;Jaricho&#8221;\"><img width=\"401\" height=\"369\" src=\"http:\/\/jkmgryf.stronazen.pl\/gryf\/wp-content\/uploads\/2013\/09\/54-regaty-GWG.jpg\" class=\"attachment-full size-full wp-post-image\" alt=\"\" loading=\"lazy\" srcset=\"http:\/\/jkmgryf.stronazen.pl\/gryf\/wp-content\/uploads\/2013\/09\/54-regaty-GWG.jpg 401w, http:\/\/jkmgryf.stronazen.pl\/gryf\/wp-content\/uploads\/2013\/09\/54-regaty-GWG-300x276.jpg 300w\" sizes=\"(max-width: 401px) 100vw, 401px\" \/><\/a><\/div><div class=\"style3info\"><h3>54 Regaty GWG 2013 &#8211; relacja z pok\u0142adu &#8220;Jaricho&#8221;<\/h3><div class=\"shortdesc\">By\u0142y to bardzo fajne regaty pe\u0142ne zwrot\u00f3w akcji i wymagaj\u0105ce niez\u0142ej taktyki i zrozumienia lokalnych&hellip;<\/div><div class=\"shortmore\"><a href=\"http:\/\/jkmgryf.stronazen.pl\/gryf\/54-regaty-gdynia-wladyslawowo-gdynia-2013-relacja-z-pokladu-jaricho\/\"><\/a><\/div><\/div><\/div><div class=\"clear\"><\/div><div class=\"post_block_style3 \"><div class=\"style3thumb\"><a href=\"http:\/\/jkmgryf.stronazen.pl\/gryf\/renata-loska-2013-orionem-do-londynu\/\" title=\"Renata Loska &#8211; 2013 Orionem do Londynu\"><img width=\"401\" height=\"369\" src=\"http:\/\/jkmgryf.stronazen.pl\/gryf\/wp-content\/uploads\/2013\/09\/2013-Orionem-do-Londynu.jpg\" class=\"attachment-full size-full wp-post-image\" alt=\"\" loading=\"lazy\" srcset=\"http:\/\/jkmgryf.stronazen.pl\/gryf\/wp-content\/uploads\/2013\/09\/2013-Orionem-do-Londynu.jpg 401w, http:\/\/jkmgryf.stronazen.pl\/gryf\/wp-content\/uploads\/2013\/09\/2013-Orionem-do-Londynu-300x276.jpg 300w\" sizes=\"(max-width: 401px) 100vw, 401px\" \/><\/a><\/div><div class=\"style3info\"><h3>Renata Loska &#8211; 2013 Orionem do Londynu<\/h3><div class=\"shortdesc\">Relacja z rejsu s\/y ORION do Londynu Gdynia - Londyn - Gdynia,\u00a0Lipiec - Sierpie\u0144 2013\u00a0\u00a0\"W&hellip;<\/div><div class=\"shortmore\"><a href=\"http:\/\/jkmgryf.stronazen.pl\/gryf\/renata-loska-2013-orionem-do-londynu\/\"><\/a><\/div><\/div><\/div><div class=\"post_block_style3 no_margin_right\"><div class=\"style3thumb\"><a href=\"http:\/\/jkmgryf.stronazen.pl\/gryf\/renata-loska-2012-orionem-do-amsterdamu\/\" title=\"Renata Loska &#8211; 2012 Orionem do Amsterdamu\"><img width=\"401\" height=\"369\" src=\"http:\/\/jkmgryf.stronazen.pl\/gryf\/wp-content\/uploads\/2012\/09\/orionem_do_Amsterdamu.jpg\" class=\"attachment-full size-full wp-post-image\" alt=\"\" loading=\"lazy\" srcset=\"http:\/\/jkmgryf.stronazen.pl\/gryf\/wp-content\/uploads\/2012\/09\/orionem_do_Amsterdamu.jpg 401w, http:\/\/jkmgryf.stronazen.pl\/gryf\/wp-content\/uploads\/2012\/09\/orionem_do_Amsterdamu-300x276.jpg 300w\" sizes=\"(max-width: 401px) 100vw, 401px\" \/><\/a><\/div><div class=\"style3info\"><h3>Renata Loska &#8211; 2012 Orionem do Amsterdamu<\/h3><div class=\"shortdesc\">Relacja z rejsu s\/y ORION do Amsterdamu Gdynia - Amsterdam - Gdynia,\u00a0Lipiec - Sierpie\u0144 2012&hellip;<\/div><div class=\"shortmore\"><a href=\"http:\/\/jkmgryf.stronazen.pl\/gryf\/renata-loska-2012-orionem-do-amsterdamu\/\"><\/a><\/div><\/div><\/div><div class=\"clear\"><\/div><div class=\"post_block_style3 \"><div class=\"style3thumb\"><a href=\"http:\/\/jkmgryf.stronazen.pl\/gryf\/stanislaw-konieczny-2011-orion-w-rejsie-do-norwegii\/\" title=\"Stanis\u0142aw Konieczny &#8211; 2011 \u201eOrion\u201d w Norwegii\"><img width=\"401\" height=\"369\" src=\"http:\/\/jkmgryf.stronazen.pl\/gryf\/wp-content\/uploads\/2011\/09\/2011-\u201eOrion\u201d-w-Norwegii.jpg\" class=\"attachment-full size-full wp-post-image\" alt=\"\" loading=\"lazy\" srcset=\"http:\/\/jkmgryf.stronazen.pl\/gryf\/wp-content\/uploads\/2011\/09\/2011-\u201eOrion\u201d-w-Norwegii.jpg 401w, http:\/\/jkmgryf.stronazen.pl\/gryf\/wp-content\/uploads\/2011\/09\/2011-\u201eOrion\u201d-w-Norwegii-300x276.jpg 300w\" sizes=\"(max-width: 401px) 100vw, 401px\" \/><\/a><\/div><div class=\"style3info\"><h3>Stanis\u0142aw Konieczny &#8211; 2011 \u201eOrion\u201d w Norwegii<\/h3><div class=\"shortdesc\">Relacja z rejsu s\/y ORION do Norwegii Gdynia-Stavanger-Oslo-Gdynia Lipiec 2011 Jesienne wspomnienia porejsowe obok wspomnie\u0144&hellip;<\/div><div class=\"shortmore\"><a href=\"http:\/\/jkmgryf.stronazen.pl\/gryf\/stanislaw-konieczny-2011-orion-w-rejsie-do-norwegii\/\"><\/a><\/div><\/div><\/div><div class=\"post_block_style3 no_margin_right\"><div class=\"style3thumb\"><a href=\"http:\/\/jkmgryf.stronazen.pl\/gryf\/pawel-boksa-2011-moonraker-w-kieler-woche\/\" title=\"Pawe\u0142 Boksa &#8211; 2011 Moonraker w Kieler Woche\"><img width=\"505\" height=\"379\" src=\"http:\/\/jkmgryf.stronazen.pl\/gryf\/wp-content\/uploads\/2011\/08\/KIELER-WOCHE.jpg\" class=\"attachment-full size-full wp-post-image\" alt=\"\" loading=\"lazy\" srcset=\"http:\/\/jkmgryf.stronazen.pl\/gryf\/wp-content\/uploads\/2011\/08\/KIELER-WOCHE.jpg 505w, http:\/\/jkmgryf.stronazen.pl\/gryf\/wp-content\/uploads\/2011\/08\/KIELER-WOCHE-300x225.jpg 300w\" sizes=\"(max-width: 505px) 100vw, 505px\" \/><\/a><\/div><div class=\"style3info\"><h3>Pawe\u0142 Boksa &#8211; 2011 Moonraker w Kieler Woche<\/h3><div class=\"shortdesc\">MOONRAKER pi\u0105ty w Kieler Woche 2011 Regat Kieler Woche sympatykom \u017ceglarstwa przedstawia\u0107 nie trzeba. To&hellip;<\/div><div class=\"shortmore\"><a href=\"http:\/\/jkmgryf.stronazen.pl\/gryf\/pawel-boksa-2011-moonraker-w-kieler-woche\/\"><\/a><\/div><\/div><\/div><div class=\"clear\"><\/div><div class=\"post_block_style3 \"><div class=\"style3thumb\"><a href=\"http:\/\/jkmgryf.stronazen.pl\/gryf\/stanislaw-konieczny-2010-orion-na-zlocie-w-bremerhaven\/\" title=\"Stanis\u0142aw Konieczny &#8211; 2010 \u201eOrion\u201d na zlocie w Bremerhaven\"><img width=\"401\" height=\"369\" src=\"http:\/\/jkmgryf.stronazen.pl\/gryf\/wp-content\/uploads\/2010\/09\/\u201eOrion\u201d-na-zlocie-w-Bremerhaven.jpg\" class=\"attachment-full size-full wp-post-image\" alt=\"\" loading=\"lazy\" srcset=\"http:\/\/jkmgryf.stronazen.pl\/gryf\/wp-content\/uploads\/2010\/09\/\u201eOrion\u201d-na-zlocie-w-Bremerhaven.jpg 401w, http:\/\/jkmgryf.stronazen.pl\/gryf\/wp-content\/uploads\/2010\/09\/\u201eOrion\u201d-na-zlocie-w-Bremerhaven-300x276.jpg 300w\" sizes=\"(max-width: 401px) 100vw, 401px\" \/><\/a><\/div><div class=\"style3info\"><h3>Stanis\u0142aw Konieczny &#8211; 2010 \u201eOrion\u201d na zlocie w Bremerhaven<\/h3><div class=\"shortdesc\">ORION na SAIL BREMERHAVEN 2010 - dodatkowa informacja Zbyszka Witbrota Do relacji Staszka Koniecznego z&hellip;<\/div><div class=\"shortmore\"><a href=\"http:\/\/jkmgryf.stronazen.pl\/gryf\/stanislaw-konieczny-2010-orion-na-zlocie-w-bremerhaven\/\"><\/a><\/div><\/div><\/div><div class=\"post_block_style3 no_margin_right\"><div class=\"style3thumb\"><a href=\"http:\/\/jkmgryf.stronazen.pl\/gryf\/tomasz-konnak-2010-pallas-w-baltic-open-regatta-litwa-lotwa\/\" title=\"Tomasz Konnak &#8211; 2010 Pallas w Baltic Open Regatta (Litwa, \u0141otwa)\"><img width=\"401\" height=\"369\" src=\"http:\/\/jkmgryf.stronazen.pl\/gryf\/wp-content\/uploads\/2010\/08\/Tomasz-Konnak-2010-Pallas.jpg\" class=\"attachment-full size-full wp-post-image\" alt=\"\" loading=\"lazy\" srcset=\"http:\/\/jkmgryf.stronazen.pl\/gryf\/wp-content\/uploads\/2010\/08\/Tomasz-Konnak-2010-Pallas.jpg 401w, http:\/\/jkmgryf.stronazen.pl\/gryf\/wp-content\/uploads\/2010\/08\/Tomasz-Konnak-2010-Pallas-300x276.jpg 300w\" sizes=\"(max-width: 401px) 100vw, 401px\" \/><\/a><\/div><div class=\"style3info\"><h3>Tomasz Konnak &#8211; 2010 Pallas w Baltic Open Regatta (Litwa, \u0141otwa)<\/h3><div class=\"shortdesc\">2010 - Pallas w Baltic Open Regatta (Litwa, \u0141otwa) O tych regatach pomy\u015bla\u0142em po raz&hellip;<\/div><div class=\"shortmore\"><a href=\"http:\/\/jkmgryf.stronazen.pl\/gryf\/tomasz-konnak-2010-pallas-w-baltic-open-regatta-litwa-lotwa\/\"><\/a><\/div><\/div><\/div><div class=\"clear\"><\/div><div class=\"post_block_style3 \"><div class=\"style3thumb\"><a href=\"http:\/\/jkmgryf.stronazen.pl\/gryf\/karolina-arczewska-2010-andromeda-turystycznie\/\" title=\"Karolina Arczewska &#8211; 2010 Andromed\u0105 turystycznie\"><img width=\"401\" height=\"369\" src=\"http:\/\/jkmgryf.stronazen.pl\/gryf\/wp-content\/uploads\/2010\/08\/2010-r.-Andromed\u0105-turystycznie.jpg\" class=\"attachment-full size-full wp-post-image\" alt=\"\" loading=\"lazy\" srcset=\"http:\/\/jkmgryf.stronazen.pl\/gryf\/wp-content\/uploads\/2010\/08\/2010-r.-Andromed\u0105-turystycznie.jpg 401w, http:\/\/jkmgryf.stronazen.pl\/gryf\/wp-content\/uploads\/2010\/08\/2010-r.-Andromed\u0105-turystycznie-300x276.jpg 300w\" sizes=\"(max-width: 401px) 100vw, 401px\" \/><\/a><\/div><div class=\"style3info\"><h3>Karolina Arczewska &#8211; 2010 Andromed\u0105 turystycznie<\/h3><div class=\"shortdesc\">ANDROMEDA 31.07.2010 \u2013 15.08.2010 Chocia\u017c od wyp\u0142yni\u0119cia w rejs min\u0119\u0142o ju\u017c naprawd\u0119 wiele czasu, wspomnienie&hellip;<\/div><div class=\"shortmore\"><a href=\"http:\/\/jkmgryf.stronazen.pl\/gryf\/karolina-arczewska-2010-andromeda-turystycznie\/\"><\/a><\/div><\/div><\/div><div class=\"post_block_style3 no_margin_right\"><div class=\"style3thumb\"><a href=\"http:\/\/jkmgryf.stronazen.pl\/gryf\/stanislaw-konieczny-2009-orion-w-the-tall-ships-races\/\" title=\"Stanis\u0142aw Konieczny &#8211; 2009 Orion w The Tall Ships&#8217; Races\"><img width=\"401\" height=\"369\" src=\"http:\/\/jkmgryf.stronazen.pl\/gryf\/wp-content\/uploads\/2009\/09\/2009-Orion-w-The-Tall-Ships-Races.jpg\" class=\"attachment-full size-full wp-post-image\" alt=\"\" loading=\"lazy\" srcset=\"http:\/\/jkmgryf.stronazen.pl\/gryf\/wp-content\/uploads\/2009\/09\/2009-Orion-w-The-Tall-Ships-Races.jpg 401w, http:\/\/jkmgryf.stronazen.pl\/gryf\/wp-content\/uploads\/2009\/09\/2009-Orion-w-The-Tall-Ships-Races-300x276.jpg 300w\" sizes=\"(max-width: 401px) 100vw, 401px\" \/><\/a><\/div><div class=\"style3info\"><h3>Stanis\u0142aw Konieczny &#8211; 2009 Orion w The Tall Ships&#8217; Races<\/h3><div class=\"shortdesc\">S\/y ORION i udzia\u0142 w regatach TSR 2009 GDYNIA - ST. PETERSBURG &nbsp; Rok 2009&hellip;<\/div><div class=\"shortmore\"><a href=\"http:\/\/jkmgryf.stronazen.pl\/gryf\/stanislaw-konieczny-2009-orion-w-the-tall-ships-races\/\"><\/a><\/div><\/div><\/div><div class=\"clear\"><\/div><\/div>\n<div class=\"su-spacer\" style=\"height:40px\"><\/div>\n<div class=\"su-button-center\"><a href=\"http:\/\/www.jkmgryf.pl\/index.php?option=com_content&amp;view=category&amp;layout=blog&amp;id=8&amp;Itemid=14\" class=\"su-button su-button-style-soft\" style=\"color:#FFFFFF;background-color:#109fd3 ;border-color:#109fd3 ;border-radius:0px;-moz-border-radius:0px;-webkit-border-radius:0px\" target=\"_blank\" rel=\"noopener noreferrer\"><span style=\"color:#FFFFFF;padding:0px 22px;font-size:17px;line-height:34px;border-color:#109fd3 ;border-radius:0px;-moz-border-radius:0px;-webkit-border-radius:0px;text-shadow:none;-moz-text-shadow:none;-webkit-text-shadow:none\"> archiwum<small style=\"padding-bottom:7px;color:#FFFFFF\">zobacz archiwum wspomnie\u0144<\/small><\/span><\/a><\/div>\n<p>&nbsp;<\/p>\n","protected":false},"excerpt":{"rendered":"<p>&nbsp;<\/p>\n","protected":false},"author":1,"featured_media":586,"parent":519,"menu_order":0,"comment_status":"closed","ping_status":"closed","template":"templates\/page-fullwidth_template.php","meta":[],"yoast_head":"<!-- This site is optimized with the Yoast SEO plugin v15.9.2 - https:\/\/yoast.com\/wordpress\/plugins\/seo\/ -->\n<title>wspomnienia - JKM GRYF<\/title>\n<link rel=\"canonical\" href=\"http:\/\/jkmgryf.stronazen.pl\/gryf\/historia_jkm_gryf\/wspomnienia\/\" \/>\n<meta property=\"og:locale\" content=\"pl_PL\" \/>\n<meta property=\"og:type\" content=\"article\" \/>\n<meta property=\"og:title\" content=\"wspomnienia - JKM GRYF\" \/>\n<meta property=\"og:description\" content=\"&nbsp;\" \/>\n<meta property=\"og:url\" content=\"http:\/\/jkmgryf.stronazen.pl\/gryf\/historia_jkm_gryf\/wspomnienia\/\" \/>\n<meta property=\"og:site_name\" content=\"JKM GRYF\" \/>\n<meta property=\"article:modified_time\" content=\"2018-09-06T17:58:18+00:00\" \/>\n<meta property=\"og:image\" content=\"http:\/\/jkmgryf.stronazen.pl\/gryf\/wp-content\/uploads\/2018\/06\/wspomnienia_obr_wyr2.jpg\" \/>\n\t<meta property=\"og:image:width\" content=\"1903\" \/>\n\t<meta property=\"og:image:height\" content=\"1185\" \/>\n<meta name=\"twitter:card\" content=\"summary_large_image\" \/>\n<script type=\"application\/ld+json\" class=\"yoast-schema-graph\">{\"@context\":\"https:\/\/schema.org\",\"@graph\":[{\"@type\":\"WebSite\",\"@id\":\"http:\/\/jkmgryf.stronazen.pl\/gryf\/#website\",\"url\":\"http:\/\/jkmgryf.stronazen.pl\/gryf\/\",\"name\":\"JKM GRYF\",\"description\":\"\",\"potentialAction\":[{\"@type\":\"SearchAction\",\"target\":\"http:\/\/jkmgryf.stronazen.pl\/gryf\/?s={search_term_string}\",\"query-input\":\"required name=search_term_string\"}],\"inLanguage\":\"pl-PL\"},{\"@type\":\"ImageObject\",\"@id\":\"http:\/\/jkmgryf.stronazen.pl\/gryf\/historia_jkm_gryf\/wspomnienia\/#primaryimage\",\"inLanguage\":\"pl-PL\",\"url\":\"http:\/\/jkmgryf.stronazen.pl\/gryf\/wp-content\/uploads\/2018\/06\/wspomnienia_obr_wyr2.jpg\",\"width\":1903,\"height\":1185},{\"@type\":\"WebPage\",\"@id\":\"http:\/\/jkmgryf.stronazen.pl\/gryf\/historia_jkm_gryf\/wspomnienia\/#webpage\",\"url\":\"http:\/\/jkmgryf.stronazen.pl\/gryf\/historia_jkm_gryf\/wspomnienia\/\",\"name\":\"wspomnienia - JKM GRYF\",\"isPartOf\":{\"@id\":\"http:\/\/jkmgryf.stronazen.pl\/gryf\/#website\"},\"primaryImageOfPage\":{\"@id\":\"http:\/\/jkmgryf.stronazen.pl\/gryf\/historia_jkm_gryf\/wspomnienia\/#primaryimage\"},\"datePublished\":\"2018-05-15T12:54:50+00:00\",\"dateModified\":\"2018-09-06T17:58:18+00:00\",\"breadcrumb\":{\"@id\":\"http:\/\/jkmgryf.stronazen.pl\/gryf\/historia_jkm_gryf\/wspomnienia\/#breadcrumb\"},\"inLanguage\":\"pl-PL\",\"potentialAction\":[{\"@type\":\"ReadAction\",\"target\":[\"http:\/\/jkmgryf.stronazen.pl\/gryf\/historia_jkm_gryf\/wspomnienia\/\"]}]},{\"@type\":\"BreadcrumbList\",\"@id\":\"http:\/\/jkmgryf.stronazen.pl\/gryf\/historia_jkm_gryf\/wspomnienia\/#breadcrumb\",\"itemListElement\":[{\"@type\":\"ListItem\",\"position\":1,\"item\":{\"@type\":\"WebPage\",\"@id\":\"http:\/\/jkmgryf.stronazen.pl\/gryf\/\",\"url\":\"http:\/\/jkmgryf.stronazen.pl\/gryf\/\",\"name\":\"Strona g\\u0142\\u00f3wna\"}},{\"@type\":\"ListItem\",\"position\":2,\"item\":{\"@type\":\"WebPage\",\"@id\":\"http:\/\/jkmgryf.stronazen.pl\/gryf\/historia_jkm_gryf\/\",\"url\":\"http:\/\/jkmgryf.stronazen.pl\/gryf\/historia_jkm_gryf\/\",\"name\":\"Historia JKM Gryf\"}},{\"@type\":\"ListItem\",\"position\":3,\"item\":{\"@type\":\"WebPage\",\"@id\":\"http:\/\/jkmgryf.stronazen.pl\/gryf\/historia_jkm_gryf\/wspomnienia\/\",\"url\":\"http:\/\/jkmgryf.stronazen.pl\/gryf\/historia_jkm_gryf\/wspomnienia\/\",\"name\":\"wspomnienia\"}}]}]}<\/script>\n<!-- \/ Yoast SEO plugin. -->","_links":{"self":[{"href":"http:\/\/jkmgryf.stronazen.pl\/gryf\/wp-json\/wp\/v2\/pages\/228"}],"collection":[{"href":"http:\/\/jkmgryf.stronazen.pl\/gryf\/wp-json\/wp\/v2\/pages"}],"about":[{"href":"http:\/\/jkmgryf.stronazen.pl\/gryf\/wp-json\/wp\/v2\/types\/page"}],"author":[{"embeddable":true,"href":"http:\/\/jkmgryf.stronazen.pl\/gryf\/wp-json\/wp\/v2\/users\/1"}],"replies":[{"embeddable":true,"href":"http:\/\/jkmgryf.stronazen.pl\/gryf\/wp-json\/wp\/v2\/comments?post=228"}],"version-history":[{"count":32,"href":"http:\/\/jkmgryf.stronazen.pl\/gryf\/wp-json\/wp\/v2\/pages\/228\/revisions"}],"predecessor-version":[{"id":1362,"href":"http:\/\/jkmgryf.stronazen.pl\/gryf\/wp-json\/wp\/v2\/pages\/228\/revisions\/1362"}],"up":[{"embeddable":true,"href":"http:\/\/jkmgryf.stronazen.pl\/gryf\/wp-json\/wp\/v2\/pages\/519"}],"wp:featuredmedia":[{"embeddable":true,"href":"http:\/\/jkmgryf.stronazen.pl\/gryf\/wp-json\/wp\/v2\/media\/586"}],"wp:attachment":[{"href":"http:\/\/jkmgryf.stronazen.pl\/gryf\/wp-json\/wp\/v2\/media?parent=228"}],"curies":[{"name":"wp","href":"https:\/\/api.w.org\/{rel}","templated":true}]}}