{"id":224,"date":"2018-05-15T14:54:28","date_gmt":"2018-05-15T12:54:28","guid":{"rendered":"http:\/\/jkmgryf.stronazen.pl\/gryf\/?page_id=224"},"modified":"2018-10-10T20:58:58","modified_gmt":"2018-10-10T18:58:58","slug":"wydarzenia","status":"publish","type":"page","link":"http:\/\/jkmgryf.stronazen.pl\/gryf\/aktualnosci\/wydarzenia\/","title":{"rendered":"wydarzenia"},"content":{"rendered":"\r\n\t\t\t <div class=\"perfectbox\">\r\n\t\t\t\t\t\t<a href=\"http:\/\/jkmgryf.stronazen.pl\/gryf\/upcoming-trips\/regaty-90-lecia-jkm-gryf\/\" target=\"_self\"><div class=\"perfectborder\">\r\n\t\t\t\t\t\t\t <div class=\"perf-thumb\"><img src=\"http:\/\/jkmgryf.stronazen.pl\/gryf\/wp-content\/uploads\/2018\/06\/90_lat.jpg\"\/><\/div>\r\n\t\t\t\t\t\t\t <div class=\"perf-title\"><h3>regaty 90-lecia<\/h3><\/div>\r\n\t\t\t\t\t\t\t <div class=\"perf-description\">Gdynia - Olands Sodra Grund - Gdynia, o d\u0142ugo\u015bci 250 mil.<\/div>\t\r\n\t\t\t\t\t\t<\/div><\/a>\r\n\t\t\t <\/div>\r\n\t\t\n\r\n\t\t\t <div class=\"perfectbox\">\r\n\t\t\t\t\t\t<a href=\"http:\/\/jkmgryf.stronazen.pl\/gryf\/aktualnosci\/wydarzenia\/xxviii-regaty-samotnikow-w-2018-roku\/\" target=\"_self\"><div class=\"perfectborder\">\r\n\t\t\t\t\t\t\t <div class=\"perf-thumb\"><img src=\"http:\/\/jkmgryf.stronazen.pl\/gryf\/wp-content\/uploads\/2018\/06\/plakat_sam2018.jpg\"\/><\/div>\r\n\t\t\t\t\t\t\t <div class=\"perf-title\"><h3>regaty samotnik\u00f3w<\/h3><\/div>\r\n\t\t\t\t\t\t\t <div class=\"perf-description\">Kolejna edycja legendarnych regat samotnik\u00f3w. Wyzwanie dla najlepszych \u017ceglarzy.<\/div>\t\r\n\t\t\t\t\t\t<\/div><\/a>\r\n\t\t\t <\/div>\r\n\t\t\n\r\n\t\t\t <div class=\"perfectbox\">\r\n\t\t\t\t\t\t<a href=\"http:\/\/jkmgryf.stronazen.pl\/gryf\/aktualnosci\/wydarzenia\/nocne-regaty-gdynia-wladyslawowo-gdynia\/\" target=\"_self\"><div class=\"perfectborder\">\r\n\t\t\t\t\t\t\t <div class=\"perf-thumb\"><img src=\"http:\/\/jkmgryf.stronazen.pl\/gryf\/wp-content\/uploads\/2018\/06\/plakat_gwg2018.jpg\"\/><\/div>\r\n\t\t\t\t\t\t\t <div class=\"perf-title\"><h3>nocne regaty GWG<\/h3><\/div>\r\n\t\t\t\t\t\t\t <div class=\"perf-description\">Nocne regaty Gdynia - W\u0142adys\u0142awowo-Gdynia to znakomita okazja, by sprawdzi\u0107 siebie i swoj\u0105 za\u0142og\u0119 w trudnych warunkach.<\/div>\t\r\n\t\t\t\t\t\t<\/div><\/a>\r\n\t\t\t <\/div>\r\n\t\t\n","protected":false},"excerpt":{"rendered":"","protected":false},"author":1,"featured_media":1662,"parent":222,"menu_order":0,"comment_status":"closed","ping_status":"closed","template":"templates\/page-fullwidth_template.php","meta":[],"yoast_head":"<!-- This site is optimized with the Yoast SEO plugin v15.9.2 - https:\/\/yoast.com\/wordpress\/plugins\/seo\/ -->\n<title>wydarzenia - JKM GRYF<\/title>\n<link rel=\"canonical\" href=\"http:\/\/jkmgryf.stronazen.pl\/gryf\/aktualnosci\/wydarzenia\/\" \/>\n<meta property=\"og:locale\" content=\"pl_PL\" \/>\n<meta property=\"og:type\" content=\"article\" \/>\n<meta property=\"og:title\" content=\"wydarzenia - JKM GRYF\" \/>\n<meta property=\"og:url\" content=\"http:\/\/jkmgryf.stronazen.pl\/gryf\/aktualnosci\/wydarzenia\/\" \/>\n<meta property=\"og:site_name\" content=\"JKM GRYF\" \/>\n<meta property=\"article:modified_time\" content=\"2018-10-10T18:58:58+00:00\" \/>\n<meta property=\"og:image\" content=\"http:\/\/jkmgryf.stronazen.pl\/gryf\/wp-content\/uploads\/2018\/10\/regaty_1903x309p2.jpg\" \/>\n\t<meta property=\"og:image:width\" content=\"1903\" \/>\n\t<meta property=\"og:image:height\" content=\"309\" \/>\n<meta name=\"twitter:card\" content=\"summary_large_image\" \/>\n<meta name=\"twitter:label1\" content=\"Est. reading time\">\n\t<meta name=\"twitter:data1\" content=\"1 minuta\">\n<script type=\"application\/ld+json\" class=\"yoast-schema-graph\">{\"@context\":\"https:\/\/schema.org\",\"@graph\":[{\"@type\":\"WebSite\",\"@id\":\"http:\/\/jkmgryf.stronazen.pl\/gryf\/#website\",\"url\":\"http:\/\/jkmgryf.stronazen.pl\/gryf\/\",\"name\":\"JKM GRYF\",\"description\":\"\",\"potentialAction\":[{\"@type\":\"SearchAction\",\"target\":\"http:\/\/jkmgryf.stronazen.pl\/gryf\/?s={search_term_string}\",\"query-input\":\"required name=search_term_string\"}],\"inLanguage\":\"pl-PL\"},{\"@type\":\"ImageObject\",\"@id\":\"http:\/\/jkmgryf.stronazen.pl\/gryf\/aktualnosci\/wydarzenia\/#primaryimage\",\"inLanguage\":\"pl-PL\",\"url\":\"http:\/\/jkmgryf.stronazen.pl\/gryf\/wp-content\/uploads\/2018\/10\/regaty_1903x309p2.jpg\",\"width\":1903,\"height\":309},{\"@type\":\"WebPage\",\"@id\":\"http:\/\/jkmgryf.stronazen.pl\/gryf\/aktualnosci\/wydarzenia\/#webpage\",\"url\":\"http:\/\/jkmgryf.stronazen.pl\/gryf\/aktualnosci\/wydarzenia\/\",\"name\":\"wydarzenia - JKM GRYF\",\"isPartOf\":{\"@id\":\"http:\/\/jkmgryf.stronazen.pl\/gryf\/#website\"},\"primaryImageOfPage\":{\"@id\":\"http:\/\/jkmgryf.stronazen.pl\/gryf\/aktualnosci\/wydarzenia\/#primaryimage\"},\"datePublished\":\"2018-05-15T12:54:28+00:00\",\"dateModified\":\"2018-10-10T18:58:58+00:00\",\"breadcrumb\":{\"@id\":\"http:\/\/jkmgryf.stronazen.pl\/gryf\/aktualnosci\/wydarzenia\/#breadcrumb\"},\"inLanguage\":\"pl-PL\",\"potentialAction\":[{\"@type\":\"ReadAction\",\"target\":[\"http:\/\/jkmgryf.stronazen.pl\/gryf\/aktualnosci\/wydarzenia\/\"]}]},{\"@type\":\"BreadcrumbList\",\"@id\":\"http:\/\/jkmgryf.stronazen.pl\/gryf\/aktualnosci\/wydarzenia\/#breadcrumb\",\"itemListElement\":[{\"@type\":\"ListItem\",\"position\":1,\"item\":{\"@type\":\"WebPage\",\"@id\":\"http:\/\/jkmgryf.stronazen.pl\/gryf\/\",\"url\":\"http:\/\/jkmgryf.stronazen.pl\/gryf\/\",\"name\":\"Strona g\\u0142\\u00f3wna\"}},{\"@type\":\"ListItem\",\"position\":2,\"item\":{\"@type\":\"WebPage\",\"@id\":\"http:\/\/jkmgryf.stronazen.pl\/gryf\/aktualnosci\/\",\"url\":\"http:\/\/jkmgryf.stronazen.pl\/gryf\/aktualnosci\/\",\"name\":\"Aktualno\\u015bci\"}},{\"@type\":\"ListItem\",\"position\":3,\"item\":{\"@type\":\"WebPage\",\"@id\":\"http:\/\/jkmgryf.stronazen.pl\/gryf\/aktualnosci\/wydarzenia\/\",\"url\":\"http:\/\/jkmgryf.stronazen.pl\/gryf\/aktualnosci\/wydarzenia\/\",\"name\":\"wydarzenia\"}}]}]}<\/script>\n<!-- \/ Yoast SEO plugin. -->","_links":{"self":[{"href":"http:\/\/jkmgryf.stronazen.pl\/gryf\/wp-json\/wp\/v2\/pages\/224"}],"collection":[{"href":"http:\/\/jkmgryf.stronazen.pl\/gryf\/wp-json\/wp\/v2\/pages"}],"about":[{"href":"http:\/\/jkmgryf.stronazen.pl\/gryf\/wp-json\/wp\/v2\/types\/page"}],"author":[{"embeddable":true,"href":"http:\/\/jkmgryf.stronazen.pl\/gryf\/wp-json\/wp\/v2\/users\/1"}],"replies":[{"embeddable":true,"href":"http:\/\/jkmgryf.stronazen.pl\/gryf\/wp-json\/wp\/v2\/comments?post=224"}],"version-history":[{"count":21,"href":"http:\/\/jkmgryf.stronazen.pl\/gryf\/wp-json\/wp\/v2\/pages\/224\/revisions"}],"predecessor-version":[{"id":1657,"href":"http:\/\/jkmgryf.stronazen.pl\/gryf\/wp-json\/wp\/v2\/pages\/224\/revisions\/1657"}],"up":[{"embeddable":true,"href":"http:\/\/jkmgryf.stronazen.pl\/gryf\/wp-json\/wp\/v2\/pages\/222"}],"wp:featuredmedia":[{"embeddable":true,"href":"http:\/\/jkmgryf.stronazen.pl\/gryf\/wp-json\/wp\/v2\/media\/1662"}],"wp:attachment":[{"href":"http:\/\/jkmgryf.stronazen.pl\/gryf\/wp-json\/wp\/v2\/media?parent=224"}],"curies":[{"name":"wp","href":"https:\/\/api.w.org\/{rel}","templated":true}]}}