{"id":220,"date":"2018-05-15T14:54:05","date_gmt":"2018-05-15T12:54:05","guid":{"rendered":"http:\/\/jkmgryf.stronazen.pl\/gryf\/?page_id=220"},"modified":"2018-10-10T21:22:24","modified_gmt":"2018-10-10T19:22:24","slug":"warunki-korzystania-z-jachtow","status":"publish","type":"page","link":"http:\/\/jkmgryf.stronazen.pl\/gryf\/jachty\/warunki-korzystania-z-jachtow\/","title":{"rendered":"Warunki korzystania z jacht\u00f3w i bazy klubowej"},"content":{"rendered":"<p>Z klubowego sprz\u0119tu p\u0142ywaj\u0105cego maj\u0105 prawo korzysta\u0107 wy\u0142\u0105cznie cz\u0142onkowie Klubu, a tak\u017ce osoby im towarzyszace, na zasadach i warunkach okre\u015blonych w uchwale Zarz\u0105du z dnia 17 sierpnia 2015 r.<\/p>\n<p><strong>Za\u0142ogi jacht\u00f3w wnosz\u0105 na rzecz Klubu op\u0142at\u0119 za p\u0142ywanie wg poni\u017cszej tabeli:<\/strong><\/p>\n<div id=\"tablepress-2-scroll-wrapper\" class=\"tablepress-scroll-wrapper\">\n\n<table id=\"tablepress-2\" class=\"tablepress tablepress-id-2 tabelaoplat tablepress-responsive\">\n<thead>\n<tr class=\"row-1 odd\">\n\t<th class=\"column-1\">jacht<\/th><th class=\"column-2\">                           cz\u0142onkowie klubu<br \/>\n(doro\u015bli)<\/th><th class=\"column-3\">cz\u0142onkowie klubu<br \/>\n(m\u0142odzie\u017c ucz\u0105ca si\u0119, dzieci, emeryci, kapitan jachtu)<\/th><th class=\"column-4\">Osoby towarzysz\u0105ce cz\u0142onkom klubu<br \/>\n(najbli\u017csza rodzina)<\/th>\n<\/tr>\n<\/thead>\n<tbody class=\"row-hover\">\n<tr class=\"row-2 even\">\n\t<td class=\"column-1\">Orion<br \/>\n<br \/>\nAndromeda<\/td><td class=\"column-2\">12,00<\/td><td class=\"column-3\">6,00<\/td><td class=\"column-4\">20,00<\/td>\n<\/tr>\n<tr class=\"row-3 odd\">\n\t<td class=\"column-1\">Albatros<br \/>\n<br \/>\nArchimedes<br \/>\n<br \/>\nTauri<br \/>\n<br \/>\nAlcor<\/td><td class=\"column-2\">10,00<\/td><td class=\"column-3\">5,00<\/td><td class=\"column-4\">20,00<\/td>\n<\/tr>\n<tr class=\"row-4 even\">\n\t<td class=\"column-1\">Umi<\/td><td class=\"column-2\">9,00<\/td><td class=\"column-3\">4,50<\/td><td class=\"column-4\">20,00<\/td>\n<\/tr>\n<tr class=\"row-5 odd\">\n\t<td class=\"column-1\">Zefirek<br \/>\n<br \/>\nPallas<\/td><td class=\"column-2\">8,00<\/td><td class=\"column-3\">4,00<\/td><td class=\"column-4\">20,00<\/td>\n<\/tr>\n<\/tbody>\n<\/table>\n\n<\/div><!-- #tablepress-2 from cache -->\n<hr \/>\n<p><i>Uwaga: pod poj\u0119ciem \u201em\u0142odzie\u017c\u201d nale\u017cy rozumie\u0107 osoby ucz\u0105ce si\u0119 lub studiuj\u0105ce w szko\u0142ach lub uczelniach dziennych (do 26 r\u017c.); nie wieczorowych czy zaocznych.<\/i><\/p>\n<p>&nbsp;<\/p>\n<p><strong>Zwolnieni od wnoszenia w\/w op\u0142aty s\u0105:<\/strong>Cz\u0142onkowie Honorowi Klubu, Opiekun jachtu ustanowiony przez Zarz\u0105d Klubu na dany rok, sponsorzy Klubu lub jachtu, zaproszeni przez Zarz\u0105d go\u015bcie, uczestnicy regat, s\u0142uchacze klubowych kurs\u00f3w \u017ceglarskich i motorowodnych oraz instruktorzy w czasie prowadzenia zaj\u0119\u0107 praktycznych w ramach kursu.<\/p>\n<p><b>Cz\u0142onkowie Klubu, kt\u00f3rzy nie wyka\u017c\u0105 si\u0119 conajmniej 20-godzinami pracy na rzecz Klubu (remonty jacht\u00f3w, prace na rzecz klubu itp.) zobowi\u0105zani s\u0105 ui\u015bci\u0107 op\u0142at\u0119 200 z\u0142 za nieprzepracowane godziny (10 z\u0142 za godzin\u0119).<\/b><\/p>\n<p>Za\u0142oga ponosi w czasie rejsu wszystkie koszty eksploatacyjne jachtu, a tak\u017ce, solidarnie, pe\u0142n\u0105 odpowiedzialno\u015b\u0107 materialno-prawn\u0105 za wszelkie szkody i awarie powsta\u0142e na jachcie od momentu przej\u0119cia jednostki do momentu jej zwrotu. Odpowiedzialno\u015b\u0107 o kt\u00f3rej mowa obejmuje koszty naprawy szk\u00f3d i, lub usuni\u0119cia skutk\u00f3w awarii, a kt\u00f3rych odzyskanie z tytu\u0142u ubezpiczenia jachtu oka\u017ce si\u0119 dla Klubu nieop\u0142acalne, m.in. z powodu utraty zni\u017cek za tzw.\u201dbezawaryjno\u015b\u0107\u201d i kwoty\u201efranszyzy redukcyjnej\u201d (10% kosztu). Odpowiedzialno\u015b\u0107 za\u0142ogi mo\u017ce by\u0107 pomniejszona o kwot\u0119 ewentualnie uzyskanego odszkodowania z tytu\u0142u ubezpieczenia. Powy\u017csze nie dotyczy nast\u0119pstw nieszcz\u0119\u015bliwych wypadk\u00f3w\u201d (NNW) okre\u015blonych przez ubezpieczyciela.<\/p>\n<p>Wszelkie nie refundowane przez ubezpieczyciela \u2013 szkody, straty lub uszkodzenia powsta\u0142e na jachcie w trakcie rejsu, musz\u0105 by\u0107 naprawione na koszt za\u0142ogi rejsowej w terminie umo\u017cliwiaj\u0105cym dalsz\u0105 eksploatacj\u0119 jachtu.<\/p>\n<p>&nbsp;<\/p>\n<hr \/>\n<hr \/>\n<p>&nbsp;<\/p>\n<p><strong>Post\u00f3j jachtu lub sk\u0142adowanie sprz\u0119tu, materia\u0142\u00f3w itp. na terenie Klubu:<\/strong><\/p>\n<div id=\"tablepress-3-scroll-wrapper\" class=\"tablepress-scroll-wrapper\">\n\n<table id=\"tablepress-3\" class=\"tablepress tablepress-id-3 tablepress-responsive\">\n<thead>\n<tr class=\"row-1 odd\">\n\t<th class=\"column-1\">miejsce<\/th><th colspan=\"2\" class=\"column-2\">Cz\u0142onkowie Klubu<\/th><th class=\"column-4\">Osoby spoza Klubu<\/th>\n<\/tr>\n<\/thead>\n<tbody class=\"row-hover\">\n<tr class=\"row-2 even\">\n\t<td rowspan=\"3\" class=\"column-1\">na l\u0105dzie<br \/>\n(teren klubu)<\/td><td class=\"column-2\">Ze sta\u017cem cz\u0142onkowskim powy\u017cej 5 lat<\/td><td class=\"column-3\"><b>10 z\u0142\/mb<\/b><\/td><td class=\"column-4\">Powy\u017cej stawki 50 z\u0142\/mb. (cena do negocjacji)<\/td>\n<\/tr>\n<tr class=\"row-3 odd\">\n\t<td class=\"column-2\">Ze sta\u017cem cz\u0142onkowskim od 3 do 5 lat<\/td><td class=\"column-3\"><b>25 z\u0142\/mb<\/b><\/td><td class=\"column-4\"><\/td>\n<\/tr>\n<tr class=\"row-4 even\">\n\t<td class=\"column-2\">Ze sta\u017cem cz\u0142onkowskim do 3 lat<\/td><td class=\"column-3\"><b>50 z\u0142\/mb<\/b><\/td><td class=\"column-4\"><\/td>\n<\/tr>\n<tr class=\"row-5 odd\">\n\t<td rowspan=\"2\" class=\"column-1\">hangar klubowy<\/td><td class=\"column-2\">Latem 1.05 \u2013 31.10<\/td><td class=\"column-3\"><b>10 z\u0142\/m2<\/b><\/td><td class=\"column-4\">Powy\u017cej stawek dla cz\u0142onk\u00f3w klubu (cena do negocjacji)<\/td>\n<\/tr>\n<tr class=\"row-6 even\">\n\t<td class=\"column-2\">Zim\u0105 1.11 \u2013 30.04<\/td><td class=\"column-3\"><b>30 z\u0142\/m2<\/b><\/td><td class=\"column-4\"><\/td>\n<\/tr>\n<tr class=\"row-7 odd\">\n\t<td rowspan=\"3\" class=\"column-1\">plac gospodarczy<\/td><td class=\"column-2\">Ze sta\u017cem cz\u0142onkowskim powy\u017cej 5 lat<\/td><td class=\"column-3\"><b>10 z\u0142\/mb<\/b><\/td><td class=\"column-4\">Powy\u017cej stawek dla cz\u0142onk\u00f3w klubu (cena do negocjacji)<\/td>\n<\/tr>\n<tr class=\"row-8 even\">\n\t<td class=\"column-2\">Ze sta\u017cem cz\u0142onkowskim od 3 do 5 lat<\/td><td class=\"column-3\"><b>25 z\u0142\/mb<\/b><\/td><td class=\"column-4\"><\/td>\n<\/tr>\n<tr class=\"row-9 odd\">\n\t<td class=\"column-2\">Ze sta\u017cem cz\u0142onkowskim do 3 lat<\/td><td class=\"column-3\"><b>50 z\u0142\/mb<\/b><\/td><td class=\"column-4\"><\/td>\n<\/tr>\n<\/tbody>\n<\/table>\n\n<\/div><!-- #tablepress-3 from cache -->\n<hr \/>\n<p><i>*op\u0142aty naliczane s\u0105 za ka\u017cdy rozpocz\u0119ty miesi\u0105c<\/i><\/p>\n<p><strong>U\u017cytkowanie pomieszcze\u0144 klubowych: <\/strong><br \/>\n<div id=\"tablepress-4-scroll-wrapper\" class=\"tablepress-scroll-wrapper\">\n\n<table id=\"tablepress-4\" class=\"tablepress tablepress-id-4 tablepress-responsive\">\n<thead>\n<tr class=\"row-1\">\n\t<th class=\"column-1\">Rodzaj pomieszczenia<\/th><th class=\"column-2\">Cz\u0142onkowie Klubu<\/th><th class=\"column-3\">Osoby spoza Klubu<\/th>\n<\/tr>\n<\/thead>\n<tbody>\n<tr class=\"row-2\">\n\t<td class=\"column-1\">Boks magazynowy<\/td><td class=\"column-2\">50 z\u0142\/miesi\u0119cznie<\/td><td class=\"column-3\">-----<\/td>\n<\/tr>\n<\/tbody>\n<\/table>\n\n<\/div><!-- #tablepress-4 from cache -->\n<p><strong>U\u017cytkowanie urz\u0105dze\u0144 technicznych: <\/strong><br \/>\n<div id=\"tablepress-5-scroll-wrapper\" class=\"tablepress-scroll-wrapper\">\n\n<table id=\"tablepress-5\" class=\"tablepress tablepress-id-5 tablepress-responsive\">\n<thead>\n<tr class=\"row-1 odd\">\n\t<th class=\"column-1\">Rodzaj urz\u0105dzenia<\/th><th class=\"column-2\">Cz\u0142onkowie Klubu<\/th><th class=\"column-3\">Osoby spoza Klubu<\/th>\n<\/tr>\n<\/thead>\n<tbody class=\"row-hover\">\n<tr class=\"row-2 even\">\n\t<td class=\"column-1\">Pob\u00f3r energii elektrycznej na jacht<\/td><td class=\"column-2\">W sezonie \u2013 nieodp\u0142atnie, poza sezonem wg wskaza\u0144 licznika<\/td><td class=\"column-3\">Cena do negocjacji<\/td>\n<\/tr>\n<\/tbody>\n<\/table>\n\n<\/div><!-- #tablepress-5 from cache -->\nWszystkie osoby korzystaj\u0105ce z bazy klubowej obowi\u0105zane s\u0105 do przestrzegania porz\u0105dku, bezpiecze\u0144stwa przeciw po\u017carowego, dobrych obyczaj\u00f3w oraz regulamin\u00f3w, zarz\u0105dze\u0144 i polece\u0144 w\u0142adz Klubu.<\/p>\n<p>Warunkiem korzystania z bazy klubowej, ze szczeg\u00f3lnym uwzgl\u0119dnieniem warsztat\u00f3w i prac na jachtach, jest podpisanie i przestrzeganie przez cz\u0142onk\u00f3w lub osoby pracuj\u0105ce na rzecz klubu Regulaminu BHP i PPo\u017c.<\/p>\n<p>Klub nie ponosi \u017cadnej odpowiedzialno\u015bci materialno-prawnej za przechowywany na terenie Klubu, przez cz\u0142onka Klubu, sprz\u0119t, jacht lub jego wyposa\u017cenie.<\/p>\n<p>Klub zastrzega sobie prawo zmiany w\/w stawek i warunk\u00f3w korzystania z jacht\u00f3w i bazy klubowej bez powiadomienia.<\/p>\n<p>Wszelkie zmiany i zasady korzystania z jacht\u00f3w i bazy klubowej b\u0119d\u0105 umieszczane bezzw\u0142ocznie na stronie internetowej oraz tablicy og\u0142osze\u0144 w siedzibie Klubu<\/p>\n<p><strong>Gdynia, 22 grudnia 2017<br \/>\n<i>Za Zarz\u0105d \/-\/ Komandor Klubu Dariusz Szumi\u0144ski<\/i><\/strong><\/p>\n","protected":false},"excerpt":{"rendered":"<p>Z klubowego sprz\u0119tu p\u0142ywaj\u0105cego maj\u0105 prawo korzysta\u0107 wy\u0142\u0105cznie cz\u0142onkowie Klubu, a tak\u017ce osoby im towarzyszace, na zasadach i warunkach okre\u015blonych w uchwale Zarz\u0105du z dnia 17 sierpnia 2015 r. Za\u0142ogi jacht\u00f3w wnosz\u0105 na rzecz Klubu op\u0142at\u0119 za p\u0142ywanie wg poni\u017cszej tabeli: Uwaga: pod poj\u0119ciem \u201em\u0142odzie\u017c\u201d nale\u017cy rozumie\u0107 osoby ucz\u0105ce si\u0119 lub studiuj\u0105ce w szko\u0142ach lub<br \/><a class=\"moretag\" href=\"http:\/\/jkmgryf.stronazen.pl\/gryf\/jachty\/warunki-korzystania-z-jachtow\/\">+ Read More<\/a><\/p>\n","protected":false},"author":1,"featured_media":1655,"parent":202,"menu_order":0,"comment_status":"closed","ping_status":"closed","template":"templates\/page-nosidebar_template.php","meta":[],"yoast_head":"<!-- This site is optimized with the Yoast SEO plugin v15.9.2 - https:\/\/yoast.com\/wordpress\/plugins\/seo\/ -->\n<title>Warunki korzystania z jacht\u00f3w i bazy klubowej - JKM GRYF<\/title>\n<link rel=\"canonical\" href=\"http:\/\/jkmgryf.stronazen.pl\/gryf\/jachty\/warunki-korzystania-z-jachtow\/\" \/>\n<meta property=\"og:locale\" content=\"pl_PL\" \/>\n<meta property=\"og:type\" content=\"article\" \/>\n<meta property=\"og:title\" content=\"Warunki korzystania z jacht\u00f3w i bazy klubowej - JKM GRYF\" \/>\n<meta property=\"og:description\" content=\"Z klubowego sprz\u0119tu p\u0142ywaj\u0105cego maj\u0105 prawo korzysta\u0107 wy\u0142\u0105cznie cz\u0142onkowie Klubu, a tak\u017ce osoby im towarzyszace, na zasadach i warunkach okre\u015blonych w uchwale Zarz\u0105du z dnia 17 sierpnia 2015 r. Za\u0142ogi jacht\u00f3w wnosz\u0105 na rzecz Klubu op\u0142at\u0119 za p\u0142ywanie wg poni\u017cszej tabeli: Uwaga: pod poj\u0119ciem \u201em\u0142odzie\u017c\u201d nale\u017cy rozumie\u0107 osoby ucz\u0105ce si\u0119 lub studiuj\u0105ce w szko\u0142ach lub+ Read More\" \/>\n<meta property=\"og:url\" content=\"http:\/\/jkmgryf.stronazen.pl\/gryf\/jachty\/warunki-korzystania-z-jachtow\/\" \/>\n<meta property=\"og:site_name\" content=\"JKM GRYF\" \/>\n<meta property=\"article:modified_time\" content=\"2018-10-10T19:22:24+00:00\" \/>\n<meta property=\"og:image\" content=\"http:\/\/jkmgryf.stronazen.pl\/gryf\/wp-content\/uploads\/2018\/10\/fale_light_darker_popr2.jpg\" \/>\n\t<meta property=\"og:image:width\" content=\"1920\" \/>\n\t<meta property=\"og:image:height\" content=\"655\" \/>\n<meta name=\"twitter:card\" content=\"summary_large_image\" \/>\n<meta name=\"twitter:label1\" content=\"Est. reading time\">\n\t<meta name=\"twitter:data1\" content=\"3 minuty\">\n<script type=\"application\/ld+json\" class=\"yoast-schema-graph\">{\"@context\":\"https:\/\/schema.org\",\"@graph\":[{\"@type\":\"WebSite\",\"@id\":\"http:\/\/jkmgryf.stronazen.pl\/gryf\/#website\",\"url\":\"http:\/\/jkmgryf.stronazen.pl\/gryf\/\",\"name\":\"JKM GRYF\",\"description\":\"\",\"potentialAction\":[{\"@type\":\"SearchAction\",\"target\":\"http:\/\/jkmgryf.stronazen.pl\/gryf\/?s={search_term_string}\",\"query-input\":\"required name=search_term_string\"}],\"inLanguage\":\"pl-PL\"},{\"@type\":\"ImageObject\",\"@id\":\"http:\/\/jkmgryf.stronazen.pl\/gryf\/jachty\/warunki-korzystania-z-jachtow\/#primaryimage\",\"inLanguage\":\"pl-PL\",\"url\":\"http:\/\/jkmgryf.stronazen.pl\/gryf\/wp-content\/uploads\/2018\/10\/fale_light_darker_popr2.jpg\",\"width\":1920,\"height\":655},{\"@type\":\"WebPage\",\"@id\":\"http:\/\/jkmgryf.stronazen.pl\/gryf\/jachty\/warunki-korzystania-z-jachtow\/#webpage\",\"url\":\"http:\/\/jkmgryf.stronazen.pl\/gryf\/jachty\/warunki-korzystania-z-jachtow\/\",\"name\":\"Warunki korzystania z jacht\\u00f3w i bazy klubowej - JKM GRYF\",\"isPartOf\":{\"@id\":\"http:\/\/jkmgryf.stronazen.pl\/gryf\/#website\"},\"primaryImageOfPage\":{\"@id\":\"http:\/\/jkmgryf.stronazen.pl\/gryf\/jachty\/warunki-korzystania-z-jachtow\/#primaryimage\"},\"datePublished\":\"2018-05-15T12:54:05+00:00\",\"dateModified\":\"2018-10-10T19:22:24+00:00\",\"breadcrumb\":{\"@id\":\"http:\/\/jkmgryf.stronazen.pl\/gryf\/jachty\/warunki-korzystania-z-jachtow\/#breadcrumb\"},\"inLanguage\":\"pl-PL\",\"potentialAction\":[{\"@type\":\"ReadAction\",\"target\":[\"http:\/\/jkmgryf.stronazen.pl\/gryf\/jachty\/warunki-korzystania-z-jachtow\/\"]}]},{\"@type\":\"BreadcrumbList\",\"@id\":\"http:\/\/jkmgryf.stronazen.pl\/gryf\/jachty\/warunki-korzystania-z-jachtow\/#breadcrumb\",\"itemListElement\":[{\"@type\":\"ListItem\",\"position\":1,\"item\":{\"@type\":\"WebPage\",\"@id\":\"http:\/\/jkmgryf.stronazen.pl\/gryf\/\",\"url\":\"http:\/\/jkmgryf.stronazen.pl\/gryf\/\",\"name\":\"Strona g\\u0142\\u00f3wna\"}},{\"@type\":\"ListItem\",\"position\":2,\"item\":{\"@type\":\"WebPage\",\"@id\":\"http:\/\/jkmgryf.stronazen.pl\/gryf\/jachty\/\",\"url\":\"http:\/\/jkmgryf.stronazen.pl\/gryf\/jachty\/\",\"name\":\"Jachty\"}},{\"@type\":\"ListItem\",\"position\":3,\"item\":{\"@type\":\"WebPage\",\"@id\":\"http:\/\/jkmgryf.stronazen.pl\/gryf\/jachty\/warunki-korzystania-z-jachtow\/\",\"url\":\"http:\/\/jkmgryf.stronazen.pl\/gryf\/jachty\/warunki-korzystania-z-jachtow\/\",\"name\":\"Warunki korzystania z jacht\\u00f3w i bazy klubowej\"}}]}]}<\/script>\n<!-- \/ Yoast SEO plugin. -->","_links":{"self":[{"href":"http:\/\/jkmgryf.stronazen.pl\/gryf\/wp-json\/wp\/v2\/pages\/220"}],"collection":[{"href":"http:\/\/jkmgryf.stronazen.pl\/gryf\/wp-json\/wp\/v2\/pages"}],"about":[{"href":"http:\/\/jkmgryf.stronazen.pl\/gryf\/wp-json\/wp\/v2\/types\/page"}],"author":[{"embeddable":true,"href":"http:\/\/jkmgryf.stronazen.pl\/gryf\/wp-json\/wp\/v2\/users\/1"}],"replies":[{"embeddable":true,"href":"http:\/\/jkmgryf.stronazen.pl\/gryf\/wp-json\/wp\/v2\/comments?post=220"}],"version-history":[{"count":34,"href":"http:\/\/jkmgryf.stronazen.pl\/gryf\/wp-json\/wp\/v2\/pages\/220\/revisions"}],"predecessor-version":[{"id":1689,"href":"http:\/\/jkmgryf.stronazen.pl\/gryf\/wp-json\/wp\/v2\/pages\/220\/revisions\/1689"}],"up":[{"embeddable":true,"href":"http:\/\/jkmgryf.stronazen.pl\/gryf\/wp-json\/wp\/v2\/pages\/202"}],"wp:featuredmedia":[{"embeddable":true,"href":"http:\/\/jkmgryf.stronazen.pl\/gryf\/wp-json\/wp\/v2\/media\/1655"}],"wp:attachment":[{"href":"http:\/\/jkmgryf.stronazen.pl\/gryf\/wp-json\/wp\/v2\/media?parent=220"}],"curies":[{"name":"wp","href":"https:\/\/api.w.org\/{rel}","templated":true}]}}