{"id":214,"date":"2018-05-15T14:52:47","date_gmt":"2018-05-15T12:52:47","guid":{"rendered":"http:\/\/jkmgryf.stronazen.pl\/gryf\/?page_id=214"},"modified":"2018-10-10T21:24:44","modified_gmt":"2018-10-10T19:24:44","slug":"zarzad","status":"publish","type":"page","link":"http:\/\/jkmgryf.stronazen.pl\/gryf\/sprawy-klubowe\/zarzad\/","title":{"rendered":"Sk\u0142ad osobowy w\u0142adz JKM Gryf"},"content":{"rendered":"\n<table id=\"tablepress-6\" class=\"tablepress tablepress-id-6 tablepress-responsive\">\n<thead>\n<tr class=\"row-1 odd\">\n\t<th colspan=\"3\" class=\"column-1\">Zarz\u0105d JKM Gryf:<\/th>\n<\/tr>\n<\/thead>\n<tbody class=\"row-hover\">\n<tr class=\"row-2 even\">\n\t<td class=\"column-1\">Komandor Klubu<\/td><td class=\"column-2\">Dariusz Szumi\u0144ski<\/td><td class=\"column-3\"> <a href=\"mailto: d.zbigniew@wp.pl\">d.zbigniew@wp.pl<\/a><\/td>\n<\/tr>\n<tr class=\"row-3 odd\">\n\t<td class=\"column-1\">Wicekomandor d\/s organizacyjnych<\/td><td class=\"column-2\">Jacek Weso\u0142owski<\/td><td class=\"column-3\"> <a href=\"mailto: biuro@czarter-idylla.pl\">biuro@czarter-idylla.pl<\/a><\/td>\n<\/tr>\n<tr class=\"row-4 even\">\n\t<td class=\"column-1\">Wicekomandor d\/s szkoleniowych<\/td><td class=\"column-2\">W\u0142odzimierz Kucharczyk<\/td><td class=\"column-3\"> <a href=\"mailto: wkucharczyk@wp.pl\">wkucharczyk@wp.pl<\/a><\/td>\n<\/tr>\n<tr class=\"row-5 odd\">\n\t<td class=\"column-1\">Skarbnik<\/td><td class=\"column-2\">Rafa\u0142 Wolma\u0144ski<\/td><td class=\"column-3\"> <a href=\"mailto: rwolmanski@gmail.com\">rwolmanski@gmail.com<\/a><\/td>\n<\/tr>\n<tr class=\"row-6 even\">\n\t<td class=\"column-1\">Sekretarz i Cz\u0142onek Zarz\u0105du d\/s szkoleniowych<\/td><td class=\"column-2\">Jaros\u0142aw Czech<\/td><td class=\"column-3\"> <a href=\"mailto: jaroslawczech@wp.pl\">jaroslawczech@wp.pl<\/a><\/td>\n<\/tr>\n<tr class=\"row-7 odd\">\n\t<td class=\"column-1\">Cz\u0142onek Zarz\u0105du d\/s sportowych i d\/s kontaktu z Cz\u0142onkami Klubu<\/td><td class=\"column-2\">Tomasz Konnak<\/td><td class=\"column-3\"> <a href=\"mailto: waliant@poczta.onet.pl\">waliant@poczta.onet.pl<\/a><\/td>\n<\/tr>\n<tr class=\"row-8 even\">\n\t<td class=\"column-1\">Cz\u0142onek Zarz\u0105du d\/s motorowodnych i organizacyjnych<\/td><td class=\"column-2\">Zbigniew Tara\u0142a<\/td><td class=\"column-3\"> <a href=\"mailto: klub@jkmgryf.pl\">klub@jkmgryf.pl <\/a><\/td>\n<\/tr>\n<tr class=\"row-9 odd\">\n\t<td class=\"column-1\">Cz\u0142onek Zarz\u0105du d\/s technicznych i d\/s kontakt\u00f3w z nowoprzyj\u0119tymi Cz\u0142onkami Klubu<br \/>\n<br \/>\n <\/td><td class=\"column-2\">Jerzy Turzy\u0144ski<\/td><td class=\"column-3\"> <a href=\"mailto: media-jt@wp.pl\">media-jt@wp.pl<\/a><\/td>\n<\/tr>\n<\/tbody>\n<\/table>\n<!-- #tablepress-6 from cache -->\n<div class=\"su-spacer\" style=\"height:30px\"><\/div>\n\n<table id=\"tablepress-7\" class=\"tablepress tablepress-id-7 tablepress-responsive\">\n<thead>\n<tr class=\"row-1 odd\">\n\t<th class=\"column-1\">Komisja Rewizyjna JKM Gryf:<\/th><th colspan=\"3\" class=\"column-2\">&nbsp;<\/th>\n<\/tr>\n<\/thead>\n<tbody class=\"row-hover\">\n<tr class=\"row-2 even\">\n\t<td class=\"column-1\">Przewodnicz\u0105cy Komisji <br \/>\n<\/td><td class=\"column-2\"><\/td><td class=\"column-3\">Stanis\u0142aw Konieczny<\/td><td class=\"column-4\"><a href=\"stakon@wp.pl\">stakon@wp.pl<\/a><\/td>\n<\/tr>\n<tr class=\"row-3 odd\">\n\t<td class=\"column-1\">Cz\u0142onek Komisji<\/td><td class=\"column-2\"><\/td><td class=\"column-3\">Janusz Opio\u0142a<\/td><td class=\"column-4\"><a href=\"janusz.opiola@wp.pl\">janusz.opiola@wp.pl<\/a><\/td>\n<\/tr>\n<tr class=\"row-4 even\">\n\t<td class=\"column-1\">Cz\u0142onek Komisji<\/td><td class=\"column-2\"><\/td><td class=\"column-3\">Ryszard Ko\u015bcielski<\/td><td class=\"column-4\"><a href=\"r.koscielski@opecgdy.com.pll\">r.koscielski@opecgdy.com.pl<\/a><\/td>\n<\/tr>\n<\/tbody>\n<\/table>\n<!-- #tablepress-7 from cache -->\n<div class=\"su-spacer\" style=\"height:30px\"><\/div>\n\n<table id=\"tablepress-8\" class=\"tablepress tablepress-id-8 tablepress-responsive\">\n<thead>\n<tr class=\"row-1 odd\">\n\t<th colspan=\"3\" class=\"column-1\">S\u0105d Kole\u017ce\u0144ski JKM Gryf:<\/th>\n<\/tr>\n<\/thead>\n<tbody class=\"row-hover\">\n<tr class=\"row-2 even\">\n\t<td class=\"column-1\">Przewodnicz\u0105cy S\u0105du<\/td><td class=\"column-2\">Jan Nowoczyn<\/td><td class=\"column-3\"><a href=\"klub@jkmgryf.pl\">klub@jkmgryf.pl<\/a><\/td>\n<\/tr>\n<tr class=\"row-3 odd\">\n\t<td class=\"column-1\">Cz\u0142onek S\u0105du<\/td><td class=\"column-2\">Gra\u017cyna Sad\u0142o\u0144<\/td><td class=\"column-3\"><a href=\"gaga_s@o2.pl\">gaga_s@o2.pl<\/a><\/td>\n<\/tr>\n<tr class=\"row-4 even\">\n\t<td class=\"column-1\">Cz\u0142onek S\u0105du<\/td><td class=\"column-2\">Maciej Dowhyluk<\/td><td class=\"column-3\"><a href=\"klub@jkmgryf.pl\">klub@jkmgryf.pl<\/a><\/td>\n<\/tr>\n<\/tbody>\n<\/table>\n<!-- #tablepress-8 from cache -->\n<div class=\"su-spacer\" style=\"height:40px\"><\/div>\n<div class=\"su-button-center\"><a href=\"http:\/\/jkmgryf.stronazen.pl\/gryf\/sprawy-klubowe\/\" class=\"su-button su-button-style-flat\" style=\"color:#FFFFFF;background-color:#109fd3 ;border-color:#109fd3 ;border-radius:0px;-moz-border-radius:0px;-webkit-border-radius:0px\" target=\"_self\"><span style=\"color:#FFFFFF;padding:0px 22px;font-size:17px;line-height:34px;border-color:#109fd3 ;border-radius:0px;-moz-border-radius:0px;-webkit-border-radius:0px;text-shadow:0px 0px 0px #ffffff;-moz-text-shadow:0px 0px 0px #ffffff;-webkit-text-shadow:0px 0px 0px #ffffff\"> wr\u00f3\u0107<\/span><\/a><\/div>\n","protected":false},"excerpt":{"rendered":"","protected":false},"author":1,"featured_media":1655,"parent":212,"menu_order":0,"comment_status":"closed","ping_status":"closed","template":"templates\/page-fullwidth_template.php","meta":[],"yoast_head":"<!-- This site is optimized with the Yoast SEO plugin v15.9.2 - https:\/\/yoast.com\/wordpress\/plugins\/seo\/ -->\n<title>Sk\u0142ad osobowy w\u0142adz JKM Gryf - JKM GRYF<\/title>\n<link rel=\"canonical\" href=\"http:\/\/jkmgryf.stronazen.pl\/gryf\/sprawy-klubowe\/zarzad\/\" \/>\n<meta property=\"og:locale\" content=\"pl_PL\" \/>\n<meta property=\"og:type\" content=\"article\" \/>\n<meta property=\"og:title\" content=\"Sk\u0142ad osobowy w\u0142adz JKM Gryf - JKM GRYF\" \/>\n<meta property=\"og:url\" content=\"http:\/\/jkmgryf.stronazen.pl\/gryf\/sprawy-klubowe\/zarzad\/\" \/>\n<meta property=\"og:site_name\" content=\"JKM GRYF\" \/>\n<meta property=\"article:modified_time\" content=\"2018-10-10T19:24:44+00:00\" \/>\n<meta property=\"og:image\" content=\"http:\/\/jkmgryf.stronazen.pl\/gryf\/wp-content\/uploads\/2018\/10\/fale_light_darker_popr2.jpg\" \/>\n\t<meta property=\"og:image:width\" content=\"1920\" \/>\n\t<meta property=\"og:image:height\" content=\"655\" \/>\n<meta name=\"twitter:card\" content=\"summary_large_image\" \/>\n<script type=\"application\/ld+json\" class=\"yoast-schema-graph\">{\"@context\":\"https:\/\/schema.org\",\"@graph\":[{\"@type\":\"WebSite\",\"@id\":\"http:\/\/jkmgryf.stronazen.pl\/gryf\/#website\",\"url\":\"http:\/\/jkmgryf.stronazen.pl\/gryf\/\",\"name\":\"JKM GRYF\",\"description\":\"\",\"potentialAction\":[{\"@type\":\"SearchAction\",\"target\":\"http:\/\/jkmgryf.stronazen.pl\/gryf\/?s={search_term_string}\",\"query-input\":\"required name=search_term_string\"}],\"inLanguage\":\"pl-PL\"},{\"@type\":\"ImageObject\",\"@id\":\"http:\/\/jkmgryf.stronazen.pl\/gryf\/en\/sprawy-klubowe\/zarzad\/#primaryimage\",\"inLanguage\":\"pl-PL\",\"url\":\"http:\/\/jkmgryf.stronazen.pl\/gryf\/wp-content\/uploads\/2018\/10\/fale_light_darker_popr2.jpg\",\"width\":1920,\"height\":655},{\"@type\":\"WebPage\",\"@id\":\"http:\/\/jkmgryf.stronazen.pl\/gryf\/en\/sprawy-klubowe\/zarzad\/#webpage\",\"url\":\"http:\/\/jkmgryf.stronazen.pl\/gryf\/en\/sprawy-klubowe\/zarzad\/\",\"name\":\"Sk\\u0142ad osobowy w\\u0142adz JKM Gryf - JKM GRYF\",\"isPartOf\":{\"@id\":\"http:\/\/jkmgryf.stronazen.pl\/gryf\/#website\"},\"primaryImageOfPage\":{\"@id\":\"http:\/\/jkmgryf.stronazen.pl\/gryf\/en\/sprawy-klubowe\/zarzad\/#primaryimage\"},\"datePublished\":\"2018-05-15T12:52:47+00:00\",\"dateModified\":\"2018-10-10T19:24:44+00:00\",\"breadcrumb\":{\"@id\":\"http:\/\/jkmgryf.stronazen.pl\/gryf\/en\/sprawy-klubowe\/zarzad\/#breadcrumb\"},\"inLanguage\":\"pl-PL\",\"potentialAction\":[{\"@type\":\"ReadAction\",\"target\":[\"http:\/\/jkmgryf.stronazen.pl\/gryf\/en\/sprawy-klubowe\/zarzad\/\"]}]},{\"@type\":\"BreadcrumbList\",\"@id\":\"http:\/\/jkmgryf.stronazen.pl\/gryf\/en\/sprawy-klubowe\/zarzad\/#breadcrumb\",\"itemListElement\":[{\"@type\":\"ListItem\",\"position\":1,\"item\":{\"@type\":\"WebPage\",\"@id\":\"http:\/\/jkmgryf.stronazen.pl\/gryf\/\",\"url\":\"http:\/\/jkmgryf.stronazen.pl\/gryf\/\",\"name\":\"Strona g\\u0142\\u00f3wna\"}},{\"@type\":\"ListItem\",\"position\":2,\"item\":{\"@type\":\"WebPage\",\"@id\":\"http:\/\/jkmgryf.stronazen.pl\/gryf\/en\/sprawy-klubowe\/\",\"url\":\"http:\/\/jkmgryf.stronazen.pl\/gryf\/en\/sprawy-klubowe\/\",\"name\":\"Sprawy klubowe\"}},{\"@type\":\"ListItem\",\"position\":3,\"item\":{\"@type\":\"WebPage\",\"@id\":\"http:\/\/jkmgryf.stronazen.pl\/gryf\/en\/sprawy-klubowe\/zarzad\/\",\"url\":\"http:\/\/jkmgryf.stronazen.pl\/gryf\/en\/sprawy-klubowe\/zarzad\/\",\"name\":\"Sk\\u0142ad osobowy w\\u0142adz JKM Gryf\"}}]}]}<\/script>\n<!-- \/ Yoast SEO plugin. -->","_links":{"self":[{"href":"http:\/\/jkmgryf.stronazen.pl\/gryf\/wp-json\/wp\/v2\/pages\/214"}],"collection":[{"href":"http:\/\/jkmgryf.stronazen.pl\/gryf\/wp-json\/wp\/v2\/pages"}],"about":[{"href":"http:\/\/jkmgryf.stronazen.pl\/gryf\/wp-json\/wp\/v2\/types\/page"}],"author":[{"embeddable":true,"href":"http:\/\/jkmgryf.stronazen.pl\/gryf\/wp-json\/wp\/v2\/users\/1"}],"replies":[{"embeddable":true,"href":"http:\/\/jkmgryf.stronazen.pl\/gryf\/wp-json\/wp\/v2\/comments?post=214"}],"version-history":[{"count":8,"href":"http:\/\/jkmgryf.stronazen.pl\/gryf\/wp-json\/wp\/v2\/pages\/214\/revisions"}],"predecessor-version":[{"id":1301,"href":"http:\/\/jkmgryf.stronazen.pl\/gryf\/wp-json\/wp\/v2\/pages\/214\/revisions\/1301"}],"up":[{"embeddable":true,"href":"http:\/\/jkmgryf.stronazen.pl\/gryf\/wp-json\/wp\/v2\/pages\/212"}],"wp:featuredmedia":[{"embeddable":true,"href":"http:\/\/jkmgryf.stronazen.pl\/gryf\/wp-json\/wp\/v2\/media\/1655"}],"wp:attachment":[{"href":"http:\/\/jkmgryf.stronazen.pl\/gryf\/wp-json\/wp\/v2\/media?parent=214"}],"curies":[{"name":"wp","href":"https:\/\/api.w.org\/{rel}","templated":true}]}}