{"id":212,"date":"2018-05-15T14:52:34","date_gmt":"2018-05-15T12:52:34","guid":{"rendered":"http:\/\/jkmgryf.stronazen.pl\/gryf\/?page_id=212"},"modified":"2018-10-10T21:24:37","modified_gmt":"2018-10-10T19:24:37","slug":"sprawy-klubowe","status":"publish","type":"page","link":"http:\/\/jkmgryf.stronazen.pl\/gryf\/sprawy-klubowe\/","title":{"rendered":"Sprawy klubowe"},"content":{"rendered":"\r\n\t\t\t <a href=\"http:\/\/jkmgryf.stronazen.pl\/gryf\/wp-content\/uploads\/2018\/09\/Statut_JKM_Gryf.pdf\"><div class=\"servicebox boxpattern-3\">\r\n\t\t\t \t<div class=\"serviceboxbg\">\r\n\t\t\t\t\t<img src=\"\">\r\n\t\t\t\t\t<h3>Statut klubu<\/h3>\r\n\t\t\t\t\t<p>Statut Klubu, w postaci pliku pdf<\/p>\r\n\t\t\t\t\t<div class=\"sktgo\"><i class=\"fa fa-angle-right\" aria-hidden=\"true\"><\/i>\r\n<\/div>\r\n\t\t\t\t<\/div>\r\n\t\t\t <\/div><\/a>\t\r\n\t\t\n\r\n\t\t\t <a href=\"http:\/\/jkmgryf.stronazen.pl\/gryf\/sprawy-klubowe\/zarzad\/\"><div class=\"servicebox boxpattern-3\">\r\n\t\t\t \t<div class=\"serviceboxbg\">\r\n\t\t\t\t\t<img src=\"\">\r\n\t\t\t\t\t<h3>Sk\u0142ad osobowy w\u0142adz JKM Gryf<\/h3>\r\n\t\t\t\t\t<p>Poznaj osoby nadzoruj\u0105ce sprawy klubowe<\/p>\r\n\t\t\t\t\t<div class=\"sktgo\"><i class=\"fa fa-angle-right\" aria-hidden=\"true\"><\/i>\r\n<\/div>\r\n\t\t\t\t<\/div>\r\n\t\t\t <\/div><\/a>\t\r\n\t\t\n\r\n\t\t\t <a href=\"http:\/\/jkmgryf.stronazen.pl\/gryf\/sprawy-klubowe\/czlonkostwo\/\"><div class=\"servicebox boxpattern-3\">\r\n\t\t\t \t<div class=\"serviceboxbg\">\r\n\t\t\t\t\t<img src=\"\">\r\n\t\t\t\t\t<h3>Cz\u0142onkostwo<\/h3>\r\n\t\t\t\t\t<p>Chcia\u0142by\u015b zosta\u0107 cz\u0142onkiem naszego klubu? Zapraszamy!<\/p>\r\n\t\t\t\t\t<div class=\"sktgo\"><i class=\"fa fa-angle-right\" aria-hidden=\"true\"><\/i>\r\n<\/div>\r\n\t\t\t\t<\/div>\r\n\t\t\t <\/div><\/a>\t\r\n\t\t\n\r\n\t\t\t <a href=\"http:\/\/jkmgryf.stronazen.pl\/gryf\/kontakt\/\"><div class=\"servicebox boxpattern-3\">\r\n\t\t\t \t<div class=\"serviceboxbg\">\r\n\t\t\t\t\t<img src=\"\">\r\n\t\t\t\t\t<h3>Pytania?<\/h3>\r\n\t\t\t\t\t<p>Zapraszamy do kontaktu<\/p>\r\n\t\t\t\t\t<div class=\"sktgo\"><i class=\"fa fa-angle-right\" aria-hidden=\"true\"><\/i>\r\n<\/div>\r\n\t\t\t\t<\/div>\r\n\t\t\t <\/div><\/a>\t\r\n\t\t\n","protected":false},"excerpt":{"rendered":"","protected":false},"author":1,"featured_media":1655,"parent":0,"menu_order":0,"comment_status":"closed","ping_status":"closed","template":"templates\/page-fullwidth_template.php","meta":[],"yoast_head":"<!-- This site is optimized with the Yoast SEO plugin v15.9.2 - https:\/\/yoast.com\/wordpress\/plugins\/seo\/ -->\n<title>Sprawy klubowe - JKM GRYF<\/title>\n<link rel=\"canonical\" href=\"http:\/\/jkmgryf.stronazen.pl\/gryf\/sprawy-klubowe\/\" \/>\n<meta property=\"og:locale\" content=\"pl_PL\" \/>\n<meta property=\"og:type\" content=\"article\" \/>\n<meta property=\"og:title\" content=\"Sprawy klubowe - JKM GRYF\" \/>\n<meta property=\"og:url\" content=\"http:\/\/jkmgryf.stronazen.pl\/gryf\/sprawy-klubowe\/\" \/>\n<meta property=\"og:site_name\" content=\"JKM GRYF\" \/>\n<meta property=\"article:modified_time\" content=\"2018-10-10T19:24:37+00:00\" \/>\n<meta property=\"og:image\" content=\"http:\/\/jkmgryf.stronazen.pl\/gryf\/wp-content\/uploads\/2018\/10\/fale_light_darker_popr2.jpg\" \/>\n\t<meta property=\"og:image:width\" content=\"1920\" \/>\n\t<meta property=\"og:image:height\" content=\"655\" \/>\n<meta name=\"twitter:card\" content=\"summary_large_image\" \/>\n<meta name=\"twitter:label1\" content=\"Est. reading time\">\n\t<meta name=\"twitter:data1\" content=\"1 minuta\">\n<script type=\"application\/ld+json\" class=\"yoast-schema-graph\">{\"@context\":\"https:\/\/schema.org\",\"@graph\":[{\"@type\":\"WebSite\",\"@id\":\"http:\/\/jkmgryf.stronazen.pl\/gryf\/#website\",\"url\":\"http:\/\/jkmgryf.stronazen.pl\/gryf\/\",\"name\":\"JKM GRYF\",\"description\":\"\",\"potentialAction\":[{\"@type\":\"SearchAction\",\"target\":\"http:\/\/jkmgryf.stronazen.pl\/gryf\/?s={search_term_string}\",\"query-input\":\"required name=search_term_string\"}],\"inLanguage\":\"pl-PL\"},{\"@type\":\"ImageObject\",\"@id\":\"http:\/\/jkmgryf.stronazen.pl\/gryf\/en\/sprawy-klubowe\/#primaryimage\",\"inLanguage\":\"pl-PL\",\"url\":\"http:\/\/jkmgryf.stronazen.pl\/gryf\/wp-content\/uploads\/2018\/10\/fale_light_darker_popr2.jpg\",\"width\":1920,\"height\":655},{\"@type\":\"WebPage\",\"@id\":\"http:\/\/jkmgryf.stronazen.pl\/gryf\/en\/sprawy-klubowe\/#webpage\",\"url\":\"http:\/\/jkmgryf.stronazen.pl\/gryf\/en\/sprawy-klubowe\/\",\"name\":\"Sprawy klubowe - JKM GRYF\",\"isPartOf\":{\"@id\":\"http:\/\/jkmgryf.stronazen.pl\/gryf\/#website\"},\"primaryImageOfPage\":{\"@id\":\"http:\/\/jkmgryf.stronazen.pl\/gryf\/en\/sprawy-klubowe\/#primaryimage\"},\"datePublished\":\"2018-05-15T12:52:34+00:00\",\"dateModified\":\"2018-10-10T19:24:37+00:00\",\"breadcrumb\":{\"@id\":\"http:\/\/jkmgryf.stronazen.pl\/gryf\/en\/sprawy-klubowe\/#breadcrumb\"},\"inLanguage\":\"pl-PL\",\"potentialAction\":[{\"@type\":\"ReadAction\",\"target\":[\"http:\/\/jkmgryf.stronazen.pl\/gryf\/en\/sprawy-klubowe\/\"]}]},{\"@type\":\"BreadcrumbList\",\"@id\":\"http:\/\/jkmgryf.stronazen.pl\/gryf\/en\/sprawy-klubowe\/#breadcrumb\",\"itemListElement\":[{\"@type\":\"ListItem\",\"position\":1,\"item\":{\"@type\":\"WebPage\",\"@id\":\"http:\/\/jkmgryf.stronazen.pl\/gryf\/\",\"url\":\"http:\/\/jkmgryf.stronazen.pl\/gryf\/\",\"name\":\"Strona g\\u0142\\u00f3wna\"}},{\"@type\":\"ListItem\",\"position\":2,\"item\":{\"@type\":\"WebPage\",\"@id\":\"http:\/\/jkmgryf.stronazen.pl\/gryf\/en\/sprawy-klubowe\/\",\"url\":\"http:\/\/jkmgryf.stronazen.pl\/gryf\/en\/sprawy-klubowe\/\",\"name\":\"Sprawy klubowe\"}}]}]}<\/script>\n<!-- \/ Yoast SEO plugin. -->","_links":{"self":[{"href":"http:\/\/jkmgryf.stronazen.pl\/gryf\/wp-json\/wp\/v2\/pages\/212"}],"collection":[{"href":"http:\/\/jkmgryf.stronazen.pl\/gryf\/wp-json\/wp\/v2\/pages"}],"about":[{"href":"http:\/\/jkmgryf.stronazen.pl\/gryf\/wp-json\/wp\/v2\/types\/page"}],"author":[{"embeddable":true,"href":"http:\/\/jkmgryf.stronazen.pl\/gryf\/wp-json\/wp\/v2\/users\/1"}],"replies":[{"embeddable":true,"href":"http:\/\/jkmgryf.stronazen.pl\/gryf\/wp-json\/wp\/v2\/comments?post=212"}],"version-history":[{"count":19,"href":"http:\/\/jkmgryf.stronazen.pl\/gryf\/wp-json\/wp\/v2\/pages\/212\/revisions"}],"predecessor-version":[{"id":1690,"href":"http:\/\/jkmgryf.stronazen.pl\/gryf\/wp-json\/wp\/v2\/pages\/212\/revisions\/1690"}],"wp:featuredmedia":[{"embeddable":true,"href":"http:\/\/jkmgryf.stronazen.pl\/gryf\/wp-json\/wp\/v2\/media\/1655"}],"wp:attachment":[{"href":"http:\/\/jkmgryf.stronazen.pl\/gryf\/wp-json\/wp\/v2\/media?parent=212"}],"curies":[{"name":"wp","href":"https:\/\/api.w.org\/{rel}","templated":true}]}}