{"id":814,"date":"2018-09-03T18:06:49","date_gmt":"2018-09-03T16:06:49","guid":{"rendered":"http:\/\/jkmgryf.stronazen.pl\/gryf\/?page_id=814"},"modified":"2018-10-10T21:04:27","modified_gmt":"2018-10-10T19:04:27","slug":"regaty-90-lecia-jkm-gryf","status":"publish","type":"page","link":"http:\/\/jkmgryf.stronazen.pl\/gryf\/en\/aktualnosci\/wydarzenia\/regaty-90-lecia-jkm-gryf\/","title":{"rendered":"Regatta of the 90th anniversary of JKM Gryf"},"content":{"rendered":"<p>Twenty-two yachts have entered the regatta through the application form. However, as it happens with long regatta, not everyone took off. Probably because as there are so many race in the season, sometimes you have to give up parts. Why of those? Because they are not so popular in media, because they are not classified in different cups, because ... this and that.<\/p>\n<p>Trasa by\u0142a powt\u00f3rzeniem trasy regat sprzed 10 ju\u017c lat (wtedy to by\u0142a cz\u0119\u015b\u0107 dla jacht\u00f3w du\u017cych), czyli tradycja ju\u017c d\u0142uga a i pomys\u0142 &#8220;gryfowy&#8221;. Patrz\u0105c od strony za\u0142\u00f3g, by\u0142y to pierwsze od dawna regaty ze spokojn\u0105 pogod\u0105, wr\u0119cz momentami za spokojn\u0105.<\/p>\n<p>&nbsp;<\/p>\n<p><img loading=\"lazy\" class=\"wp-image-985 aligncenter\" src=\"http:\/\/jkmgryf.stronazen.pl\/gryf\/wp-content\/uploads\/2018\/09\/90lecie-1024x669.jpg\" alt=\"\" width=\"762\" height=\"498\" srcset=\"http:\/\/jkmgryf.stronazen.pl\/gryf\/wp-content\/uploads\/2018\/09\/90lecie-1024x669.jpg 1024w, http:\/\/jkmgryf.stronazen.pl\/gryf\/wp-content\/uploads\/2018\/09\/90lecie-300x196.jpg 300w, http:\/\/jkmgryf.stronazen.pl\/gryf\/wp-content\/uploads\/2018\/09\/90lecie-768x501.jpg 768w, http:\/\/jkmgryf.stronazen.pl\/gryf\/wp-content\/uploads\/2018\/09\/90lecie.jpg 1233w\" sizes=\"(max-width: 762px) 100vw, 762px\" \/><\/p>\n<p>&nbsp;<\/p>\n<p>But let's start from the beginning. The commission was set up quite strangely, because it was very close to the breakwater with the Gdynia Aquarium. The start was advantageous with pin, but it was difficult to make the most of it. Weak wind and tacking across the Bay to Hel. It was only after Hel that the spinnaker could be hoist, but on a fairly strong downwind. Such conditions lasted for a long time, only after many hours the wind eased and it fills up slightly. The sailing was still very calm. By the evening of the next day, all the yachts were already behind the turning mark, Oland-Sodra-Grund near Olandia. It seemed that the wind weakened for the top and the peloton reduced the difference to faster yachts. What were the crew waiting at the Polish shore? It depends on what time. Either silence, or temporarily stronger wind. Anyway, it was upwind. The second silence met some of the yachts at Rozewie (this is the middle group) and then again, several yachts traveled together. The slow navigation to Hel was probably tiring everyone, because the biggest and medium ones (in the sense of speed). At that time, two yachts withdrew from the regatta. Then the Bay stopped before the line Hadar, then in the center of y\/s S\u0142oni and y\/s Oceanna, and next to Hel, the y\/s Czarodziejka and s\/y Four Winds. The yachts at the end of the rate finally got a strong, western wind and made up a lot of time on its wings<\/p>\n<p>Regatta required a lot of effort, different weather conditions allowed to check in different situations, certainly giving a lot of satisfaction.<\/p>\n<p>&nbsp;<\/p>\n<p><a href=\"http:\/\/rembiewski-sloni.simplesite.com\/436366475\/6101769\/posting\/i-po-regatach\" target=\"_blank\" rel=\"noopener\">relacja z pok\u0142adu s\/y &#8220;Sloni&#8221;<\/a><\/p>\n<p><a href=\"http:\/\/zpokladu.pl\/glowna\/relacje\/relacja_2018_90lecia.html\" target=\"_blank\" rel=\"noopener\">relacja z pok\u0142adu s\/y &#8220;Czarodziejka&#8221;<\/a><\/p>\n<hr \/>\n<p>REGATTA RESULTS:<\/p>\n<p><a href=\"http:\/\/jkmgryf.stronazen.pl\/gryf\/en\/aktualnosci\/wydarzenia\/regaty-90-lecia-jkm-gryf\/regaty-90lecia-lista-startowa\/\">starting list<\/a><\/p>\n<p><a href=\"http:\/\/jkmgryf.stronazen.pl\/gryf\/en\/aktualnosci\/wydarzenia\/regaty-90-lecia-jkm-gryf\/regaty-90-lecia-grupa-orc\/\">ORC Group<\/a><\/p>\n<p><a href=\"http:\/\/jkmgryf.stronazen.pl\/gryf\/en\/aktualnosci\/wydarzenia\/regaty-90-lecia-jkm-gryf\/regaty-90-lecia-grupa-kwr\/\">KWR Group<\/a><\/p>\n<p><a href=\"http:\/\/jkmgryf.stronazen.pl\/gryf\/en\/aktualnosci\/wydarzenia\/regaty-90-lecia-jkm-gryf\/regaty-90-lecia-grupa-open\/\">OPEN Group<\/a><\/p>\n<p><a href=\"http:\/\/jkmgryf.stronazen.pl\/gryf\/en\/aktualnosci\/wydarzenia\/regaty-90-lecia-jkm-gryf\/regaty-90-lecia-nieoficjalna-lista-orc\/\">Unofficial general results of the ORC group<\/a><\/p>\n<a href=\"http:\/\/www.jkmgryf.pl\/index.php?option=com_content&amp;view=category&amp;layout=blog&amp;id=22&amp;Itemid=46\" class=\"su-button su-button-style-flat\" style=\"color:#FFFFFF;background-color:#109fd3 ;border-color:#109fd3 ;border-radius:0px;-moz-border-radius:0px;-webkit-border-radius:0px\" target=\"__blank\"><span style=\"color:#FFFFFF;padding:0px 22px;font-size:17px;line-height:34px;border-color:#109fd3 ;border-radius:0px;-moz-border-radius:0px;-webkit-border-radius:0px;text-shadow:0px 0px 0px #ffffff;-moz-text-shadow:0px 0px 0px #ffffff;-webkit-text-shadow:0px 0px 0px #ffffff\">  go to archive <\/span><\/a>\n<div class=\"su-spacer\" style=\"height:40px\"><\/div>\n<div class=\"su-button-center\"><a href=\"http:\/\/jkmgryf.stronazen.pl\/gryf\/en\/aktualnosci\/wydarzenia\/\" class=\"su-button su-button-style-flat\" style=\"color:#FFFFFF;background-color:#109fd3 ;border-color:#109fd3 ;border-radius:0px;-moz-border-radius:0px;-webkit-border-radius:0px\" target=\"_self\"><span style=\"color:#FFFFFF;padding:0px 22px;font-size:17px;line-height:34px;border-color:#109fd3 ;border-radius:0px;-moz-border-radius:0px;-webkit-border-radius:0px;text-shadow:0px 0px 0px #ffffff;-moz-text-shadow:0px 0px 0px #ffffff;-webkit-text-shadow:0px 0px 0px #ffffff\"> back<\/span><\/a><\/div>","protected":false},"excerpt":{"rendered":"<p>Do regat, przez formularz zg\u0142oszeniowy, zg\u0142osi\u0142y si\u0119 a\u017c 22 jachty. Jak to jednak bywa z d\u0142ugimi regatami, nie wszyscy wystartowali. Pewnie dlatego, \u017ce jak regat w sezonie jest tak du\u017co, to z cz\u0119\u015bci czasami trzeba zrezygnowa\u0107. Czemu z tych akurat? Bo nie s\u0105 tak popularne medialnie, bo nie s\u0105 klasyfikowane w r\u00f3\u017cnych pucharach, bo&#8230; to<br \/><a class=\"moretag\" href=\"http:\/\/jkmgryf.stronazen.pl\/gryf\/en\/aktualnosci\/wydarzenia\/regaty-90-lecia-jkm-gryf\/\">+ Read More<\/a><\/p>","protected":false},"author":1,"featured_media":1662,"parent":224,"menu_order":0,"comment_status":"closed","ping_status":"closed","template":"templates\/page-fullwidth_template.php","meta":[],"yoast_head":"<!-- This site is optimized with the Yoast SEO plugin v15.9.2 - https:\/\/yoast.com\/wordpress\/plugins\/seo\/ -->\n<title>Regaty 90-lecia JKM Gryf - JKM GRYF<\/title>\n<link rel=\"canonical\" href=\"http:\/\/jkmgryf.stronazen.pl\/gryf\/en\/aktualnosci\/wydarzenia\/regaty-90-lecia-jkm-gryf\/\" \/>\n<meta property=\"og:locale\" content=\"en_GB\" \/>\n<meta property=\"og:type\" content=\"article\" \/>\n<meta property=\"og:title\" content=\"Regaty 90-lecia JKM Gryf - JKM GRYF\" \/>\n<meta property=\"og:description\" content=\"Do regat, przez formularz zg\u0142oszeniowy, zg\u0142osi\u0142y si\u0119 a\u017c 22 jachty. Jak to jednak bywa z d\u0142ugimi regatami, nie wszyscy wystartowali. Pewnie dlatego, \u017ce jak regat w sezonie jest tak du\u017co, to z cz\u0119\u015bci czasami trzeba zrezygnowa\u0107. Czemu z tych akurat? Bo nie s\u0105 tak popularne medialnie, bo nie s\u0105 klasyfikowane w r\u00f3\u017cnych pucharach, bo&#8230; to+ Read More\" \/>\n<meta property=\"og:url\" content=\"http:\/\/jkmgryf.stronazen.pl\/gryf\/en\/aktualnosci\/wydarzenia\/regaty-90-lecia-jkm-gryf\/\" \/>\n<meta property=\"og:site_name\" content=\"JKM GRYF\" \/>\n<meta property=\"article:modified_time\" content=\"2018-10-10T19:04:27+00:00\" \/>\n<meta property=\"og:image\" content=\"http:\/\/jkmgryf.stronazen.pl\/gryf\/wp-content\/uploads\/2018\/10\/regaty_1903x309p2.jpg\" \/>\n\t<meta property=\"og:image:width\" content=\"1903\" \/>\n\t<meta property=\"og:image:height\" content=\"309\" \/>\n<meta name=\"twitter:card\" content=\"summary_large_image\" \/>\n<meta name=\"twitter:label1\" content=\"Estimated reading time\">\n\t<meta name=\"twitter:data1\" content=\"3 minutes\">\n<script type=\"application\/ld+json\" class=\"yoast-schema-graph\">{\"@context\":\"https:\/\/schema.org\",\"@graph\":[{\"@type\":\"WebSite\",\"@id\":\"http:\/\/jkmgryf.stronazen.pl\/gryf\/#website\",\"url\":\"http:\/\/jkmgryf.stronazen.pl\/gryf\/\",\"name\":\"JKM GRYF\",\"description\":\"\",\"potentialAction\":[{\"@type\":\"SearchAction\",\"target\":\"http:\/\/jkmgryf.stronazen.pl\/gryf\/?s={search_term_string}\",\"query-input\":\"required name=search_term_string\"}],\"inLanguage\":\"en-GB\"},{\"@type\":\"ImageObject\",\"@id\":\"http:\/\/jkmgryf.stronazen.pl\/gryf\/aktualnosci\/wydarzenia\/regaty-90-lecia-jkm-gryf\/#primaryimage\",\"inLanguage\":\"en-GB\",\"url\":\"http:\/\/jkmgryf.stronazen.pl\/gryf\/wp-content\/uploads\/2018\/10\/regaty_1903x309p2.jpg\",\"width\":1903,\"height\":309},{\"@type\":\"WebPage\",\"@id\":\"http:\/\/jkmgryf.stronazen.pl\/gryf\/aktualnosci\/wydarzenia\/regaty-90-lecia-jkm-gryf\/#webpage\",\"url\":\"http:\/\/jkmgryf.stronazen.pl\/gryf\/aktualnosci\/wydarzenia\/regaty-90-lecia-jkm-gryf\/\",\"name\":\"Regaty 90-lecia JKM Gryf - JKM GRYF\",\"isPartOf\":{\"@id\":\"http:\/\/jkmgryf.stronazen.pl\/gryf\/#website\"},\"primaryImageOfPage\":{\"@id\":\"http:\/\/jkmgryf.stronazen.pl\/gryf\/aktualnosci\/wydarzenia\/regaty-90-lecia-jkm-gryf\/#primaryimage\"},\"datePublished\":\"2018-09-03T16:06:49+00:00\",\"dateModified\":\"2018-10-10T19:04:27+00:00\",\"breadcrumb\":{\"@id\":\"http:\/\/jkmgryf.stronazen.pl\/gryf\/aktualnosci\/wydarzenia\/regaty-90-lecia-jkm-gryf\/#breadcrumb\"},\"inLanguage\":\"en-GB\",\"potentialAction\":[{\"@type\":\"ReadAction\",\"target\":[\"http:\/\/jkmgryf.stronazen.pl\/gryf\/aktualnosci\/wydarzenia\/regaty-90-lecia-jkm-gryf\/\"]}]},{\"@type\":\"BreadcrumbList\",\"@id\":\"http:\/\/jkmgryf.stronazen.pl\/gryf\/aktualnosci\/wydarzenia\/regaty-90-lecia-jkm-gryf\/#breadcrumb\",\"itemListElement\":[{\"@type\":\"ListItem\",\"position\":1,\"item\":{\"@type\":\"WebPage\",\"@id\":\"http:\/\/jkmgryf.stronazen.pl\/gryf\/\",\"url\":\"http:\/\/jkmgryf.stronazen.pl\/gryf\/\",\"name\":\"Strona g\\u0142\\u00f3wna\"}},{\"@type\":\"ListItem\",\"position\":2,\"item\":{\"@type\":\"WebPage\",\"@id\":\"http:\/\/jkmgryf.stronazen.pl\/gryf\/aktualnosci\/\",\"url\":\"http:\/\/jkmgryf.stronazen.pl\/gryf\/aktualnosci\/\",\"name\":\"Aktualno\\u015bci\"}},{\"@type\":\"ListItem\",\"position\":3,\"item\":{\"@type\":\"WebPage\",\"@id\":\"http:\/\/jkmgryf.stronazen.pl\/gryf\/aktualnosci\/wydarzenia\/\",\"url\":\"http:\/\/jkmgryf.stronazen.pl\/gryf\/aktualnosci\/wydarzenia\/\",\"name\":\"wydarzenia\"}},{\"@type\":\"ListItem\",\"position\":4,\"item\":{\"@type\":\"WebPage\",\"@id\":\"http:\/\/jkmgryf.stronazen.pl\/gryf\/aktualnosci\/wydarzenia\/regaty-90-lecia-jkm-gryf\/\",\"url\":\"http:\/\/jkmgryf.stronazen.pl\/gryf\/aktualnosci\/wydarzenia\/regaty-90-lecia-jkm-gryf\/\",\"name\":\"Regaty 90-lecia JKM Gryf\"}}]}]}<\/script>\n<!-- \/ Yoast SEO plugin. -->","_links":{"self":[{"href":"http:\/\/jkmgryf.stronazen.pl\/gryf\/en\/wp-json\/wp\/v2\/pages\/814"}],"collection":[{"href":"http:\/\/jkmgryf.stronazen.pl\/gryf\/en\/wp-json\/wp\/v2\/pages"}],"about":[{"href":"http:\/\/jkmgryf.stronazen.pl\/gryf\/en\/wp-json\/wp\/v2\/types\/page"}],"author":[{"embeddable":true,"href":"http:\/\/jkmgryf.stronazen.pl\/gryf\/en\/wp-json\/wp\/v2\/users\/1"}],"replies":[{"embeddable":true,"href":"http:\/\/jkmgryf.stronazen.pl\/gryf\/en\/wp-json\/wp\/v2\/comments?post=814"}],"version-history":[{"count":18,"href":"http:\/\/jkmgryf.stronazen.pl\/gryf\/en\/wp-json\/wp\/v2\/pages\/814\/revisions"}],"predecessor-version":[{"id":1670,"href":"http:\/\/jkmgryf.stronazen.pl\/gryf\/en\/wp-json\/wp\/v2\/pages\/814\/revisions\/1670"}],"up":[{"embeddable":true,"href":"http:\/\/jkmgryf.stronazen.pl\/gryf\/en\/wp-json\/wp\/v2\/pages\/224"}],"wp:featuredmedia":[{"embeddable":true,"href":"http:\/\/jkmgryf.stronazen.pl\/gryf\/en\/wp-json\/wp\/v2\/media\/1662"}],"wp:attachment":[{"href":"http:\/\/jkmgryf.stronazen.pl\/gryf\/en\/wp-json\/wp\/v2\/media?parent=814"}],"curies":[{"name":"wp","href":"https:\/\/api.w.org\/{rel}","templated":true}]}}