{"id":758,"date":"2018-08-13T12:46:32","date_gmt":"2018-08-13T10:46:32","guid":{"rendered":"http:\/\/jkmgryf.stronazen.pl\/gryf\/?page_id=758"},"modified":"2018-10-10T21:24:25","modified_gmt":"2018-10-10T19:24:25","slug":"czlonkostwo","status":"publish","type":"page","link":"http:\/\/jkmgryf.stronazen.pl\/gryf\/en\/sprawy-klubowe\/czlonkostwo\/","title":{"rendered":"How to become a member of our Club"},"content":{"rendered":"<p>To enroll in a club, you must complete <a href=\"http:\/\/jkmgryf.stronazen.pl\/gryf\/wp-content\/uploads\/2018\/09\/Deklaracja.pdf\">printing of the declaration<\/a> and submit it with the photo in the club secretary's office. At the same time, you should pay a one-time entry fee of PLN 400 for adults and PLN 200 for schoolchildren and students who can be paid in cash at the secretary's office or by transfer to a club account. After being formally accepted by club members, you can go ahead in the footsteps of the famous club predecessors of Leonid Teliga and Zbigniew Puchalski, or designate your own sailing route.<\/p>\n<div class=\"su-spacer\" style=\"height:30px\"><\/div>\n<p>IMPORTANT! In order to gain full access to the club site, after the formal acceptance of the members of the Club, write an e-mail on address klub@jkmgryf.pl. The website administrators will give the username and password needed to log in to the club's website.<\/p>\n<p><strong>Member fees:<\/strong><\/p>\n\r\n\t\t\t <div class=\"promo1\" style=\"background-color:#f7f7f7; border-color: #109fd3 #e8e6e6 #e8e6e6;\">\r\n             \t\nEnroll fee: <strong> 400 PLN<\/strong> Adults <strong>200 PLN <\/strong>for school youth and students<br \/>\nBasic dues: <strong>367,20 PLN\/annually*<\/strong><br \/>\nDiscounted dues: <strong>183,60 PLN\/annually**<\/strong><\/p>\n<p>Dues can be paid annually or on a yearly basis.<\/p>\n<p>* Exempted from the obligation to pay the dues are: children of Club members until they finish school, honor members of the Club and yacht attendants for a given calendar year.<br \/>\n**Sk\u0142adka ulgowa przys\u0142uguje m\u0142odzie\u017cy ucz\u0105cej si\u0119, emerytom i rencistom, ma\u0142\u017conkom cz\u0142onk\u00f3w Klubu, oraz cz\u0142onkom wyr\u00f3\u017cnionym honorow\u0105 odznak\u0105 &#8220;Za zas\u0142ugi dla JKM Gryf&#8221;.<\/p>\n<p><strong style=\"color: #109fd3;\">10% discount is payable for one-time payment, one year in advance, till the end of the first quarter and for at least 20 years of membership in the Club. Discounts can not be used by members who pay a reduced fee of 50% of the basic premium.<\/strong><\/p>\n \r\n             <\/div>\t\r\n\t\t\n<p>&nbsp;<\/p>\n<p>Each member of the club is obliged to work off <strong>20 hours a year for the club<\/strong>. In the case of inability to provide such a work, a member of the club pays to the account or to the club's cash register <strong>cash equivalent in the amount of PLN 200<\/strong> as a donation.<\/p>\n<div id=\"attachment_723\" style=\"width: 1034px\" class=\"wp-caption aligncenter\"><img aria-describedby=\"caption-attachment-723\" loading=\"lazy\" class=\"wp-image-723 size-large\" src=\"http:\/\/jkmgryf.stronazen.pl\/gryf\/wp-content\/uploads\/2018\/08\/4.Albatros2OK_www-1024x675.jpg\" alt=\"\" width=\"1024\" height=\"675\" srcset=\"http:\/\/jkmgryf.stronazen.pl\/gryf\/wp-content\/uploads\/2018\/08\/4.Albatros2OK_www-1024x675.jpg 1024w, http:\/\/jkmgryf.stronazen.pl\/gryf\/wp-content\/uploads\/2018\/08\/4.Albatros2OK_www-300x198.jpg 300w, http:\/\/jkmgryf.stronazen.pl\/gryf\/wp-content\/uploads\/2018\/08\/4.Albatros2OK_www-768x506.jpg 768w, http:\/\/jkmgryf.stronazen.pl\/gryf\/wp-content\/uploads\/2018\/08\/4.Albatros2OK_www.jpg 1920w\" sizes=\"(max-width: 1024px) 100vw, 1024px\" \/><p id=\"caption-attachment-723\" class=\"wp-caption-text\">crew of Albatros in W\u0142adys\u0142awowo, May 1938.<\/p><\/div>\n<p>&nbsp;<\/p>\n<p style=\"text-align: left;\" align=\"center\"><div class=\"su-spacer\" style=\"height:30px\"><\/div>\n<div class=\"su-button-center\"><a href=\"http:\/\/jkmgryf.stronazen.pl\/gryf\/en\/sprawy-klubowe\/\" class=\"su-button su-button-style-flat\" style=\"color:#FFFFFF;background-color:#109fd3 ;border-color:#109fd3 ;border-radius:0px;-moz-border-radius:0px;-webkit-border-radius:0px\" target=\"_self\"><span style=\"color:#FFFFFF;padding:0px 22px;font-size:17px;line-height:34px;border-color:#109fd3 ;border-radius:0px;-moz-border-radius:0px;-webkit-border-radius:0px;text-shadow:0px 0px 0px #ffffff;-moz-text-shadow:0px 0px 0px #ffffff;-webkit-text-shadow:0px 0px 0px #ffffff\"> back<\/span><\/a><\/div>\n<div class=\"su-spacer\" style=\"height:30px\"><\/div>","protected":false},"excerpt":{"rendered":"<p>Aby zapisa\u0107 si\u0119 do klubu nale\u017cy wype\u0142ni\u0107 druk deklaracji i wraz ze zdj\u0119ciem z\u0142o\u017cy\u0107 w sekretariacie klubu. Jednocze\u015bnie nale\u017cy op\u0142aci\u0107 jednorazowe wpisowe w wysoko\u015bci 400 z\u0142 dla doros\u0142ych i 200 z\u0142 dla m\u0142odzie\u017cy szkolnej i student\u00f3w, kt\u00f3re mo\u017cna zap\u0142aci\u0107 got\u00f3wk\u0105 w sekretariacie, b\u0105d\u017a przelewem na konto klubu.Po formalnym przyj\u0119ciu w poczet cz\u0142onk\u00f3w klubu przez Zarz\u0105d<br \/><a class=\"moretag\" href=\"http:\/\/jkmgryf.stronazen.pl\/gryf\/en\/sprawy-klubowe\/czlonkostwo\/\">+ Read More<\/a><\/p>","protected":false},"author":1,"featured_media":1655,"parent":212,"menu_order":0,"comment_status":"closed","ping_status":"closed","template":"templates\/page-fullwidth_template.php","meta":[],"yoast_head":"<!-- This site is optimized with the Yoast SEO plugin v15.9.2 - https:\/\/yoast.com\/wordpress\/plugins\/seo\/ -->\n<title>Jak zosta\u0107 cz\u0142onkiem klubu - JKM GRYF<\/title>\n<link rel=\"canonical\" href=\"http:\/\/jkmgryf.stronazen.pl\/gryf\/en\/sprawy-klubowe\/czlonkostwo\/\" \/>\n<meta property=\"og:locale\" content=\"en_GB\" \/>\n<meta property=\"og:type\" content=\"article\" \/>\n<meta property=\"og:title\" content=\"Jak zosta\u0107 cz\u0142onkiem klubu - JKM GRYF\" \/>\n<meta property=\"og:description\" content=\"Aby zapisa\u0107 si\u0119 do klubu nale\u017cy wype\u0142ni\u0107 druk deklaracji i wraz ze zdj\u0119ciem z\u0142o\u017cy\u0107 w sekretariacie klubu. Jednocze\u015bnie nale\u017cy op\u0142aci\u0107 jednorazowe wpisowe w wysoko\u015bci 400 z\u0142 dla doros\u0142ych i 200 z\u0142 dla m\u0142odzie\u017cy szkolnej i student\u00f3w, kt\u00f3re mo\u017cna zap\u0142aci\u0107 got\u00f3wk\u0105 w sekretariacie, b\u0105d\u017a przelewem na konto klubu.Po formalnym przyj\u0119ciu w poczet cz\u0142onk\u00f3w klubu przez Zarz\u0105d+ Read More\" \/>\n<meta property=\"og:url\" content=\"http:\/\/jkmgryf.stronazen.pl\/gryf\/en\/sprawy-klubowe\/czlonkostwo\/\" \/>\n<meta property=\"og:site_name\" content=\"JKM GRYF\" \/>\n<meta property=\"article:modified_time\" content=\"2018-10-10T19:24:25+00:00\" \/>\n<meta property=\"og:image\" content=\"http:\/\/jkmgryf.stronazen.pl\/gryf\/wp-content\/uploads\/2018\/10\/fale_light_darker_popr2.jpg\" \/>\n\t<meta property=\"og:image:width\" content=\"1920\" \/>\n\t<meta property=\"og:image:height\" content=\"655\" \/>\n<meta name=\"twitter:card\" content=\"summary_large_image\" \/>\n<meta name=\"twitter:label1\" content=\"Estimated reading time\">\n\t<meta name=\"twitter:data1\" content=\"2 minutes\">\n<script type=\"application\/ld+json\" class=\"yoast-schema-graph\">{\"@context\":\"https:\/\/schema.org\",\"@graph\":[{\"@type\":\"WebSite\",\"@id\":\"http:\/\/jkmgryf.stronazen.pl\/gryf\/#website\",\"url\":\"http:\/\/jkmgryf.stronazen.pl\/gryf\/\",\"name\":\"JKM GRYF\",\"description\":\"\",\"potentialAction\":[{\"@type\":\"SearchAction\",\"target\":\"http:\/\/jkmgryf.stronazen.pl\/gryf\/?s={search_term_string}\",\"query-input\":\"required name=search_term_string\"}],\"inLanguage\":\"en-GB\"},{\"@type\":\"ImageObject\",\"@id\":\"http:\/\/jkmgryf.stronazen.pl\/gryf\/sprawy-klubowe\/czlonkostwo\/#primaryimage\",\"inLanguage\":\"en-GB\",\"url\":\"http:\/\/jkmgryf.stronazen.pl\/gryf\/wp-content\/uploads\/2018\/10\/fale_light_darker_popr2.jpg\",\"width\":1920,\"height\":655},{\"@type\":\"WebPage\",\"@id\":\"http:\/\/jkmgryf.stronazen.pl\/gryf\/sprawy-klubowe\/czlonkostwo\/#webpage\",\"url\":\"http:\/\/jkmgryf.stronazen.pl\/gryf\/sprawy-klubowe\/czlonkostwo\/\",\"name\":\"Jak zosta\\u0107 cz\\u0142onkiem klubu - JKM GRYF\",\"isPartOf\":{\"@id\":\"http:\/\/jkmgryf.stronazen.pl\/gryf\/#website\"},\"primaryImageOfPage\":{\"@id\":\"http:\/\/jkmgryf.stronazen.pl\/gryf\/sprawy-klubowe\/czlonkostwo\/#primaryimage\"},\"datePublished\":\"2018-08-13T10:46:32+00:00\",\"dateModified\":\"2018-10-10T19:24:25+00:00\",\"breadcrumb\":{\"@id\":\"http:\/\/jkmgryf.stronazen.pl\/gryf\/sprawy-klubowe\/czlonkostwo\/#breadcrumb\"},\"inLanguage\":\"en-GB\",\"potentialAction\":[{\"@type\":\"ReadAction\",\"target\":[\"http:\/\/jkmgryf.stronazen.pl\/gryf\/sprawy-klubowe\/czlonkostwo\/\"]}]},{\"@type\":\"BreadcrumbList\",\"@id\":\"http:\/\/jkmgryf.stronazen.pl\/gryf\/sprawy-klubowe\/czlonkostwo\/#breadcrumb\",\"itemListElement\":[{\"@type\":\"ListItem\",\"position\":1,\"item\":{\"@type\":\"WebPage\",\"@id\":\"http:\/\/jkmgryf.stronazen.pl\/gryf\/\",\"url\":\"http:\/\/jkmgryf.stronazen.pl\/gryf\/\",\"name\":\"Strona g\\u0142\\u00f3wna\"}},{\"@type\":\"ListItem\",\"position\":2,\"item\":{\"@type\":\"WebPage\",\"@id\":\"http:\/\/jkmgryf.stronazen.pl\/gryf\/en\/sprawy-klubowe\/\",\"url\":\"http:\/\/jkmgryf.stronazen.pl\/gryf\/en\/sprawy-klubowe\/\",\"name\":\"Sprawy klubowe\"}},{\"@type\":\"ListItem\",\"position\":3,\"item\":{\"@type\":\"WebPage\",\"@id\":\"http:\/\/jkmgryf.stronazen.pl\/gryf\/sprawy-klubowe\/czlonkostwo\/\",\"url\":\"http:\/\/jkmgryf.stronazen.pl\/gryf\/sprawy-klubowe\/czlonkostwo\/\",\"name\":\"Jak zosta\\u0107 cz\\u0142onkiem klubu\"}}]}]}<\/script>\n<!-- \/ Yoast SEO plugin. -->","_links":{"self":[{"href":"http:\/\/jkmgryf.stronazen.pl\/gryf\/en\/wp-json\/wp\/v2\/pages\/758"}],"collection":[{"href":"http:\/\/jkmgryf.stronazen.pl\/gryf\/en\/wp-json\/wp\/v2\/pages"}],"about":[{"href":"http:\/\/jkmgryf.stronazen.pl\/gryf\/en\/wp-json\/wp\/v2\/types\/page"}],"author":[{"embeddable":true,"href":"http:\/\/jkmgryf.stronazen.pl\/gryf\/en\/wp-json\/wp\/v2\/users\/1"}],"replies":[{"embeddable":true,"href":"http:\/\/jkmgryf.stronazen.pl\/gryf\/en\/wp-json\/wp\/v2\/comments?post=758"}],"version-history":[{"count":24,"href":"http:\/\/jkmgryf.stronazen.pl\/gryf\/en\/wp-json\/wp\/v2\/pages\/758\/revisions"}],"predecessor-version":[{"id":2424,"href":"http:\/\/jkmgryf.stronazen.pl\/gryf\/en\/wp-json\/wp\/v2\/pages\/758\/revisions\/2424"}],"up":[{"embeddable":true,"href":"http:\/\/jkmgryf.stronazen.pl\/gryf\/en\/wp-json\/wp\/v2\/pages\/212"}],"wp:featuredmedia":[{"embeddable":true,"href":"http:\/\/jkmgryf.stronazen.pl\/gryf\/en\/wp-json\/wp\/v2\/media\/1655"}],"wp:attachment":[{"href":"http:\/\/jkmgryf.stronazen.pl\/gryf\/en\/wp-json\/wp\/v2\/media?parent=758"}],"curies":[{"name":"wp","href":"https:\/\/api.w.org\/{rel}","templated":true}]}}