{"id":220,"date":"2018-05-15T14:54:05","date_gmt":"2018-05-15T12:54:05","guid":{"rendered":"http:\/\/jkmgryf.stronazen.pl\/gryf\/?page_id=220"},"modified":"2018-10-10T21:22:24","modified_gmt":"2018-10-10T19:22:24","slug":"warunki-korzystania-z-jachtow","status":"publish","type":"page","link":"http:\/\/jkmgryf.stronazen.pl\/gryf\/en\/jachty\/warunki-korzystania-z-jachtow\/","title":{"rendered":"Terms of use of yachts and club base"},"content":{"rendered":"<p>Only members of the Club, as well as the persons accompanying them, have the right to use Club Floating Equipment on the terms and conditions specified in the Management Board's resolution of August 17, 2015.<\/p>\n<p><strong>Yacht crews pay for the Club a swimming fee according to the following table (currency: PLN):<\/strong><\/p>\n<div id=\"tablepress-2-scroll-wrapper\" class=\"tablepress-scroll-wrapper\">\n\n<table id=\"tablepress-2\" class=\"tablepress tablepress-id-2 tabelaoplat tablepress-responsive\">\n<thead>\n<tr class=\"row-1 odd\">\n\t<th class=\"column-1\">yacht<\/th><th class=\"column-2\">                           Club's Members<br \/>\n(adults)<\/th><th class=\"column-3\">Club's Members<br \/>\n(learners, children, pensioners, yacht captains)<\/th><th class=\"column-4\">People accompanying the club members<br \/>\n(relatives)<\/th>\n<\/tr>\n<\/thead>\n<tbody class=\"row-hover\">\n<tr class=\"row-2 even\">\n\t<td class=\"column-1\">Orion<br \/>\n<br \/>\nAndromeda<\/td><td class=\"column-2\">12,00<\/td><td class=\"column-3\">6,00<\/td><td class=\"column-4\">20,00<\/td>\n<\/tr>\n<tr class=\"row-3 odd\">\n\t<td class=\"column-1\">Albatros<br \/>\n<br \/>\nArchimedes<br \/>\n<br \/>\nTauri<br \/>\n<br \/>\nAlcor<\/td><td class=\"column-2\">10,00<\/td><td class=\"column-3\">5,00<\/td><td class=\"column-4\">20,00<\/td>\n<\/tr>\n<tr class=\"row-4 even\">\n\t<td class=\"column-1\">Umi<\/td><td class=\"column-2\">9,00<\/td><td class=\"column-3\">4,50<\/td><td class=\"column-4\">20,00<\/td>\n<\/tr>\n<tr class=\"row-5 odd\">\n\t<td class=\"column-1\">Zefirek<br \/>\n<br \/>\nPallas<\/td><td class=\"column-2\">8,00<\/td><td class=\"column-3\">4,00<\/td><td class=\"column-4\">20,00<\/td>\n<\/tr>\n<\/tbody>\n<\/table>\n\n<\/div><!-- #tablepress-2 from cache -->\n<hr \/>\n<p><i>Note: the term \"learners\" should be understood as learners or students at day schools or colleges (up to 26 years of age)<\/i><\/p>\n<p>&nbsp;<\/p>\n<p><strong>Exempt from paying the aforementioned fees are:<\/strong>Club Honor Members, Yacht Manager established by the Club Board for a given year, Club or yacht sponsors, guests invited by the Board, participants of the regatta, club and sailing boat club instructors and instructors during practical classes during the course.<\/p>\n<p><b>Members of the Club who do not show at least 20 hours of work for the Club (yacht repairs, works for the club, etc.) are obliged to pay PLN 200 as an equivalent for working hours (PLN 10 per hour).<\/b><\/p>\n<p>During the voyage, the crew bears all yacht operating costs, as well as full material and legal responsibility for any damage and breakdowns ensuing on the yacht from the moment of taking over to the moment of its return. The liability in question includes the costs of repairing damage, removing the consequences of a breakdown, and the recovery of which from the insurance of the yacht will prove unprofitable to the Club, including due to the loss of discounts for the so-called \"failure-free\" and the amount of \"reducing franchise\" (10% of the cost). The crew's liability may be reduced by the amount of any insurance compensation received. The above does not apply to the consequences of accidents \"(NNW) defined by the insurer.<\/p>\n<p>Any non-refunded by the insurer - damage, losses or damage caused to the yacht during the voyage, must be repaired at the expense of the cruise crew in time enabling further exploitation of the yacht.<\/p>\n<p>&nbsp;<\/p>\n<hr \/>\n<hr \/>\n<p>&nbsp;<\/p>\n<p><strong>Yacht stop or storage of equipment, materials, etc. in the area of the Club:<\/strong><\/p>\n<div id=\"tablepress-3-scroll-wrapper\" class=\"tablepress-scroll-wrapper\">\n\n<table id=\"tablepress-3\" class=\"tablepress tablepress-id-3 tablepress-responsive\">\n<thead>\n<tr class=\"row-1 odd\">\n\t<th class=\"column-1\">place<\/th><th colspan=\"2\" class=\"column-2\">Club's Members<\/th><th class=\"column-4\">Not Club's Members<\/th>\n<\/tr>\n<\/thead>\n<tbody class=\"row-hover\">\n<tr class=\"row-2 even\">\n\t<td rowspan=\"3\" class=\"column-1\">on land<br \/>\n(club area)<\/td><td class=\"column-2\">With membership over 5 years<\/td><td class=\"column-3\"><b>10 PLN\/RM<\/b><\/td><td class=\"column-4\">Above 50 PLN \/ RM (price is negotiable)<\/td>\n<\/tr>\n<tr class=\"row-3 odd\">\n\t<td class=\"column-2\">With membership from 3 to 5 years<\/td><td class=\"column-3\"><b>25 PLN\/RM<\/b><\/td><td class=\"column-4\"><\/td>\n<\/tr>\n<tr class=\"row-4 even\">\n\t<td class=\"column-2\">With membership up to 3 years<\/td><td class=\"column-3\"><b>50 PLN\/RM<\/b><\/td><td class=\"column-4\"><\/td>\n<\/tr>\n<tr class=\"row-5 odd\">\n\t<td rowspan=\"2\" class=\"column-1\">club's hangar<\/td><td class=\"column-2\">Summer 1.05 \u2013 31.10<\/td><td class=\"column-3\"><b>10 PLN\/m2<\/b><\/td><td class=\"column-4\">Above rates for club members (price is negotiable)<\/td>\n<\/tr>\n<tr class=\"row-6 even\">\n\t<td class=\"column-2\">Winter 1.11 \u2013 30.04<\/td><td class=\"column-3\"><b>30 PLN\/m2<\/b><\/td><td class=\"column-4\"><\/td>\n<\/tr>\n<tr class=\"row-7 odd\">\n\t<td rowspan=\"3\" class=\"column-1\">working area<\/td><td class=\"column-2\">With membership over 5 years<\/td><td class=\"column-3\"><b>10 PLN\/RM<\/b><\/td><td class=\"column-4\">Above rates for club members (price is negotiable)<\/td>\n<\/tr>\n<tr class=\"row-8 even\">\n\t<td class=\"column-2\">With membership from 3 to 5 years<\/td><td class=\"column-3\"><b>25 PLN\/RM<\/b><\/td><td class=\"column-4\"><\/td>\n<\/tr>\n<tr class=\"row-9 odd\">\n\t<td class=\"column-2\">With membership up to 3 years<\/td><td class=\"column-3\"><b>50 PLN\/RM<\/b><\/td><td class=\"column-4\"><\/td>\n<\/tr>\n<\/tbody>\n<\/table>\n\n<\/div><!-- #tablepress-3 from cache -->\n<hr \/>\n<p><i>* fees are charged for each month started<\/i><\/p>\n<p><strong>Use of club rooms: <\/strong><br \/>\n<div id=\"tablepress-4-scroll-wrapper\" class=\"tablepress-scroll-wrapper\">\n\n<table id=\"tablepress-4\" class=\"tablepress tablepress-id-4 tablepress-responsive\">\n<thead>\n<tr class=\"row-1\">\n\t<th class=\"column-1\">Rodzaj pomieszczenia<\/th><th class=\"column-2\">Club's Members<\/th><th class=\"column-3\">Not Club's Members<\/th>\n<\/tr>\n<\/thead>\n<tbody>\n<tr class=\"row-2\">\n\t<td class=\"column-1\">Storage box<\/td><td class=\"column-2\">50 PLN\/monthly<\/td><td class=\"column-3\">-----<\/td>\n<\/tr>\n<\/tbody>\n<\/table>\n\n<\/div><!-- #tablepress-4 from cache -->\n<p><strong>U\u017cytkowanie urz\u0105dze\u0144 technicznych: <\/strong><br \/>\n<div id=\"tablepress-5-scroll-wrapper\" class=\"tablepress-scroll-wrapper\">\n\n<table id=\"tablepress-5\" class=\"tablepress tablepress-id-5 tablepress-responsive\">\n<thead>\n<tr class=\"row-1 odd\">\n\t<th class=\"column-1\">Rodzaj urz\u0105dzenia<\/th><th class=\"column-2\">Club's Members<\/th><th class=\"column-3\">Not Club's Members<\/th>\n<\/tr>\n<\/thead>\n<tbody class=\"row-hover\">\n<tr class=\"row-2 even\">\n\t<td class=\"column-1\">Electricity consumption for a yacht<\/td><td class=\"column-2\">In the season - free of charge, out of season as indicated by the meter<\/td><td class=\"column-3\">negotiable<\/td>\n<\/tr>\n<\/tbody>\n<\/table>\n\n<\/div><!-- #tablepress-5 from cache -->\nAll persons using the club base are obliged to observe order, fire safety, decency and regulations, orders and instructions of the club authorities.<\/p>\n<p>The condition for using the club base, with particular reference to workshops and work on yachts, is signing and observance by the members or persons working for the club Regulations of health and safety and fire protection.<\/p>\n<p>The club does not bear any material and legal responsibility for the equipment, yacht or its equipment stored on the Club premises by a Club member.<\/p>\n<p>The club reserves the right to change the above rates and conditions for the use of yachts and club base without notice.<\/p>\n<p>All changes and rules for the use of yachts and club base will be placed immediately on the website and bulletin board at the club's headquarters.<\/p>\n<p><strong>Gdynia, 22 grudnia 2017<br \/>\n<i>Commodore of the Club Dariusz Szumi\u0144ski<\/i><\/strong><\/p>","protected":false},"excerpt":{"rendered":"<p>Z klubowego sprz\u0119tu p\u0142ywaj\u0105cego maj\u0105 prawo korzysta\u0107 wy\u0142\u0105cznie cz\u0142onkowie Klubu, a tak\u017ce osoby im towarzyszace, na zasadach i warunkach okre\u015blonych w uchwale Zarz\u0105du z dnia 17 sierpnia 2015 r. Za\u0142ogi jacht\u00f3w wnosz\u0105 na rzecz Klubu op\u0142at\u0119 za p\u0142ywanie wg poni\u017cszej tabeli: Uwaga: pod poj\u0119ciem \u201em\u0142odzie\u017c\u201d nale\u017cy rozumie\u0107 osoby ucz\u0105ce si\u0119 lub studiuj\u0105ce w szko\u0142ach lub<br \/><a class=\"moretag\" href=\"http:\/\/jkmgryf.stronazen.pl\/gryf\/en\/jachty\/warunki-korzystania-z-jachtow\/\">+ Read More<\/a><\/p>","protected":false},"author":1,"featured_media":1655,"parent":202,"menu_order":0,"comment_status":"closed","ping_status":"closed","template":"templates\/page-nosidebar_template.php","meta":[],"yoast_head":"<!-- This site is optimized with the Yoast SEO plugin v15.9.2 - https:\/\/yoast.com\/wordpress\/plugins\/seo\/ -->\n<title>Warunki korzystania z jacht\u00f3w i bazy klubowej - JKM GRYF<\/title>\n<link rel=\"canonical\" href=\"http:\/\/jkmgryf.stronazen.pl\/gryf\/en\/jachty\/warunki-korzystania-z-jachtow\/\" \/>\n<meta property=\"og:locale\" content=\"en_GB\" \/>\n<meta property=\"og:type\" content=\"article\" \/>\n<meta property=\"og:title\" content=\"Warunki korzystania z jacht\u00f3w i bazy klubowej - JKM GRYF\" \/>\n<meta property=\"og:description\" content=\"Z klubowego sprz\u0119tu p\u0142ywaj\u0105cego maj\u0105 prawo korzysta\u0107 wy\u0142\u0105cznie cz\u0142onkowie Klubu, a tak\u017ce osoby im towarzyszace, na zasadach i warunkach okre\u015blonych w uchwale Zarz\u0105du z dnia 17 sierpnia 2015 r. Za\u0142ogi jacht\u00f3w wnosz\u0105 na rzecz Klubu op\u0142at\u0119 za p\u0142ywanie wg poni\u017cszej tabeli: Uwaga: pod poj\u0119ciem \u201em\u0142odzie\u017c\u201d nale\u017cy rozumie\u0107 osoby ucz\u0105ce si\u0119 lub studiuj\u0105ce w szko\u0142ach lub+ Read More\" \/>\n<meta property=\"og:url\" content=\"http:\/\/jkmgryf.stronazen.pl\/gryf\/en\/jachty\/warunki-korzystania-z-jachtow\/\" \/>\n<meta property=\"og:site_name\" content=\"JKM GRYF\" \/>\n<meta property=\"article:modified_time\" content=\"2018-10-10T19:22:24+00:00\" \/>\n<meta property=\"og:image\" content=\"http:\/\/jkmgryf.stronazen.pl\/gryf\/wp-content\/uploads\/2018\/10\/fale_light_darker_popr2.jpg\" \/>\n\t<meta property=\"og:image:width\" content=\"1920\" \/>\n\t<meta property=\"og:image:height\" content=\"655\" \/>\n<meta name=\"twitter:card\" content=\"summary_large_image\" \/>\n<meta name=\"twitter:label1\" content=\"Estimated reading time\">\n\t<meta name=\"twitter:data1\" content=\"3 minutes\">\n<script type=\"application\/ld+json\" class=\"yoast-schema-graph\">{\"@context\":\"https:\/\/schema.org\",\"@graph\":[{\"@type\":\"WebSite\",\"@id\":\"http:\/\/jkmgryf.stronazen.pl\/gryf\/#website\",\"url\":\"http:\/\/jkmgryf.stronazen.pl\/gryf\/\",\"name\":\"JKM GRYF\",\"description\":\"\",\"potentialAction\":[{\"@type\":\"SearchAction\",\"target\":\"http:\/\/jkmgryf.stronazen.pl\/gryf\/?s={search_term_string}\",\"query-input\":\"required name=search_term_string\"}],\"inLanguage\":\"en-GB\"},{\"@type\":\"ImageObject\",\"@id\":\"http:\/\/jkmgryf.stronazen.pl\/gryf\/jachty\/warunki-korzystania-z-jachtow\/#primaryimage\",\"inLanguage\":\"en-GB\",\"url\":\"http:\/\/jkmgryf.stronazen.pl\/gryf\/wp-content\/uploads\/2018\/10\/fale_light_darker_popr2.jpg\",\"width\":1920,\"height\":655},{\"@type\":\"WebPage\",\"@id\":\"http:\/\/jkmgryf.stronazen.pl\/gryf\/jachty\/warunki-korzystania-z-jachtow\/#webpage\",\"url\":\"http:\/\/jkmgryf.stronazen.pl\/gryf\/jachty\/warunki-korzystania-z-jachtow\/\",\"name\":\"Warunki korzystania z jacht\\u00f3w i bazy klubowej - JKM GRYF\",\"isPartOf\":{\"@id\":\"http:\/\/jkmgryf.stronazen.pl\/gryf\/#website\"},\"primaryImageOfPage\":{\"@id\":\"http:\/\/jkmgryf.stronazen.pl\/gryf\/jachty\/warunki-korzystania-z-jachtow\/#primaryimage\"},\"datePublished\":\"2018-05-15T12:54:05+00:00\",\"dateModified\":\"2018-10-10T19:22:24+00:00\",\"breadcrumb\":{\"@id\":\"http:\/\/jkmgryf.stronazen.pl\/gryf\/jachty\/warunki-korzystania-z-jachtow\/#breadcrumb\"},\"inLanguage\":\"en-GB\",\"potentialAction\":[{\"@type\":\"ReadAction\",\"target\":[\"http:\/\/jkmgryf.stronazen.pl\/gryf\/jachty\/warunki-korzystania-z-jachtow\/\"]}]},{\"@type\":\"BreadcrumbList\",\"@id\":\"http:\/\/jkmgryf.stronazen.pl\/gryf\/jachty\/warunki-korzystania-z-jachtow\/#breadcrumb\",\"itemListElement\":[{\"@type\":\"ListItem\",\"position\":1,\"item\":{\"@type\":\"WebPage\",\"@id\":\"http:\/\/jkmgryf.stronazen.pl\/gryf\/\",\"url\":\"http:\/\/jkmgryf.stronazen.pl\/gryf\/\",\"name\":\"Strona g\\u0142\\u00f3wna\"}},{\"@type\":\"ListItem\",\"position\":2,\"item\":{\"@type\":\"WebPage\",\"@id\":\"http:\/\/jkmgryf.stronazen.pl\/gryf\/jachty\/\",\"url\":\"http:\/\/jkmgryf.stronazen.pl\/gryf\/jachty\/\",\"name\":\"Jachty\"}},{\"@type\":\"ListItem\",\"position\":3,\"item\":{\"@type\":\"WebPage\",\"@id\":\"http:\/\/jkmgryf.stronazen.pl\/gryf\/jachty\/warunki-korzystania-z-jachtow\/\",\"url\":\"http:\/\/jkmgryf.stronazen.pl\/gryf\/jachty\/warunki-korzystania-z-jachtow\/\",\"name\":\"Warunki korzystania z jacht\\u00f3w i bazy klubowej\"}}]}]}<\/script>\n<!-- \/ Yoast SEO plugin. -->","_links":{"self":[{"href":"http:\/\/jkmgryf.stronazen.pl\/gryf\/en\/wp-json\/wp\/v2\/pages\/220"}],"collection":[{"href":"http:\/\/jkmgryf.stronazen.pl\/gryf\/en\/wp-json\/wp\/v2\/pages"}],"about":[{"href":"http:\/\/jkmgryf.stronazen.pl\/gryf\/en\/wp-json\/wp\/v2\/types\/page"}],"author":[{"embeddable":true,"href":"http:\/\/jkmgryf.stronazen.pl\/gryf\/en\/wp-json\/wp\/v2\/users\/1"}],"replies":[{"embeddable":true,"href":"http:\/\/jkmgryf.stronazen.pl\/gryf\/en\/wp-json\/wp\/v2\/comments?post=220"}],"version-history":[{"count":34,"href":"http:\/\/jkmgryf.stronazen.pl\/gryf\/en\/wp-json\/wp\/v2\/pages\/220\/revisions"}],"predecessor-version":[{"id":1689,"href":"http:\/\/jkmgryf.stronazen.pl\/gryf\/en\/wp-json\/wp\/v2\/pages\/220\/revisions\/1689"}],"up":[{"embeddable":true,"href":"http:\/\/jkmgryf.stronazen.pl\/gryf\/en\/wp-json\/wp\/v2\/pages\/202"}],"wp:featuredmedia":[{"embeddable":true,"href":"http:\/\/jkmgryf.stronazen.pl\/gryf\/en\/wp-json\/wp\/v2\/media\/1655"}],"wp:attachment":[{"href":"http:\/\/jkmgryf.stronazen.pl\/gryf\/en\/wp-json\/wp\/v2\/media?parent=220"}],"curies":[{"name":"wp","href":"https:\/\/api.w.org\/{rel}","templated":true}]}}