{"id":216,"date":"2018-05-15T14:53:00","date_gmt":"2018-05-15T12:53:00","guid":{"rendered":"http:\/\/jkmgryf.stronazen.pl\/gryf\/?page_id=216"},"modified":"2019-04-05T20:15:22","modified_gmt":"2019-04-05T18:15:22","slug":"opiekunowie-jachtow","status":"publish","type":"page","link":"http:\/\/jkmgryf.stronazen.pl\/gryf\/en\/jachty\/opiekunowie-jachtow\/","title":{"rendered":"Yacht's attendants"},"content":{"rendered":"<div id=\"tablepress-1-scroll-wrapper\" class=\"tablepress-scroll-wrapper\">\n\n<table id=\"tablepress-1\" class=\"tablepress tablepress-id-1 tablepress-responsive\">\n<tbody class=\"row-hover\">\n<tr class=\"row-1 odd\">\n\t<td class=\"column-1\"><a href=\"http:\/\/jkmgryf.stronazen.pl\/gryf\/en\/our-team\/s-y-orion\/\" rel=\"noopener\" target=\"_blank\">s\/y Orion<\/a><\/td><td class=\"column-2\">Zbigniew Witbrot<\/td><td class=\"column-3\"><a href=\"tel: 0048513716733\">+48 513 716 733<\/a><\/td>\n<\/tr>\n<tr class=\"row-2 even\">\n\t<td class=\"column-1\"><a href=\"http:\/\/jkmgryf.stronazen.pl\/gryf\/en\/our-team\/s-y-andromeda\/\">s\/y Andromeda<\/a><\/td><td class=\"column-2\">Zbigniew Kajtoch<\/td><td class=\"column-3\"><a href=\"tel:0048513033539\">+48 513 033 539<\/a><\/td>\n<\/tr>\n<tr class=\"row-3 odd\">\n\t<td class=\"column-1\"><a href=\"http:\/\/jkmgryf.stronazen.pl\/gryf\/en\/our-team\/s-y-albatros\/\" rel=\"noopener\" target=\"_blank\">s\/y Albatros<\/a><\/td><td class=\"column-2\">Tomasz D\u0105bkowski<\/td><td class=\"column-3\"><a href=\"tel:0048530669778\">+48 530 669 778<\/a><\/td>\n<\/tr>\n<tr class=\"row-4 even\">\n\t<td class=\"column-1\"><a href=\"http:\/\/jkmgryf.stronazen.pl\/gryf\/en\/our-team\/s-y-archimedes\/\" rel=\"noopener\" target=\"_blank\">s\/y Archimedes<\/a><\/td><td class=\"column-2\">Szymon Zawodny<\/td><td class=\"column-3\"><a href=\"tel:0048512876291\">+48  512 876 291<\/a> <\/td>\n<\/tr>\n<tr class=\"row-5 odd\">\n\t<td class=\"column-1\"><a href=\"http:\/\/jkmgryf.stronazen.pl\/gryf\/en\/our-team\/s-y-tauri\/\" rel=\"noopener\" target=\"_blank\">s\/y Tauri<\/a><\/td><td class=\"column-2\">Rafa\u0142 Wolma\u0144ski<\/td><td class=\"column-3\"><a href=\"tel:0048882149150\">+48 882 149 150<\/a><\/td>\n<\/tr>\n<tr class=\"row-6 even\">\n\t<td class=\"column-1\"><a href=\"http:\/\/jkmgryf.stronazen.pl\/gryf\/en\/our-team\/s-y-umi\/\" rel=\"noopener\" target=\"_blank\">s\/y Umi<\/a><\/td><td class=\"column-2\">Antoni Maniecki<\/td><td class=\"column-3\"><a href=\"tel:0048697887097\">+48 697 887 097<\/a><\/td>\n<\/tr>\n<tr class=\"row-7 odd\">\n\t<td class=\"column-1\"><a href=\"http:\/\/jkmgryf.stronazen.pl\/gryf\/en\/our-team\/s-y-pallas\/\" rel=\"noopener\" target=\"_blank\">s\/y Pallas<\/a><\/td><td class=\"column-2\">Jan Piernikarczyk<\/td><td class=\"column-3\"><a href=\"tel:0048695142604\">+48 695 142 604<\/a><\/td>\n<\/tr>\n<tr class=\"row-8 even\">\n\t<td class=\"column-1\"><a href=\"http:\/\/jkmgryf.stronazen.pl\/gryf\/en\/our-team\/s-y-zefirek\/\" rel=\"noopener\" target=\"_blank\">s\/y Zefirek<\/a><\/td><td class=\"column-2\">Pawe\u0142 Bajerski<\/td><td class=\"column-3\"><a href=\"tel:0048600886080\">+48 600 886 080<\/a><\/td>\n<\/tr>\n<tr class=\"row-9 odd\">\n\t<td class=\"column-1\"><a href=\"http:\/\/jkmgryf.stronazen.pl\/gryf\/en\/our-team\/s-y-zefirek\/\" rel=\"noopener\" target=\"_blank\">s\/y Mizar<\/a><\/td><td class=\"column-2\">W\u0142odzimierz Kucharczyk<\/td><td class=\"column-3\"><a href=\"tel:0048609199089\">+48 609 199 089<\/a><\/td>\n<\/tr>\n<tr class=\"row-10 even\">\n\t<td class=\"column-1\"><a href=\"http:\/\/jkmgryf.stronazen.pl\/gryf\/en\/our-team\/m-y-alcor\/\" rel=\"noopener\" target=\"_blank\">m\/y Czang<\/a><\/td><td class=\"column-2\">W\u0142adys\u0142aw Spichalski <\/td><td class=\"column-3\"><a href=\"tel:0048692909711\">+48 692 909 711<\/a><\/td>\n<\/tr>\n<tr class=\"row-11 odd\">\n\t<td class=\"column-1\"><a href=\"http:\/\/jkmgryf.stronazen.pl\/gryf\/en\/our-team\/m-y-alcor\/\" rel=\"noopener\" target=\"_blank\">m\/y Alcor<\/a><\/td><td class=\"column-2\">Piotr Zabawski<\/td><td class=\"column-3\"><a href=\"tel:0048667954082\">+48 667 954 082<\/a><\/td>\n<\/tr>\n<\/tbody>\n<\/table>\n\n<\/div>\n<p><i>We wszystkich sprawach zwi\u0105zanych bezpo\u015brednio z jachtami, prosimy kontaktowa\u0107 si\u0119 z opiekunem danego jachtu.<\/i><\/p>","protected":false},"excerpt":{"rendered":"<p>We wszystkich sprawach zwi\u0105zanych bezpo\u015brednio z jachtami, prosimy kontaktowa\u0107 si\u0119 z opiekunem danego jachtu.<\/p>","protected":false},"author":1,"featured_media":1655,"parent":202,"menu_order":0,"comment_status":"closed","ping_status":"closed","template":"templates\/page-fullwidth_template.php","meta":[],"yoast_head":"<!-- This site is optimized with the Yoast SEO plugin v15.9.2 - https:\/\/yoast.com\/wordpress\/plugins\/seo\/ -->\n<title>opiekunowie jacht\u00f3w - JKM GRYF<\/title>\n<link rel=\"canonical\" href=\"http:\/\/jkmgryf.stronazen.pl\/gryf\/en\/jachty\/opiekunowie-jachtow\/\" \/>\n<meta property=\"og:locale\" content=\"en_GB\" \/>\n<meta property=\"og:type\" content=\"article\" \/>\n<meta property=\"og:title\" content=\"opiekunowie jacht\u00f3w - JKM GRYF\" \/>\n<meta property=\"og:description\" content=\"We wszystkich sprawach zwi\u0105zanych bezpo\u015brednio z jachtami, prosimy kontaktowa\u0107 si\u0119 z opiekunem danego jachtu.\" \/>\n<meta property=\"og:url\" content=\"http:\/\/jkmgryf.stronazen.pl\/gryf\/en\/jachty\/opiekunowie-jachtow\/\" \/>\n<meta property=\"og:site_name\" content=\"JKM GRYF\" \/>\n<meta property=\"article:modified_time\" content=\"2019-04-05T18:15:22+00:00\" \/>\n<meta property=\"og:image\" content=\"http:\/\/jkmgryf.stronazen.pl\/gryf\/wp-content\/uploads\/2018\/10\/fale_light_darker_popr2.jpg\" \/>\n\t<meta property=\"og:image:width\" content=\"1920\" \/>\n\t<meta property=\"og:image:height\" content=\"655\" \/>\n<meta name=\"twitter:card\" content=\"summary_large_image\" \/>\n<script type=\"application\/ld+json\" class=\"yoast-schema-graph\">{\"@context\":\"https:\/\/schema.org\",\"@graph\":[{\"@type\":\"WebSite\",\"@id\":\"http:\/\/jkmgryf.stronazen.pl\/gryf\/#website\",\"url\":\"http:\/\/jkmgryf.stronazen.pl\/gryf\/\",\"name\":\"JKM GRYF\",\"description\":\"\",\"potentialAction\":[{\"@type\":\"SearchAction\",\"target\":\"http:\/\/jkmgryf.stronazen.pl\/gryf\/?s={search_term_string}\",\"query-input\":\"required name=search_term_string\"}],\"inLanguage\":\"en-GB\"},{\"@type\":\"ImageObject\",\"@id\":\"http:\/\/jkmgryf.stronazen.pl\/gryf\/jachty\/opiekunowie-jachtow\/#primaryimage\",\"inLanguage\":\"en-GB\",\"url\":\"http:\/\/jkmgryf.stronazen.pl\/gryf\/wp-content\/uploads\/2018\/10\/fale_light_darker_popr2.jpg\",\"width\":1920,\"height\":655},{\"@type\":\"WebPage\",\"@id\":\"http:\/\/jkmgryf.stronazen.pl\/gryf\/jachty\/opiekunowie-jachtow\/#webpage\",\"url\":\"http:\/\/jkmgryf.stronazen.pl\/gryf\/jachty\/opiekunowie-jachtow\/\",\"name\":\"opiekunowie jacht\\u00f3w - JKM GRYF\",\"isPartOf\":{\"@id\":\"http:\/\/jkmgryf.stronazen.pl\/gryf\/#website\"},\"primaryImageOfPage\":{\"@id\":\"http:\/\/jkmgryf.stronazen.pl\/gryf\/jachty\/opiekunowie-jachtow\/#primaryimage\"},\"datePublished\":\"2018-05-15T12:53:00+00:00\",\"dateModified\":\"2019-04-05T18:15:22+00:00\",\"breadcrumb\":{\"@id\":\"http:\/\/jkmgryf.stronazen.pl\/gryf\/jachty\/opiekunowie-jachtow\/#breadcrumb\"},\"inLanguage\":\"en-GB\",\"potentialAction\":[{\"@type\":\"ReadAction\",\"target\":[\"http:\/\/jkmgryf.stronazen.pl\/gryf\/jachty\/opiekunowie-jachtow\/\"]}]},{\"@type\":\"BreadcrumbList\",\"@id\":\"http:\/\/jkmgryf.stronazen.pl\/gryf\/jachty\/opiekunowie-jachtow\/#breadcrumb\",\"itemListElement\":[{\"@type\":\"ListItem\",\"position\":1,\"item\":{\"@type\":\"WebPage\",\"@id\":\"http:\/\/jkmgryf.stronazen.pl\/gryf\/\",\"url\":\"http:\/\/jkmgryf.stronazen.pl\/gryf\/\",\"name\":\"Strona g\\u0142\\u00f3wna\"}},{\"@type\":\"ListItem\",\"position\":2,\"item\":{\"@type\":\"WebPage\",\"@id\":\"http:\/\/jkmgryf.stronazen.pl\/gryf\/jachty\/\",\"url\":\"http:\/\/jkmgryf.stronazen.pl\/gryf\/jachty\/\",\"name\":\"Jachty\"}},{\"@type\":\"ListItem\",\"position\":3,\"item\":{\"@type\":\"WebPage\",\"@id\":\"http:\/\/jkmgryf.stronazen.pl\/gryf\/jachty\/opiekunowie-jachtow\/\",\"url\":\"http:\/\/jkmgryf.stronazen.pl\/gryf\/jachty\/opiekunowie-jachtow\/\",\"name\":\"opiekunowie jacht\\u00f3w\"}}]}]}<\/script>\n<!-- \/ Yoast SEO plugin. -->","_links":{"self":[{"href":"http:\/\/jkmgryf.stronazen.pl\/gryf\/en\/wp-json\/wp\/v2\/pages\/216"}],"collection":[{"href":"http:\/\/jkmgryf.stronazen.pl\/gryf\/en\/wp-json\/wp\/v2\/pages"}],"about":[{"href":"http:\/\/jkmgryf.stronazen.pl\/gryf\/en\/wp-json\/wp\/v2\/types\/page"}],"author":[{"embeddable":true,"href":"http:\/\/jkmgryf.stronazen.pl\/gryf\/en\/wp-json\/wp\/v2\/users\/1"}],"replies":[{"embeddable":true,"href":"http:\/\/jkmgryf.stronazen.pl\/gryf\/en\/wp-json\/wp\/v2\/comments?post=216"}],"version-history":[{"count":5,"href":"http:\/\/jkmgryf.stronazen.pl\/gryf\/en\/wp-json\/wp\/v2\/pages\/216\/revisions"}],"predecessor-version":[{"id":1517,"href":"http:\/\/jkmgryf.stronazen.pl\/gryf\/en\/wp-json\/wp\/v2\/pages\/216\/revisions\/1517"}],"up":[{"embeddable":true,"href":"http:\/\/jkmgryf.stronazen.pl\/gryf\/en\/wp-json\/wp\/v2\/pages\/202"}],"wp:featuredmedia":[{"embeddable":true,"href":"http:\/\/jkmgryf.stronazen.pl\/gryf\/en\/wp-json\/wp\/v2\/media\/1655"}],"wp:attachment":[{"href":"http:\/\/jkmgryf.stronazen.pl\/gryf\/en\/wp-json\/wp\/v2\/media?parent=216"}],"curies":[{"name":"wp","href":"https:\/\/api.w.org\/{rel}","templated":true}]}}