{"id":1580,"date":"2018-09-25T20:31:37","date_gmt":"2018-09-25T18:31:37","guid":{"rendered":"http:\/\/jkmgryf.stronazen.pl\/gryf\/?page_id=1580"},"modified":"2018-10-10T21:05:35","modified_gmt":"2018-10-10T19:05:35","slug":"59-regaty-gdynia-wladyslawowo-gdynia-grupa-open","status":"publish","type":"page","link":"http:\/\/jkmgryf.stronazen.pl\/gryf\/en\/aktualnosci\/wydarzenia\/nocne-regaty-gdynia-wladyslawowo-gdynia\/59-regaty-gdynia-wladyslawowo-gdynia-grupa-open\/","title":{"rendered":"59. regaty Gdynia \u2013 W\u0142adys\u0142awowo \u2013 Gdynia \u2013 grupa OPEN"},"content":{"rendered":"<table class=\"responsive\">\n<thead>\n<tr>\n<th class=\"resultHeader\" colspan=\"100\">\n<h2>OPEN<\/h2>\n<p><b>WY\u015aCIG<\/b><\/p>\n<p>Results [10\/09\/2018 15:27:54]\n<p>Start: <b>08\/09\/2018 18:00:00<\/b><\/p>\n<p>Distance: <b>58,90<\/b> NM<\/p>\n<p>Scoring: <b>Custom ToT<\/b><\/th>\n<\/tr>\n<tr>\n<th>Overall Pos<\/th>\n<th>Yacht Name<\/th>\n<th>Sail No<\/th>\n<th>Skipper<\/th>\n<th>Club<\/th>\n<th>Finish Time<\/th>\n<\/tr>\n<\/thead>\n<tbody>\n<tr style=\"min-height: 1.5em;\">\n<td class=\"col_PosOvl\">1<\/td>\n<td class=\"col_YachtName\">GLOBE<\/td>\n<td class=\"col_SailNo\">POL 2<\/td>\n<td class=\"col_Skipper\">Zbigniew Gutkowski<\/td>\n<td class=\"col_Club\">JK Stoczni Gda\u0144skiej<\/td>\n<td class=\"col_FinishTime\">+1 07:57:21<\/td>\n<\/tr>\n<tr style=\"min-height: 1.5em;\">\n<td class=\"col_PosOvl\">2<\/td>\n<td class=\"col_YachtName\">FALCON<\/td>\n<td class=\"col_SailNo\">POL 9409<\/td>\n<td class=\"col_Skipper\">Tomasz Je\u017cak<\/td>\n<td class=\"col_Club\"><\/td>\n<td class=\"col_FinishTime\">+1 08:23:12<\/td>\n<\/tr>\n<tr style=\"min-height: 1.5em;\">\n<td class=\"col_PosOvl\">3<\/td>\n<td class=\"col_YachtName\">OILER.PL<\/td>\n<td class=\"col_SailNo\">POL 14833<\/td>\n<td class=\"col_Skipper\">Marek Wo\u0142oszyn<\/td>\n<td class=\"col_Club\"><\/td>\n<td class=\"col_FinishTime\">+1 08:38:11<\/td>\n<\/tr>\n<tr style=\"min-height: 1.5em;\">\n<td class=\"col_PosOvl\">4<\/td>\n<td class=\"col_YachtName\">DANCING QUEEN<\/td>\n<td class=\"col_SailNo\">POL 15067<\/td>\n<td class=\"col_Skipper\">Jerzy Matuszak<\/td>\n<td class=\"col_Club\"><\/td>\n<td class=\"col_FinishTime\">+1 10:16:13<\/td>\n<\/tr>\n<tr style=\"min-height: 1.5em;\">\n<td class=\"col_PosOvl\">5<\/td>\n<td class=\"col_YachtName\">TORNADO<\/td>\n<td class=\"col_SailNo\">POL 41<\/td>\n<td class=\"col_Skipper\">Andrzej Za\u0142ucki<\/td>\n<td class=\"col_Club\">JKMW KOTWICA Gdynia<\/td>\n<td class=\"col_FinishTime\">+1 10:33:02<\/td>\n<\/tr>\n<tr style=\"min-height: 1.5em;\">\n<td class=\"col_PosOvl\">6<\/td>\n<td class=\"col_YachtName\">NAUTICUS<\/td>\n<td class=\"col_SailNo\">POL 1110<\/td>\n<td class=\"col_Skipper\">Adrian Adamski<\/td>\n<td class=\"col_Club\">JKMW KOTWICA Gdynia<\/td>\n<td class=\"col_FinishTime\">+1 10:55:34<\/td>\n<\/tr>\n<tr style=\"min-height: 1.5em;\">\n<td class=\"col_PosOvl\">7<\/td>\n<td class=\"col_YachtName\">VETUS FLYING BANANA<\/td>\n<td class=\"col_SailNo\">POL 18445<\/td>\n<td class=\"col_Skipper\">Piotr Lesz<\/td>\n<td class=\"col_Club\"><\/td>\n<td class=\"col_FinishTime\">+1 11:12:50<\/td>\n<\/tr>\n<tr style=\"min-height: 1.5em;\">\n<td class=\"col_PosOvl\">8<\/td>\n<td class=\"col_YachtName\">MISTRAL III<\/td>\n<td class=\"col_SailNo\">POL882<\/td>\n<td class=\"col_Skipper\">Adam Wo\u017aniak<\/td>\n<td class=\"col_Club\">YK STAL Gdynia<\/td>\n<td class=\"col_FinishTime\">+1 11:29:38<\/td>\n<\/tr>\n<tr style=\"min-height: 1.5em;\">\n<td class=\"col_PosOvl\">9<\/td>\n<td class=\"col_YachtName\">MUSASHI M<\/td>\n<td class=\"col_SailNo\">POL 5850<\/td>\n<td class=\"col_Skipper\">Grzegorz W\u0119glewski<\/td>\n<td class=\"col_Club\">YKP Gdynia<\/td>\n<td class=\"col_FinishTime\">+1 11:54:45<\/td>\n<\/tr>\n<tr style=\"min-height: 1.5em;\">\n<td class=\"col_PosOvl\">10<\/td>\n<td class=\"col_YachtName\">FIDOO<\/td>\n<td class=\"col_SailNo\">POL 16768<\/td>\n<td class=\"col_Skipper\">Marcin Wro\u0144ski<\/td>\n<td class=\"col_Club\"><\/td>\n<td class=\"col_FinishTime\">+1 11:55:24<\/td>\n<\/tr>\n<tr style=\"min-height: 1.5em;\">\n<td class=\"col_PosOvl\">11<\/td>\n<td class=\"col_YachtName\">DIAMANT 650<\/td>\n<td class=\"col_SailNo\">POL 922<\/td>\n<td class=\"col_Skipper\">Krzysztof Ko\u0142akowski<\/td>\n<td class=\"col_Club\">K\u017b Ostr\u00f3da<\/td>\n<td class=\"col_FinishTime\">+1 12:04:48<\/td>\n<\/tr>\n<tr style=\"min-height: 1.5em;\">\n<td class=\"col_PosOvl\">12<\/td>\n<td class=\"col_YachtName\">SAILFISHER<\/td>\n<td class=\"col_SailNo\">POL 101<\/td>\n<td class=\"col_Skipper\">Robert Studzi\u0144ski<\/td>\n<td class=\"col_Club\">IRS Sailing Team<\/td>\n<td class=\"col_FinishTime\">+1 13:22:03<\/td>\n<\/tr>\n<tr style=\"min-height: 1.5em;\">\n<td class=\"col_PosOvl\">13<\/td>\n<td class=\"col_YachtName\">OCEAN 650<\/td>\n<td class=\"col_SailNo\">POL 790<\/td>\n<td class=\"col_Skipper\">Maciej Krzesi\u0144ski<\/td>\n<td class=\"col_Club\">YKP Gdynia<\/td>\n<td class=\"col_FinishTime\">+1 15:01:30<\/td>\n<\/tr>\n<tr style=\"min-height: 1.5em;\">\n<td class=\"col_PosOvl\">14<\/td>\n<td class=\"col_YachtName\">DELIVER<\/td>\n<td class=\"col_SailNo\">POL 2775<\/td>\n<td class=\"col_Skipper\">Micha\u0142 Chalstra<\/td>\n<td class=\"col_Club\"><\/td>\n<td class=\"col_FinishTime\">+1 16:40:16<\/td>\n<\/tr>\n<tr style=\"min-height: 1.5em;\">\n<td class=\"col_PosOvl\">15<\/td>\n<td class=\"col_YachtName\">ALLIE<\/td>\n<td class=\"col_SailNo\">POL 16592<\/td>\n<td class=\"col_Skipper\">Leopold Naskr\u0119t<\/td>\n<td class=\"col_Club\">JM RODA<\/td>\n<td class=\"col_FinishTime\">+1 18:25:00<\/td>\n<\/tr>\n<tr style=\"min-height: 1.5em;\">\n<td class=\"col_PosOvl\">16<\/td>\n<td class=\"col_YachtName\">SAGITTA MINIMA<\/td>\n<td class=\"col_SailNo\">BN<\/td>\n<td class=\"col_Skipper\">Mi\u0142osz Marciniak<\/td>\n<td class=\"col_Club\">JKM<\/td>\n<td class=\"col_FinishTime\">DNC<\/td>\n<\/tr>\n<tr style=\"min-height: 1.5em;\">\n<td class=\"col_PosOvl\">16<\/td>\n<td class=\"col_YachtName\">MIRRABOOKA<\/td>\n<td class=\"col_SailNo\">POL 13467<\/td>\n<td class=\"col_Skipper\">Stanis\u0142aw Liszka<\/td>\n<td class=\"col_Club\">Jach Klub P\u00f3\u0142nocny<\/td>\n<td class=\"col_FinishTime\">DNC<\/td>\n<\/tr>\n<\/tbody>\n<\/table>\n<div class=\"su-spacer\" style=\"height:40px\"><\/div>\n<div class=\"su-button-center\"><a href=\"http:\/\/jkmgryf.stronazen.pl\/gryf\/en\/aktualnosci\/wydarzenia\/nocne-regaty-gdynia-wladyslawowo-gdynia\/\" class=\"su-button su-button-style-flat\" style=\"color:#FFFFFF;background-color:#109fd3 ;border-color:#109fd3 ;border-radius:0px;-moz-border-radius:0px;-webkit-border-radius:0px\" target=\"_self\"><span style=\"color:#FFFFFF;padding:0px 22px;font-size:17px;line-height:34px;border-color:#109fd3 ;border-radius:0px;-moz-border-radius:0px;-webkit-border-radius:0px;text-shadow:0px 0px 0px #ffffff;-moz-text-shadow:0px 0px 0px #ffffff;-webkit-text-shadow:0px 0px 0px #ffffff\"> back<\/span><\/a><\/div>","protected":false},"excerpt":{"rendered":"<p>OPEN WY\u015aCIG Results [10\/09\/2018 15:27:54] Start: 08\/09\/2018 18:00:00 Distance: 58,90 NM Scoring: Custom ToT Overall Pos Yacht Name Sail No Skipper Club Finish Time 1 GLOBE POL 2 Zbigniew Gutkowski JK Stoczni Gda\u0144skiej +1 07:57:21 2 FALCON POL 9409 Tomasz Je\u017cak +1 08:23:12 3 OILER.PL POL 14833 Marek Wo\u0142oszyn +1 08:38:11 4 DANCING QUEEN POL<br \/><a class=\"moretag\" href=\"http:\/\/jkmgryf.stronazen.pl\/gryf\/en\/aktualnosci\/wydarzenia\/nocne-regaty-gdynia-wladyslawowo-gdynia\/59-regaty-gdynia-wladyslawowo-gdynia-grupa-open\/\">+ Read More<\/a><\/p>","protected":false},"author":1,"featured_media":1662,"parent":931,"menu_order":0,"comment_status":"closed","ping_status":"closed","template":"templates\/page-fullwidth_template.php","meta":[],"yoast_head":"<!-- This site is optimized with the Yoast SEO plugin v15.9.2 - https:\/\/yoast.com\/wordpress\/plugins\/seo\/ -->\n<title>59. regaty Gdynia \u2013 W\u0142adys\u0142awowo \u2013 Gdynia \u2013 grupa OPEN - JKM GRYF<\/title>\n<link rel=\"canonical\" href=\"http:\/\/jkmgryf.stronazen.pl\/gryf\/en\/aktualnosci\/wydarzenia\/nocne-regaty-gdynia-wladyslawowo-gdynia\/59-regaty-gdynia-wladyslawowo-gdynia-grupa-open\/\" \/>\n<meta property=\"og:locale\" content=\"en_GB\" \/>\n<meta property=\"og:type\" content=\"article\" \/>\n<meta property=\"og:title\" content=\"59. regaty Gdynia \u2013 W\u0142adys\u0142awowo \u2013 Gdynia \u2013 grupa OPEN - JKM GRYF\" \/>\n<meta property=\"og:description\" content=\"OPEN WY\u015aCIG Results [10\/09\/2018 15:27:54] Start: 08\/09\/2018 18:00:00 Distance: 58,90 NM Scoring: Custom ToT Overall Pos Yacht Name Sail No Skipper Club Finish Time 1 GLOBE POL 2 Zbigniew Gutkowski JK Stoczni Gda\u0144skiej +1 07:57:21 2 FALCON POL 9409 Tomasz Je\u017cak +1 08:23:12 3 OILER.PL POL 14833 Marek Wo\u0142oszyn +1 08:38:11 4 DANCING QUEEN POL+ Read More\" \/>\n<meta property=\"og:url\" content=\"http:\/\/jkmgryf.stronazen.pl\/gryf\/en\/aktualnosci\/wydarzenia\/nocne-regaty-gdynia-wladyslawowo-gdynia\/59-regaty-gdynia-wladyslawowo-gdynia-grupa-open\/\" \/>\n<meta property=\"og:site_name\" content=\"JKM GRYF\" \/>\n<meta property=\"article:modified_time\" content=\"2018-10-10T19:05:35+00:00\" \/>\n<meta property=\"og:image\" content=\"http:\/\/jkmgryf.stronazen.pl\/gryf\/wp-content\/uploads\/2018\/10\/regaty_1903x309p2.jpg\" \/>\n\t<meta property=\"og:image:width\" content=\"1903\" \/>\n\t<meta property=\"og:image:height\" content=\"309\" \/>\n<meta name=\"twitter:card\" content=\"summary_large_image\" \/>\n<meta name=\"twitter:label1\" content=\"Estimated reading time\">\n\t<meta name=\"twitter:data1\" content=\"1 minute\">\n<script type=\"application\/ld+json\" class=\"yoast-schema-graph\">{\"@context\":\"https:\/\/schema.org\",\"@graph\":[{\"@type\":\"WebSite\",\"@id\":\"http:\/\/jkmgryf.stronazen.pl\/gryf\/#website\",\"url\":\"http:\/\/jkmgryf.stronazen.pl\/gryf\/\",\"name\":\"JKM GRYF\",\"description\":\"\",\"potentialAction\":[{\"@type\":\"SearchAction\",\"target\":\"http:\/\/jkmgryf.stronazen.pl\/gryf\/?s={search_term_string}\",\"query-input\":\"required name=search_term_string\"}],\"inLanguage\":\"en-GB\"},{\"@type\":\"ImageObject\",\"@id\":\"http:\/\/jkmgryf.stronazen.pl\/gryf\/aktualnosci\/wydarzenia\/nocne-regaty-gdynia-wladyslawowo-gdynia\/59-regaty-gdynia-wladyslawowo-gdynia-grupa-open\/#primaryimage\",\"inLanguage\":\"en-GB\",\"url\":\"http:\/\/jkmgryf.stronazen.pl\/gryf\/wp-content\/uploads\/2018\/10\/regaty_1903x309p2.jpg\",\"width\":1903,\"height\":309},{\"@type\":\"WebPage\",\"@id\":\"http:\/\/jkmgryf.stronazen.pl\/gryf\/aktualnosci\/wydarzenia\/nocne-regaty-gdynia-wladyslawowo-gdynia\/59-regaty-gdynia-wladyslawowo-gdynia-grupa-open\/#webpage\",\"url\":\"http:\/\/jkmgryf.stronazen.pl\/gryf\/aktualnosci\/wydarzenia\/nocne-regaty-gdynia-wladyslawowo-gdynia\/59-regaty-gdynia-wladyslawowo-gdynia-grupa-open\/\",\"name\":\"59. regaty Gdynia \\u2013 W\\u0142adys\\u0142awowo \\u2013 Gdynia \\u2013 grupa OPEN - JKM GRYF\",\"isPartOf\":{\"@id\":\"http:\/\/jkmgryf.stronazen.pl\/gryf\/#website\"},\"primaryImageOfPage\":{\"@id\":\"http:\/\/jkmgryf.stronazen.pl\/gryf\/aktualnosci\/wydarzenia\/nocne-regaty-gdynia-wladyslawowo-gdynia\/59-regaty-gdynia-wladyslawowo-gdynia-grupa-open\/#primaryimage\"},\"datePublished\":\"2018-09-25T18:31:37+00:00\",\"dateModified\":\"2018-10-10T19:05:35+00:00\",\"breadcrumb\":{\"@id\":\"http:\/\/jkmgryf.stronazen.pl\/gryf\/aktualnosci\/wydarzenia\/nocne-regaty-gdynia-wladyslawowo-gdynia\/59-regaty-gdynia-wladyslawowo-gdynia-grupa-open\/#breadcrumb\"},\"inLanguage\":\"en-GB\",\"potentialAction\":[{\"@type\":\"ReadAction\",\"target\":[\"http:\/\/jkmgryf.stronazen.pl\/gryf\/aktualnosci\/wydarzenia\/nocne-regaty-gdynia-wladyslawowo-gdynia\/59-regaty-gdynia-wladyslawowo-gdynia-grupa-open\/\"]}]},{\"@type\":\"BreadcrumbList\",\"@id\":\"http:\/\/jkmgryf.stronazen.pl\/gryf\/aktualnosci\/wydarzenia\/nocne-regaty-gdynia-wladyslawowo-gdynia\/59-regaty-gdynia-wladyslawowo-gdynia-grupa-open\/#breadcrumb\",\"itemListElement\":[{\"@type\":\"ListItem\",\"position\":1,\"item\":{\"@type\":\"WebPage\",\"@id\":\"http:\/\/jkmgryf.stronazen.pl\/gryf\/\",\"url\":\"http:\/\/jkmgryf.stronazen.pl\/gryf\/\",\"name\":\"Strona g\\u0142\\u00f3wna\"}},{\"@type\":\"ListItem\",\"position\":2,\"item\":{\"@type\":\"WebPage\",\"@id\":\"http:\/\/jkmgryf.stronazen.pl\/gryf\/aktualnosci\/\",\"url\":\"http:\/\/jkmgryf.stronazen.pl\/gryf\/aktualnosci\/\",\"name\":\"Aktualno\\u015bci\"}},{\"@type\":\"ListItem\",\"position\":3,\"item\":{\"@type\":\"WebPage\",\"@id\":\"http:\/\/jkmgryf.stronazen.pl\/gryf\/aktualnosci\/wydarzenia\/\",\"url\":\"http:\/\/jkmgryf.stronazen.pl\/gryf\/aktualnosci\/wydarzenia\/\",\"name\":\"wydarzenia\"}},{\"@type\":\"ListItem\",\"position\":4,\"item\":{\"@type\":\"WebPage\",\"@id\":\"http:\/\/jkmgryf.stronazen.pl\/gryf\/aktualnosci\/wydarzenia\/nocne-regaty-gdynia-wladyslawowo-gdynia\/\",\"url\":\"http:\/\/jkmgryf.stronazen.pl\/gryf\/aktualnosci\/wydarzenia\/nocne-regaty-gdynia-wladyslawowo-gdynia\/\",\"name\":\"59. nocne regaty Gdynia &#8211; W\\u0142adys\\u0142awowo &#8211; Gdynia 2018\"}},{\"@type\":\"ListItem\",\"position\":5,\"item\":{\"@type\":\"WebPage\",\"@id\":\"http:\/\/jkmgryf.stronazen.pl\/gryf\/aktualnosci\/wydarzenia\/nocne-regaty-gdynia-wladyslawowo-gdynia\/59-regaty-gdynia-wladyslawowo-gdynia-grupa-open\/\",\"url\":\"http:\/\/jkmgryf.stronazen.pl\/gryf\/aktualnosci\/wydarzenia\/nocne-regaty-gdynia-wladyslawowo-gdynia\/59-regaty-gdynia-wladyslawowo-gdynia-grupa-open\/\",\"name\":\"59. regaty Gdynia \\u2013 W\\u0142adys\\u0142awowo \\u2013 Gdynia \\u2013 grupa OPEN\"}}]}]}<\/script>\n<!-- \/ Yoast SEO plugin. -->","_links":{"self":[{"href":"http:\/\/jkmgryf.stronazen.pl\/gryf\/en\/wp-json\/wp\/v2\/pages\/1580"}],"collection":[{"href":"http:\/\/jkmgryf.stronazen.pl\/gryf\/en\/wp-json\/wp\/v2\/pages"}],"about":[{"href":"http:\/\/jkmgryf.stronazen.pl\/gryf\/en\/wp-json\/wp\/v2\/types\/page"}],"author":[{"embeddable":true,"href":"http:\/\/jkmgryf.stronazen.pl\/gryf\/en\/wp-json\/wp\/v2\/users\/1"}],"replies":[{"embeddable":true,"href":"http:\/\/jkmgryf.stronazen.pl\/gryf\/en\/wp-json\/wp\/v2\/comments?post=1580"}],"version-history":[{"count":4,"href":"http:\/\/jkmgryf.stronazen.pl\/gryf\/en\/wp-json\/wp\/v2\/pages\/1580\/revisions"}],"predecessor-version":[{"id":1675,"href":"http:\/\/jkmgryf.stronazen.pl\/gryf\/en\/wp-json\/wp\/v2\/pages\/1580\/revisions\/1675"}],"up":[{"embeddable":true,"href":"http:\/\/jkmgryf.stronazen.pl\/gryf\/en\/wp-json\/wp\/v2\/pages\/931"}],"wp:featuredmedia":[{"embeddable":true,"href":"http:\/\/jkmgryf.stronazen.pl\/gryf\/en\/wp-json\/wp\/v2\/media\/1662"}],"wp:attachment":[{"href":"http:\/\/jkmgryf.stronazen.pl\/gryf\/en\/wp-json\/wp\/v2\/media?parent=1580"}],"curies":[{"name":"wp","href":"https:\/\/api.w.org\/{rel}","templated":true}]}}