{"id":1571,"date":"2018-09-25T20:23:48","date_gmt":"2018-09-25T18:23:48","guid":{"rendered":"http:\/\/jkmgryf.stronazen.pl\/gryf\/?page_id=1571"},"modified":"2018-10-10T21:00:36","modified_gmt":"2018-10-10T19:00:36","slug":"59-regaty-gdynia-wladyslawowo-gdynia-orc2","status":"publish","type":"page","link":"http:\/\/jkmgryf.stronazen.pl\/gryf\/en\/aktualnosci\/wydarzenia\/nocne-regaty-gdynia-wladyslawowo-gdynia\/59-regaty-gdynia-wladyslawowo-gdynia-orc2\/","title":{"rendered":"59. regaty Gdynia &#8211; W\u0142adys\u0142awowo &#8211; Gdynia &#8211; grupa ORC2"},"content":{"rendered":"<table class=\"responsive\">\n<thead>\n<tr>\n<th class=\"resultHeader\" colspan=\"100\">\n<h2>ORC 2<\/h2>\n<p><b>WY\u015aCIG<\/b><\/p>\n<p>Results [09\/09\/2018 21:42:30]\n<p>Start: <b>08\/09\/2018 18:10:00<\/b><\/p>\n<p>Distance: <b>58,90<\/b> NM<\/p>\n<p>Scoring: <b>PCS &#8211; Ocean Course<\/b><\/th>\n<\/tr>\n<tr>\n<th>Overall Pos<\/th>\n<th>Yacht Name<\/th>\n<th>Sail No<\/th>\n<th>Type<\/th>\n<th>Skipper<\/th>\n<th>Club<\/th>\n<th>Finish Time<\/th>\n<th>Elapsed<\/th>\n<th>Corrected<\/th>\n<\/tr>\n<\/thead>\n<tbody>\n<tr style=\"min-height: 1.5em;\">\n<td class=\"col_PosOvl\">1<\/td>\n<td class=\"col_YachtName\">ATLANTIC PUFFIN<\/td>\n<td class=\"col_SailNo\">POL 14085<\/td>\n<td class=\"col_YClass\">MAXUS 22<\/td>\n<td class=\"col_Skipper\">Szymon Kuczy\u0144ski<\/td>\n<td class=\"col_Club\">JK Kamie\u0144 Pomorski<\/td>\n<td class=\"col_FinishTime\">+1 12:22:24<\/td>\n<td class=\"col_ElapsedSecs\">18:12:24<\/td>\n<td class=\"col_CorrDelay\">00:00:00<\/td>\n<\/tr>\n<tr style=\"min-height: 1.5em;\">\n<td class=\"col_PosOvl\">2<\/td>\n<td class=\"col_YachtName\">BUSY LIZZY<\/td>\n<td class=\"col_SailNo\">POL 15946<\/td>\n<td class=\"col_YClass\">FAURBY 999<\/td>\n<td class=\"col_Skipper\">Jakub Marja\u0144ski<\/td>\n<td class=\"col_Club\">AKM Gda\u0144sk<\/td>\n<td class=\"col_FinishTime\">+1 10:37:12<\/td>\n<td class=\"col_ElapsedSecs\">16:27:12<\/td>\n<td class=\"col_CorrDelay\">00:40:00<\/td>\n<\/tr>\n<tr style=\"min-height: 1.5em;\">\n<td class=\"col_PosOvl\">3<\/td>\n<td class=\"col_YachtName\">CZARODZIEJKA<\/td>\n<td class=\"col_SailNo\">POL 9658<\/td>\n<td class=\"col_YClass\">GRANADA 27<\/td>\n<td class=\"col_Skipper\">Tomasz Konnak<\/td>\n<td class=\"col_Club\">JKM GRYF Gdynia<\/td>\n<td class=\"col_FinishTime\">+1 11:13:50<\/td>\n<td class=\"col_ElapsedSecs\">17:03:50<\/td>\n<td class=\"col_CorrDelay\">00:41:16<\/td>\n<\/tr>\n<tr style=\"min-height: 1.5em;\">\n<td class=\"col_PosOvl\">4<\/td>\n<td class=\"col_YachtName\">ZEFIREK<\/td>\n<td class=\"col_SailNo\">POL 178<\/td>\n<td class=\"col_YClass\">Conrad 24<\/td>\n<td class=\"col_Skipper\">Stanis\u0142aw Bajerski<\/td>\n<td class=\"col_Club\">JKM GRYF Gdynia<\/td>\n<td class=\"col_FinishTime\">+1 12:28:46<\/td>\n<td class=\"col_ElapsedSecs\">18:18:46<\/td>\n<td class=\"col_CorrDelay\">00:42:31<\/td>\n<\/tr>\n<tr style=\"min-height: 1.5em;\">\n<td class=\"col_PosOvl\">5<\/td>\n<td class=\"col_YachtName\">ZORBA<\/td>\n<td class=\"col_SailNo\">POL 1254<\/td>\n<td class=\"col_YClass\">Conrad 760R<\/td>\n<td class=\"col_Skipper\">Mieczys\u0142aw Trzpis<\/td>\n<td class=\"col_Club\">JK Stoczni Gda\u0144skiej<\/td>\n<td class=\"col_FinishTime\">+1 12:27:27<\/td>\n<td class=\"col_ElapsedSecs\">18:17:27<\/td>\n<td class=\"col_CorrDelay\">00:44:08<\/td>\n<\/tr>\n<tr style=\"min-height: 1.5em;\">\n<td class=\"col_PosOvl\">6<\/td>\n<td class=\"col_YachtName\">SEA BEE<\/td>\n<td class=\"col_SailNo\">POL 9067<\/td>\n<td class=\"col_YClass\"><\/td>\n<td class=\"col_Skipper\">Jan Kozarzewski<\/td>\n<td class=\"col_Club\">AZS Gda\u0144sk<\/td>\n<td class=\"col_FinishTime\">+1 13:10:17<\/td>\n<td class=\"col_ElapsedSecs\">19:00:17<\/td>\n<td class=\"col_CorrDelay\">01:27:18<\/td>\n<\/tr>\n<tr style=\"min-height: 1.5em;\">\n<td class=\"col_PosOvl\">7<\/td>\n<td class=\"col_YachtName\">AQUILA<\/td>\n<td class=\"col_SailNo\">POL 314<\/td>\n<td class=\"col_YClass\">none<\/td>\n<td class=\"col_Skipper\">Czes\u0142aw Perlicki<\/td>\n<td class=\"col_Club\">YKP Gdynia<\/td>\n<td class=\"col_FinishTime\">+1 11:17:25<\/td>\n<td class=\"col_ElapsedSecs\">17:07:25<\/td>\n<td class=\"col_CorrDelay\">01:31:32<\/td>\n<\/tr>\n<tr style=\"min-height: 1.5em;\">\n<td class=\"col_PosOvl\">8<\/td>\n<td class=\"col_YachtName\">ARIETIS<\/td>\n<td class=\"col_SailNo\">POL 2203<\/td>\n<td class=\"col_YClass\">Carter 30<\/td>\n<td class=\"col_Skipper\">\u0141ukasz Wasielewski<\/td>\n<td class=\"col_Club\"><\/td>\n<td class=\"col_FinishTime\">+1 12:25:04<\/td>\n<td class=\"col_ElapsedSecs\">18:15:04<\/td>\n<td class=\"col_CorrDelay\">01:35:22<\/td>\n<\/tr>\n<tr style=\"min-height: 1.5em;\">\n<td class=\"col_PosOvl\">9<\/td>\n<td class=\"col_YachtName\">ALBATROS<\/td>\n<td class=\"col_SailNo\">POL 2410<\/td>\n<td class=\"col_YClass\">Carter30<\/td>\n<td class=\"col_Skipper\">Szymon Zawodny<\/td>\n<td class=\"col_Club\">JKM GRYF Gdynia<\/td>\n<td class=\"col_FinishTime\">+1 12:43:44<\/td>\n<td class=\"col_ElapsedSecs\">18:33:44<\/td>\n<td class=\"col_CorrDelay\">02:11:55<\/td>\n<\/tr>\n<tr style=\"min-height: 1.5em;\">\n<td class=\"col_PosOvl\">10<\/td>\n<td class=\"col_YachtName\">MIRABELLE<\/td>\n<td class=\"col_SailNo\">POL 192<\/td>\n<td class=\"col_YClass\">Albin Ballad<\/td>\n<td class=\"col_Skipper\">Robert Napi\u00f3rkowski<\/td>\n<td class=\"col_Club\">AKM Gda\u0144sk<\/td>\n<td class=\"col_FinishTime\">DNF<\/td>\n<td class=\"col_ElapsedSecs\"><\/td>\n<td class=\"col_CorrDelay\"><\/td>\n<\/tr>\n<tr style=\"min-height: 1.5em;\">\n<td class=\"col_PosOvl\">10<\/td>\n<td class=\"col_YachtName\">RESUMEE<\/td>\n<td class=\"col_SailNo\">POL 6112<\/td>\n<td class=\"col_YClass\">Clipper 2000<\/td>\n<td class=\"col_Skipper\">Andrzej Kruszczy\u0144ski<\/td>\n<td class=\"col_Club\"><\/td>\n<td class=\"col_FinishTime\">DNC<\/td>\n<td class=\"col_ElapsedSecs\"><\/td>\n<td class=\"col_CorrDelay\"><\/td>\n<\/tr>\n<\/tbody>\n<\/table>\n<div class=\"su-spacer\" style=\"height:40px\"><\/div>\n<div class=\"su-button-center\"><a href=\"http:\/\/jkmgryf.stronazen.pl\/gryf\/en\/aktualnosci\/wydarzenia\/nocne-regaty-gdynia-wladyslawowo-gdynia\/\" class=\"su-button su-button-style-flat\" style=\"color:#FFFFFF;background-color:#109fd3 ;border-color:#109fd3 ;border-radius:0px;-moz-border-radius:0px;-webkit-border-radius:0px\" target=\"_self\"><span style=\"color:#FFFFFF;padding:0px 22px;font-size:17px;line-height:34px;border-color:#109fd3 ;border-radius:0px;-moz-border-radius:0px;-webkit-border-radius:0px;text-shadow:0px 0px 0px #ffffff;-moz-text-shadow:0px 0px 0px #ffffff;-webkit-text-shadow:0px 0px 0px #ffffff\"> back<\/span><\/a><\/div>","protected":false},"excerpt":{"rendered":"<p>ORC 2 WY\u015aCIG Results [09\/09\/2018 21:42:30] Start: 08\/09\/2018 18:10:00 Distance: 58,90 NM Scoring: PCS &#8211; Ocean Course Overall Pos Yacht Name Sail No Type Skipper Club Finish Time Elapsed Corrected 1 ATLANTIC PUFFIN POL 14085 MAXUS 22 Szymon Kuczy\u0144ski JK Kamie\u0144 Pomorski +1 12:22:24 18:12:24 00:00:00 2 BUSY LIZZY POL 15946 FAURBY 999 Jakub Marja\u0144ski<br \/><a class=\"moretag\" href=\"http:\/\/jkmgryf.stronazen.pl\/gryf\/en\/aktualnosci\/wydarzenia\/nocne-regaty-gdynia-wladyslawowo-gdynia\/59-regaty-gdynia-wladyslawowo-gdynia-orc2\/\">+ Read More<\/a><\/p>","protected":false},"author":1,"featured_media":1662,"parent":931,"menu_order":0,"comment_status":"closed","ping_status":"closed","template":"templates\/page-fullwidth_template.php","meta":[],"yoast_head":"<!-- This site is optimized with the Yoast SEO plugin v15.9.2 - https:\/\/yoast.com\/wordpress\/plugins\/seo\/ -->\n<title>59. regaty Gdynia - W\u0142adys\u0142awowo - Gdynia - grupa ORC2 - JKM GRYF<\/title>\n<link rel=\"canonical\" href=\"http:\/\/jkmgryf.stronazen.pl\/gryf\/en\/aktualnosci\/wydarzenia\/nocne-regaty-gdynia-wladyslawowo-gdynia\/59-regaty-gdynia-wladyslawowo-gdynia-orc2\/\" \/>\n<meta property=\"og:locale\" content=\"en_GB\" \/>\n<meta property=\"og:type\" content=\"article\" \/>\n<meta property=\"og:title\" content=\"59. regaty Gdynia - W\u0142adys\u0142awowo - Gdynia - grupa ORC2 - JKM GRYF\" \/>\n<meta property=\"og:description\" content=\"ORC 2 WY\u015aCIG Results [09\/09\/2018 21:42:30] Start: 08\/09\/2018 18:10:00 Distance: 58,90 NM Scoring: PCS &#8211; Ocean Course Overall Pos Yacht Name Sail No Type Skipper Club Finish Time Elapsed Corrected 1 ATLANTIC PUFFIN POL 14085 MAXUS 22 Szymon Kuczy\u0144ski JK Kamie\u0144 Pomorski +1 12:22:24 18:12:24 00:00:00 2 BUSY LIZZY POL 15946 FAURBY 999 Jakub Marja\u0144ski+ Read More\" \/>\n<meta property=\"og:url\" content=\"http:\/\/jkmgryf.stronazen.pl\/gryf\/en\/aktualnosci\/wydarzenia\/nocne-regaty-gdynia-wladyslawowo-gdynia\/59-regaty-gdynia-wladyslawowo-gdynia-orc2\/\" \/>\n<meta property=\"og:site_name\" content=\"JKM GRYF\" \/>\n<meta property=\"article:modified_time\" content=\"2018-10-10T19:00:36+00:00\" \/>\n<meta property=\"og:image\" content=\"http:\/\/jkmgryf.stronazen.pl\/gryf\/wp-content\/uploads\/2018\/10\/regaty_1903x309p2.jpg\" \/>\n\t<meta property=\"og:image:width\" content=\"1903\" \/>\n\t<meta property=\"og:image:height\" content=\"309\" \/>\n<meta name=\"twitter:card\" content=\"summary_large_image\" \/>\n<meta name=\"twitter:label1\" content=\"Estimated reading time\">\n\t<meta name=\"twitter:data1\" content=\"1 minute\">\n<script type=\"application\/ld+json\" class=\"yoast-schema-graph\">{\"@context\":\"https:\/\/schema.org\",\"@graph\":[{\"@type\":\"WebSite\",\"@id\":\"http:\/\/jkmgryf.stronazen.pl\/gryf\/#website\",\"url\":\"http:\/\/jkmgryf.stronazen.pl\/gryf\/\",\"name\":\"JKM GRYF\",\"description\":\"\",\"potentialAction\":[{\"@type\":\"SearchAction\",\"target\":\"http:\/\/jkmgryf.stronazen.pl\/gryf\/?s={search_term_string}\",\"query-input\":\"required name=search_term_string\"}],\"inLanguage\":\"en-GB\"},{\"@type\":\"ImageObject\",\"@id\":\"http:\/\/jkmgryf.stronazen.pl\/gryf\/aktualnosci\/wydarzenia\/nocne-regaty-gdynia-wladyslawowo-gdynia\/59-regaty-gdynia-wladyslawowo-gdynia-orc2\/#primaryimage\",\"inLanguage\":\"en-GB\",\"url\":\"http:\/\/jkmgryf.stronazen.pl\/gryf\/wp-content\/uploads\/2018\/10\/regaty_1903x309p2.jpg\",\"width\":1903,\"height\":309},{\"@type\":\"WebPage\",\"@id\":\"http:\/\/jkmgryf.stronazen.pl\/gryf\/aktualnosci\/wydarzenia\/nocne-regaty-gdynia-wladyslawowo-gdynia\/59-regaty-gdynia-wladyslawowo-gdynia-orc2\/#webpage\",\"url\":\"http:\/\/jkmgryf.stronazen.pl\/gryf\/aktualnosci\/wydarzenia\/nocne-regaty-gdynia-wladyslawowo-gdynia\/59-regaty-gdynia-wladyslawowo-gdynia-orc2\/\",\"name\":\"59. regaty Gdynia - W\\u0142adys\\u0142awowo - Gdynia - grupa ORC2 - JKM GRYF\",\"isPartOf\":{\"@id\":\"http:\/\/jkmgryf.stronazen.pl\/gryf\/#website\"},\"primaryImageOfPage\":{\"@id\":\"http:\/\/jkmgryf.stronazen.pl\/gryf\/aktualnosci\/wydarzenia\/nocne-regaty-gdynia-wladyslawowo-gdynia\/59-regaty-gdynia-wladyslawowo-gdynia-orc2\/#primaryimage\"},\"datePublished\":\"2018-09-25T18:23:48+00:00\",\"dateModified\":\"2018-10-10T19:00:36+00:00\",\"breadcrumb\":{\"@id\":\"http:\/\/jkmgryf.stronazen.pl\/gryf\/aktualnosci\/wydarzenia\/nocne-regaty-gdynia-wladyslawowo-gdynia\/59-regaty-gdynia-wladyslawowo-gdynia-orc2\/#breadcrumb\"},\"inLanguage\":\"en-GB\",\"potentialAction\":[{\"@type\":\"ReadAction\",\"target\":[\"http:\/\/jkmgryf.stronazen.pl\/gryf\/aktualnosci\/wydarzenia\/nocne-regaty-gdynia-wladyslawowo-gdynia\/59-regaty-gdynia-wladyslawowo-gdynia-orc2\/\"]}]},{\"@type\":\"BreadcrumbList\",\"@id\":\"http:\/\/jkmgryf.stronazen.pl\/gryf\/aktualnosci\/wydarzenia\/nocne-regaty-gdynia-wladyslawowo-gdynia\/59-regaty-gdynia-wladyslawowo-gdynia-orc2\/#breadcrumb\",\"itemListElement\":[{\"@type\":\"ListItem\",\"position\":1,\"item\":{\"@type\":\"WebPage\",\"@id\":\"http:\/\/jkmgryf.stronazen.pl\/gryf\/\",\"url\":\"http:\/\/jkmgryf.stronazen.pl\/gryf\/\",\"name\":\"Strona g\\u0142\\u00f3wna\"}},{\"@type\":\"ListItem\",\"position\":2,\"item\":{\"@type\":\"WebPage\",\"@id\":\"http:\/\/jkmgryf.stronazen.pl\/gryf\/aktualnosci\/\",\"url\":\"http:\/\/jkmgryf.stronazen.pl\/gryf\/aktualnosci\/\",\"name\":\"Aktualno\\u015bci\"}},{\"@type\":\"ListItem\",\"position\":3,\"item\":{\"@type\":\"WebPage\",\"@id\":\"http:\/\/jkmgryf.stronazen.pl\/gryf\/aktualnosci\/wydarzenia\/\",\"url\":\"http:\/\/jkmgryf.stronazen.pl\/gryf\/aktualnosci\/wydarzenia\/\",\"name\":\"wydarzenia\"}},{\"@type\":\"ListItem\",\"position\":4,\"item\":{\"@type\":\"WebPage\",\"@id\":\"http:\/\/jkmgryf.stronazen.pl\/gryf\/aktualnosci\/wydarzenia\/nocne-regaty-gdynia-wladyslawowo-gdynia\/\",\"url\":\"http:\/\/jkmgryf.stronazen.pl\/gryf\/aktualnosci\/wydarzenia\/nocne-regaty-gdynia-wladyslawowo-gdynia\/\",\"name\":\"59. nocne regaty Gdynia &#8211; W\\u0142adys\\u0142awowo &#8211; Gdynia 2018\"}},{\"@type\":\"ListItem\",\"position\":5,\"item\":{\"@type\":\"WebPage\",\"@id\":\"http:\/\/jkmgryf.stronazen.pl\/gryf\/aktualnosci\/wydarzenia\/nocne-regaty-gdynia-wladyslawowo-gdynia\/59-regaty-gdynia-wladyslawowo-gdynia-orc2\/\",\"url\":\"http:\/\/jkmgryf.stronazen.pl\/gryf\/aktualnosci\/wydarzenia\/nocne-regaty-gdynia-wladyslawowo-gdynia\/59-regaty-gdynia-wladyslawowo-gdynia-orc2\/\",\"name\":\"59. regaty Gdynia &#8211; W\\u0142adys\\u0142awowo &#8211; Gdynia &#8211; grupa ORC2\"}}]}]}<\/script>\n<!-- \/ Yoast SEO plugin. -->","_links":{"self":[{"href":"http:\/\/jkmgryf.stronazen.pl\/gryf\/en\/wp-json\/wp\/v2\/pages\/1571"}],"collection":[{"href":"http:\/\/jkmgryf.stronazen.pl\/gryf\/en\/wp-json\/wp\/v2\/pages"}],"about":[{"href":"http:\/\/jkmgryf.stronazen.pl\/gryf\/en\/wp-json\/wp\/v2\/types\/page"}],"author":[{"embeddable":true,"href":"http:\/\/jkmgryf.stronazen.pl\/gryf\/en\/wp-json\/wp\/v2\/users\/1"}],"replies":[{"embeddable":true,"href":"http:\/\/jkmgryf.stronazen.pl\/gryf\/en\/wp-json\/wp\/v2\/comments?post=1571"}],"version-history":[{"count":5,"href":"http:\/\/jkmgryf.stronazen.pl\/gryf\/en\/wp-json\/wp\/v2\/pages\/1571\/revisions"}],"predecessor-version":[{"id":1666,"href":"http:\/\/jkmgryf.stronazen.pl\/gryf\/en\/wp-json\/wp\/v2\/pages\/1571\/revisions\/1666"}],"up":[{"embeddable":true,"href":"http:\/\/jkmgryf.stronazen.pl\/gryf\/en\/wp-json\/wp\/v2\/pages\/931"}],"wp:featuredmedia":[{"embeddable":true,"href":"http:\/\/jkmgryf.stronazen.pl\/gryf\/en\/wp-json\/wp\/v2\/media\/1662"}],"wp:attachment":[{"href":"http:\/\/jkmgryf.stronazen.pl\/gryf\/en\/wp-json\/wp\/v2\/media?parent=1571"}],"curies":[{"name":"wp","href":"https:\/\/api.w.org\/{rel}","templated":true}]}}